{"id":2876,"date":"2014-03-27T21:33:29","date_gmt":"2014-03-27T21:33:29","guid":{"rendered":"http:\/\/www.emperortech.us\/?page_id=2876"},"modified":"2014-05-13T09:51:26","modified_gmt":"2014-05-13T09:51:26","slug":"download-drivers","status":"publish","type":"page","link":"https:\/\/emperortech.us\/es\/support\/download-drivers\/","title":{"rendered":"Descargar controladores"},"content":{"rendered":"<p class=\"lead text-left\"><strong>Descargar<\/strong> controladores y documentaci\u00f3n aqu\u00ed. Si busca la \u00faltima versi\u00f3n de los controladores u otras actualizaciones para su sistema Emperor, \u00e9ste es el lugar donde encontrarlas<\/p>\n<hr \/>\n<div class=\"downloads\">\n<div class=\"download-item\">\n<div class=\"fleft w180 mr20\" align=\"left\"><a href=\"https:\/\/emperortech.us\/downloads\/emp1100c-data-manager.zip \"><img decoding=\"async\" src=\"https:\/\/emperortech.us\/images\/emperor1100c-installer.png\" alt=\"EmperoTech Installer\" width=\"120\" height=\"114\" \/><\/a><\/div>\n<div class=\"fleft w400\" align=\"left\">\n<h4>Gestor de datos EMP1100C (1.8MB)<\/h4>\n<p><span class=\"f13\">Todas las herramientas que necesita en un software de centralizaci\u00f3n de datos que recopila, calcula e informa sobre los datos contados de los dispositivos de recuento de tarjetas.<\/span><br \/>\n<a href=\"https:\/\/emperortech.us\/downloads\/emp1100c-data-manager.zip\"><br \/>\n<img decoding=\"async\" src=\"https:\/\/emperortech.us\/images\/download-button.png\" alt=\"download emp1100c data manager installer\" width=\"202\" height=\"37\" \/><\/a><\/p>\n<p>Tenga en cuenta que, dependiendo de su configuraci\u00f3n, es posible que tenga que desactivar temporalmente el antivirus al descargar este software.<\/p>\n<p>&nbsp;<\/p>\n<\/div>\n<p>&nbsp;<\/p>\n<\/div>\n<p><!--row-fluid ends--><\/p>\n<\/div>","protected":false},"excerpt":{"rendered":"<div class=\"banner has-hover has-parallax\" id=\"banner-1128019728\">\n<div class=\"banner-inner fill\">\n<div class=\"banner-bg fill\" data-parallax=\"-3\" data-parallax-container=\".banner\" data-parallax-background>\n            <img decoding=\"async\" src=\"https:\/\/www.emperortech.us\/images\/support-drivers-downloads.jpg\" class=\"bg\" alt=\"\" \/>\n                    <\/div>\n<div class=\"banner-layers container\">\n<div class=\"fill banner-link\"><\/div>\n<h1>DOWNLOAD DRIVERS<\/h1>\n<p><!--___\n[share]--><\/p><\/div>\n<\/p><\/div>\n<style>\n#banner-1128019728 {\n  padding-top: 300px;\n}\n<\/style>\n<\/p><\/div>\n","protected":false},"author":2,"featured_media":0,"parent":2672,"menu_order":0,"comment_status":"open","ping_status":"closed","template":"page-blank-container.php","meta":{"_EventAllDay":false,"_EventTimezone":"","_EventStartDate":"","_EventEndDate":"","_EventStartDateUTC":"","_EventEndDateUTC":"","_EventShowMap":false,"_EventShowMapLink":false,"_EventURL":"","_EventCost":"","_EventCostDescription":"","_EventCurrencySymbol":"","_EventCurrencyCode":"","_EventCurrencyPosition":"","_EventDateTimeSeparator":"","_EventTimeRangeSeparator":"","_EventOrganizerID":[],"_EventVenueID":[],"_OrganizerEmail":"","_OrganizerPhone":"","_OrganizerWebsite":"","_VenueAddress":"","_VenueCity":"","_VenueCountry":"","_VenueProvince":"","_VenueState":"","_VenueZip":"","_VenuePhone":"","_VenueURL":"","_VenueStateProvince":"","_VenueLat":"","_VenueLng":"","_VenueShowMap":false,"_VenueShowMapLink":false,"footnotes":""},"class_list":["post-2876","page","type-page","status-publish","hentry"],"jetpack_sharing_enabled":true,"_links":{"self":[{"href":"https:\/\/emperortech.us\/es\/wp-json\/wp\/v2\/pages\/2876","targetHints":{"allow":["GET"]}}],"collection":[{"href":"https:\/\/emperortech.us\/es\/wp-json\/wp\/v2\/pages"}],"about":[{"href":"https:\/\/emperortech.us\/es\/wp-json\/wp\/v2\/types\/page"}],"author":[{"embeddable":true,"href":"https:\/\/emperortech.us\/es\/wp-json\/wp\/v2\/users\/2"}],"replies":[{"embeddable":true,"href":"https:\/\/emperortech.us\/es\/wp-json\/wp\/v2\/comments?post=2876"}],"version-history":[{"count":12,"href":"https:\/\/emperortech.us\/es\/wp-json\/wp\/v2\/pages\/2876\/revisions"}],"predecessor-version":[{"id":3222,"href":"https:\/\/emperortech.us\/es\/wp-json\/wp\/v2\/pages\/2876\/revisions\/3222"}],"up":[{"embeddable":true,"href":"https:\/\/emperortech.us\/es\/wp-json\/wp\/v2\/pages\/2672"}],"wp:attachment":[{"href":"https:\/\/emperortech.us\/es\/wp-json\/wp\/v2\/media?parent=2876"}],"curies":[{"name":"wp","href":"https:\/\/api.w.org\/{rel}","templated":true}]}}