{"id":4192,"date":"2015-08-15T03:04:29","date_gmt":"2015-08-15T08:04:29","guid":{"rendered":"http:\/\/emperortech.us\/?page_id=4192"},"modified":"2025-03-27T22:30:35","modified_gmt":"2025-03-28T03:30:35","slug":"resellers","status":"publish","type":"page","link":"https:\/\/emperortech.us\/es\/resellers\/","title":{"rendered":"Revendedores"},"content":{"rendered":"<p class=\"lead text-left\"><strong>Nuestra red de socios autorizados <\/strong> es una extensi\u00f3n natural de nuestro equipo interno de ventas y asistencia.  Ofrecen un servicio inestimable, ya que facilitan el acceso inmediato a asesoramiento, informaci\u00f3n y asistencia sobre las soluciones de personalizaci\u00f3n de tarjetas inteligentes y equipos de identificaci\u00f3n segura m\u00e1s adecuadas para las necesidades de su empresa y sus clientes.<\/p>\n<p>Si est\u00e1 buscando equipos de identificaci\u00f3n segura o tarjetas inteligentes de EmperorTech (algunas de las m\u00e1quinas, herramientas y accesorios de informaci\u00f3n de seguridad m\u00e1s fiables del mundo), no dude en ponerse en contacto con nosotros o con uno de nuestros proveedores de servicios preferidos que figuran a continuaci\u00f3n. <\/p>\n<p><strong>Para unirse a nuestra exitosa red de distribuidores Emperor, LLAME <a href=\"tel:12146148340\">(214) 614-8340<\/a> ext 201, env\u00edenos un correo electr\u00f3nico a <a href=\"mailto:sales@emperortech.us\">sales@emperortech.us<\/a> o escr\u00edbanos a trav\u00e9s de nuestro <a href=\"https:\/\/emperortech.us\/es\/contact-us\/\">p\u00e1gina de contacto<\/a><\/strong>. <\/p>\n<div id=\"resellers\">\n<h2>Distribuidores de contadoras de tarjetas<\/h2>\n<div class=\"box\">\n   \t  <img decoding=\"async\" src=\"..\/..\/images\/logos\/allstar-card-systems-logo.png\" alt=\"AllStar Card Systems logo\" style=\"margin:10px auto 20px; max-height:60px\" width=\"auto\" height=\"80\"><\/p>\n<h3>Sanji Rana<\/h3>\n<p>Sistemas de tarjetas AllStar <br \/>\n         (817) 649-3222 ext 107<br \/>\n        (800) 290-0463 ext 107<br \/>\n        <a href=\"mailto:service@allstarcardsystems.com\">service@allstarcardsystems.com<\/a><br \/>\n        <a href=\"https:\/\/www.allStarcardsystems.com \" target=\"_blank\" rel=\"noopener\">www.AllStarCardSystems.com <\/a><br \/>\n        Arlington, Texas, EE.UU. <\/p>\n<\/div>\n<div class=\"box\">\n      <img decoding=\"async\" src=\"..\/..\/images\/logos\/systemas-ford-sa-logo.png\" alt=\"ford systemas logo\" style=\"margin:0 auto 5px; max-height:100px\" width=\"auto\" height=\"100\"><\/p>\n<h3>Mark Thomas Ford <\/h3>\n<p>        Ford SISTEMAS Ford, S.A (FSI)<br \/>\n        (507) 229-1880<br \/>\n        <a href=\"mailto:FordMT@Grupo-FSI.com\">FordMT@Grupo-FSI.com<\/a><br \/>\n        <a href=\"https:\/\/www.grupo-fsi.com\" target=\"_blank\" rel=\"noopener\">www.grupo-fsi.com<\/a><br \/>\n        Ciudad de Panam\u00e1, Panam\u00e1\n    <\/div>\n<div class=\"box\">\n   \t  <img decoding=\"async\" src=\"..\/..\/images\/logos\/sandia-international-logo.png\" alt=\"Sandia International logo\" style=\"margin:10px auto 20px; max-height:80px\" max-height:60px\" width=\"auto\" height=\"80\"><\/p>\n<h3>Alex Anyaru<\/h3>\n<p>Sandia Internacional <br \/>\n         (972)-980-6442 ext 101 <br \/>\n        <a href=\"mailto:contact@sandiainternational.com\">contact@sandiainternational.com<\/a><br \/>\n        <a href=\"https:\/\/www.sandiainternational.com \" target=\"_blank\" rel=\"noopener\">www.SandiaInternational.com <\/a><br \/>\n        Grand Prairie, Texas, EE.UU. <\/p>\n<\/div>\n<p>    <!--\n\n\n\n\n\n\n\n\n\n\n\n\n\n<div class=\"box\">\n      <img decoding=\"async\" src=\"..\/..\/images\/logos\/protec-product-technology-corp-logo.png\" alt=\"PROTEC Product Technology logo\" style=\"margin:10px auto 20px; max-height:80px\" width=\"auto\" height=\"80\"><br \/>\n      \n\n\n\n\n\n\n\n\n\n\n\n\n\n<h3>John Ansell<\/h3>\n\n\n\n\n\n\n\n\n\n\n\n\n\n\n        PROTEC-Product Techology Corp.<br \/>\n      (732) 542-0800 ext 208<br \/>\n      <a href=\"mailto:john@protecnj.com\">john@protecnjcom<\/a><br \/>\n      <a href=\"https:\/\/www.protecnj.com\" target=\"_blank\" rel=\"noopener\">www.protecnj.com <\/a><br \/>\n        Eatontown, New Jersey, USA<\/div>\n\n\n\n\n\n\n\n\n\n\n\n\n\n--><\/p>\n<p>    <!--\n\n\n\n\n\n\n\n\n\n\n\n\n\n<div class=\"box\">\n    <img decoding=\"async\" src=\"..\/..\/images\/logos\/advanced-card-systems-logo.png\" alt=\"Advanced Card Systems and solutions logo\"  style=\"margin:10px auto 20px; max-height:80px\" width=\"auto\" height=\"80\"><br \/>\n      \n\n\n\n\n\n\n\n\n\n\n\n\n\n<h3>John McDonald<\/h3>\n\n\n\n\n\n\n\n\n\n\n\n\n\n\n      Advanced Card Systems and Solutions, Inc.<br \/>\n      (732) 282-9002<br \/>\n      <a href=\"mailto:JMcDonald@AdvancedCardSystems.com \">JMcDonald@AdvancedCardSystems.com <\/a><br \/>\n      <a href=\"https:\/\/www.AdvancedCardSystems.com\" target=\"_blank\" rel=\"noopener\">www.AdvancedCardSystems.com<\/a><br \/>\n    Farmingdale, New Jersey, USA\n    <\/div>\n\n\n\n\n\n\n\n\n\n\n\n\n\n--><\/p>\n<div class=\"box\">\n        <img decoding=\"async\" src=\"..\/..\/images\/logos\/integrated-card-solutions-ics-logo.png\" style=\"margin:10px auto 20px; max-height:80px\" width=\"auto\" height=\"80\"><\/p>\n<h3>Gregory Hill<\/h3>\n<p>        Soluciones integradas de tarjetas ICS<br \/>\n      \t847-278-7408<br \/>\n      \t<a href=\"mailto:ghill@ics.co\">ghill@ics.co<\/a><br \/>\n      \t<a href=\"https:\/\/www.icscorp.co\" target=\"_blank\" rel=\"noopener\">www.icscorp.co<\/a><br \/>\n  Mundelein, IL, EE.UU. <\/div>\n<div class=\"box\">\n    <img decoding=\"async\" src=\"..\/..\/images\/logos\/pittsburgh-embossing-services-logo.png\" alt=\"Pittsburgh Embossing logo\" style=\"margin:10px auto 20px; max-height:80px\" width=\"auto\" height=\"80\"><\/p>\n<h3>John Milhoan<\/h3>\n<p>Pitsburgh Embossing Services, Inc.<br \/>\n    (724) 222-5240<br \/>\n    <a href=\"mailto:johnj@pescard.com\">johnj@pescard.com<\/a><br \/>\n    <a href=\"https:\/\/pescard.com\" target=\"_blank\" rel=\"noopener\">www.pescard.com<\/a><br \/>\n    Ochenta y Cuatro, Pensilvania, EE.UU. <\/div>\n<div class=\"box\">\n      <img decoding=\"async\" src=\"..\/..\/images\/logos\/technology-unlimited-inc-tui-logo.png\" alt=\"Technology Unlimited Inc. (TUI)  logo\" style=\"margin:10px auto 20px; max-height:80px\" width=\"auto\" height=\"80\"><\/p>\n<h3>Erik Fitterer<\/h3>\n<p>        Technology Unlimited Inc. (TUI) <br \/>\n      (206) 812-0622 <br \/>\n      <a href=\"mailto:Erikf@tuiusa.com\">Erikf@tuiusa.com<\/a><br \/>\n      <a href=\"https:\/\/www.tuiusa.com\" target=\"_blank\" rel=\"noopener\">tuiusa.com<\/a><br \/>\n        Washington, EE.UU.<br \/>\n        <a href=\"https:\/\/www.tuiusa.com \"><\/a>\n     <\/div>\n<\/div>","protected":false},"excerpt":{"rendered":"<div class=\"banner has-hover has-parallax\" id=\"banner-1248154000\">\n<div class=\"banner-inner fill\">\n<div class=\"banner-bg fill\" data-parallax=\"-4\" data-parallax-container=\".banner\" data-parallax-background>\n            <img decoding=\"async\" src=\"https:\/\/www.emperortech.us\/images\/resellers.jpg\" class=\"bg\" alt=\"\" \/>\n                    <\/div>\n<div class=\"banner-layers container\">\n<div class=\"fill banner-link\"><\/div>\n<h1>MEET OUR RESELLERS<\/h1>\n<p><!--___\n[share]--><\/p><\/div>\n<\/p><\/div>\n<style>\n#banner-1248154000 {\n  padding-top: 300px;\n}\n<\/style>\n<\/p><\/div>\n","protected":false},"author":2,"featured_media":0,"parent":0,"menu_order":0,"comment_status":"closed","ping_status":"closed","template":"","meta":{"_EventAllDay":false,"_EventTimezone":"","_EventStartDate":"","_EventEndDate":"","_EventStartDateUTC":"","_EventEndDateUTC":"","_EventShowMap":false,"_EventShowMapLink":false,"_EventURL":"","_EventCost":"","_EventCostDescription":"","_EventCurrencySymbol":"","_EventCurrencyCode":"","_EventCurrencyPosition":"","_EventDateTimeSeparator":"","_EventTimeRangeSeparator":"","_EventOrganizerID":[],"_EventVenueID":[],"_OrganizerEmail":"","_OrganizerPhone":"","_OrganizerWebsite":"","_VenueAddress":"","_VenueCity":"","_VenueCountry":"","_VenueProvince":"","_VenueState":"","_VenueZip":"","_VenuePhone":"","_VenueURL":"","_VenueStateProvince":"","_VenueLat":"","_VenueLng":"","_VenueShowMap":false,"_VenueShowMapLink":false,"footnotes":""},"class_list":["post-4192","page","type-page","status-publish","hentry"],"jetpack_sharing_enabled":true,"_links":{"self":[{"href":"https:\/\/emperortech.us\/es\/wp-json\/wp\/v2\/pages\/4192","targetHints":{"allow":["GET"]}}],"collection":[{"href":"https:\/\/emperortech.us\/es\/wp-json\/wp\/v2\/pages"}],"about":[{"href":"https:\/\/emperortech.us\/es\/wp-json\/wp\/v2\/types\/page"}],"author":[{"embeddable":true,"href":"https:\/\/emperortech.us\/es\/wp-json\/wp\/v2\/users\/2"}],"replies":[{"embeddable":true,"href":"https:\/\/emperortech.us\/es\/wp-json\/wp\/v2\/comments?post=4192"}],"version-history":[{"count":114,"href":"https:\/\/emperortech.us\/es\/wp-json\/wp\/v2\/pages\/4192\/revisions"}],"predecessor-version":[{"id":13140,"href":"https:\/\/emperortech.us\/es\/wp-json\/wp\/v2\/pages\/4192\/revisions\/13140"}],"wp:attachment":[{"href":"https:\/\/emperortech.us\/es\/wp-json\/wp\/v2\/media?parent=4192"}],"curies":[{"name":"wp","href":"https:\/\/api.w.org\/{rel}","templated":true}]}}