{"id":522,"date":"2013-08-11T19:06:15","date_gmt":"2013-08-11T19:06:15","guid":{"rendered":"http:\/\/localhost:8888\/test\/?page_id=520"},"modified":"2016-08-15T03:29:21","modified_gmt":"2016-08-15T03:29:21","slug":"about-us","status":"publish","type":"page","link":"https:\/\/emperortech.us\/es\/about-us\/","title":{"rendered":"Qui\u00e9nes somos"},"content":{"rendered":"<p class=\"lead text-left\"><strong>Miles de personas utilizan cada d\u00eda los equipos de identificaci\u00f3n segura y las soluciones de personalizaci\u00f3n de tarjetas inteligentes de Emperor Technology.<\/strong><\/p>\n<p class=\"lead text-left\">Desde equipos de personalizaci\u00f3n de tarjetas inteligentes, equipos de personalizaci\u00f3n de pasaportes electr\u00f3nicos hasta sistemas de pago en transporte p\u00fablico y equipos de recuento y clasificaci\u00f3n de tarjetas, disponemos de las herramientas con multitud de funciones: soluciones de identificaci\u00f3n segura y personalizaci\u00f3n de tarjetas inteligentes para ayudarle a ejecutar y gestionar eficazmente su programa de producci\u00f3n de tarjetas.<\/p>\n<p>EmperorTech es un nombre mundial en sistemas de identificaci\u00f3n de tarjetas: produce equipos de personalizaci\u00f3n autom\u00e1tica de gran volumen para tarjetas inteligentes, tarjetas SIM, chips IC y pasaportes. Emperor dise\u00f1a, fabrica y distribuye equipos para la personalizaci\u00f3n y el procesamiento de tarjetas inteligentes y pasaportes biom\u00e9tricos, en concreto codificadores, lectores, grabadores l\u00e1ser, impresoras UV, t\u00e9rmicas, dye-sub y de inyecci\u00f3n de tinta, contadores de tarjetas, quioscos dispensadores de tarjetas y pasaportes y software inform\u00e1tico para la personalizaci\u00f3n y el procesamiento de tarjetas inteligentes y pasaportes biom\u00e9tricos.<\/p>\n<p><strong>Personalizaci\u00f3n segura de carn\u00e9s y tarjetas<\/strong><br \/>\nEmperor Technology es uno de los principales fabricantes de sistemas seguros de identificaci\u00f3n y personalizaci\u00f3n de tarjetas y presta servicios a millones de personas en todo el mundo mediante la personalizaci\u00f3n de tarjetas con y sin contacto con tecnolog\u00edas de certificaci\u00f3n seguras.<\/p>\n<p><strong>Misi\u00f3n de EmperorTech<\/strong><br \/>\nNuestros clientes, sus clientes: el mundo es ahora plenamente consciente de los retos que plantea la protecci\u00f3n de datos cr\u00edticos y la construcci\u00f3n de una sociedad de la informaci\u00f3n segura. Teniendo esto en cuenta, nuestro principal objetivo es proporcionar a nuestra red mundial de clientes potenciales y patrocinadores productos de seguridad de la informaci\u00f3n de rendimiento superior que combatan estas amenazas, al tiempo que nos mantenemos a la vanguardia de la innovaci\u00f3n y proporcionamos las soluciones m\u00e1s rentables en el \u00e1mbito de la seguridad de los datos.<\/p>\n<p><strong>Visi\u00f3n EmperorTech<\/strong><br \/>\nPara conocer mejor nuestros objetivos o preguntarnos c\u00f3mo podemos ayudarle a prestar un mejor servicio a sus clientes con productos y soluciones que les proporcionen la tranquilidad que se merecen, <a href=\"https:\/\/emperortech.us\/es\/contact-us\/\">p\u00f3ngase en contacto con nosotros para una consulta hoy mismo.<\/a><\/p>","protected":false},"excerpt":{"rendered":"<div class=\"banner has-hover has-parallax\" id=\"banner-1316306838\">\n<div class=\"banner-inner fill\">\n<div class=\"banner-bg fill\" data-parallax=\"-3\" data-parallax-container=\".banner\" data-parallax-background>\n            <img decoding=\"async\" src=\"https:\/\/www.emperortech.us\/images\/about-us.jpg\" class=\"bg\" alt=\"\" \/>\n                    <\/div>\n<div class=\"banner-layers container\">\n<div class=\"fill banner-link\"><\/div>\n<h1>ABOUT US<\/h1>\n<p><!--___\n[share]--><\/p><\/div>\n<\/p><\/div>\n<style>\n#banner-1316306838 {\n  padding-top: 300px;\n}\n<\/style>\n<\/p><\/div>\n","protected":false},"author":2,"featured_media":0,"parent":0,"menu_order":0,"comment_status":"closed","ping_status":"closed","template":"page-blank-container.php","meta":{"_EventAllDay":false,"_EventTimezone":"","_EventStartDate":"","_EventEndDate":"","_EventStartDateUTC":"","_EventEndDateUTC":"","_EventShowMap":false,"_EventShowMapLink":false,"_EventURL":"","_EventCost":"","_EventCostDescription":"","_EventCurrencySymbol":"","_EventCurrencyCode":"","_EventCurrencyPosition":"","_EventDateTimeSeparator":"","_EventTimeRangeSeparator":"","_EventOrganizerID":[],"_EventVenueID":[],"_OrganizerEmail":"","_OrganizerPhone":"","_OrganizerWebsite":"","_VenueAddress":"","_VenueCity":"","_VenueCountry":"","_VenueProvince":"","_VenueState":"","_VenueZip":"","_VenuePhone":"","_VenueURL":"","_VenueStateProvince":"","_VenueLat":"","_VenueLng":"","_VenueShowMap":false,"_VenueShowMapLink":false,"footnotes":""},"class_list":["post-522","page","type-page","status-publish","hentry"],"jetpack_sharing_enabled":true,"_links":{"self":[{"href":"https:\/\/emperortech.us\/es\/wp-json\/wp\/v2\/pages\/522","targetHints":{"allow":["GET"]}}],"collection":[{"href":"https:\/\/emperortech.us\/es\/wp-json\/wp\/v2\/pages"}],"about":[{"href":"https:\/\/emperortech.us\/es\/wp-json\/wp\/v2\/types\/page"}],"author":[{"embeddable":true,"href":"https:\/\/emperortech.us\/es\/wp-json\/wp\/v2\/users\/2"}],"replies":[{"embeddable":true,"href":"https:\/\/emperortech.us\/es\/wp-json\/wp\/v2\/comments?post=522"}],"version-history":[{"count":28,"href":"https:\/\/emperortech.us\/es\/wp-json\/wp\/v2\/pages\/522\/revisions"}],"predecessor-version":[{"id":4597,"href":"https:\/\/emperortech.us\/es\/wp-json\/wp\/v2\/pages\/522\/revisions\/4597"}],"wp:attachment":[{"href":"https:\/\/emperortech.us\/es\/wp-json\/wp\/v2\/media?parent=522"}],"curies":[{"name":"wp","href":"https:\/\/api.w.org\/{rel}","templated":true}]}}