{"id":545,"date":"2013-08-11T20:13:42","date_gmt":"2013-08-11T20:13:42","guid":{"rendered":"http:\/\/localhost:8888\/test\/?page_id=545"},"modified":"2015-08-18T07:36:11","modified_gmt":"2015-08-18T07:36:11","slug":"faq","status":"publish","type":"page","link":"https:\/\/emperortech.us\/es\/faq\/","title":{"rendered":"Preguntas frecuentes"},"content":{"rendered":"<p class=\"lead\">\u00bfTiene alguna pregunta sobre su sistema? \u00bfNecesita instrucciones de instalaci\u00f3n? \u00bfDudas sobre d\u00f3nde encontrar los controladores adecuados? Estas son algunas de las preguntas m\u00e1s frecuentes de nuestros clientes de EmperorTech.<\/p>\n<div class=\"accordion\">\n\n\t<div id=\"accordion-1272757460\" class=\"accordion-item\">\n\t\t<a id=\"accordion-1272757460-label\" class=\"accordion-title plain\" href=\"#accordion-item-what-are-the-delivery-charges-for-orders-from-emperortech.us?\" aria-expanded=\"false\" aria-controls=\"accordion-1272757460-content\">\n\t\t\t<button class=\"toggle\" aria-label=\"Toggle\"><i class=\"icon-angle-down\" aria-hidden=\"true\"><\/i><\/button>\n\t\t\t<span>\u00bfCu\u00e1les son los gastos de env\u00edo de los pedidos de EmperorTech.us?<\/span>\n\t\t<\/a>\n\t\t<div id=\"accordion-1272757460-content\" class=\"accordion-inner\" aria-labelledby=\"accordion-1272757460-label\">\n\t\t\t\n\n<p>En EmperorTech.us, sabemos que el env\u00edo r\u00e1pido y fiable de su mercanc\u00eda es importante para usted. Enviamos muchos pedidos el mismo d\u00eda laborable. Los pedidos realizados entre semana despu\u00e9s de las 22:00, hora del Este (19:00, hora del Pac\u00edfico), los fines de semana, los d\u00edas festivos y los pedidos que contienen determinados productos de gran tama\u00f1o se env\u00edan el siguiente d\u00eda laborable.<\/p>\n<p>EmperorTech.us realiza env\u00edos a todo el mundo. Puede descargar nuestras directrices de env\u00edo con precios <a href=\"#\">aqu\u00ed<\/a> o ll\u00e1menos o env\u00edenos un correo electr\u00f3nico para obtener m\u00e1s informaci\u00f3n.<\/p>\n\n\t\t<\/div>\n\t<\/div>\n\t\n\t<div id=\"accordion-4186945982\" class=\"accordion-item\">\n\t\t<a id=\"accordion-4186945982-label\" class=\"accordion-title plain\" href=\"#accordion-item-what-forms-of-payment-do-you-accept?\" aria-expanded=\"false\" aria-controls=\"accordion-4186945982-content\">\n\t\t\t<button class=\"toggle\" aria-label=\"Toggle\"><i class=\"icon-angle-down\" aria-hidden=\"true\"><\/i><\/button>\n\t\t\t<span>\u00bfQu\u00e9 formas de pago aceptan?<\/span>\n\t\t<\/a>\n\t\t<div id=\"accordion-4186945982-content\" class=\"accordion-inner\" aria-labelledby=\"accordion-4186945982-label\">\n\t\t\t\n\n<p>Aceptamos m\u00faltiples m\u00e9todos de pago. Entre ellos se incluyen Visa, Mastercard, Discover Network y American Express.<\/p>\n<p>Si paga con una tarjeta EuroCard o MasterMoney, su pago se identificar\u00e1 como Mastercard. En el caso de las tarjetas de cr\u00e9dito denominadas en una divisa distinta del d\u00f3lar estadounidense (USD), es posible que su banco o la entidad emisora de su tarjeta de cr\u00e9dito le cobren comisiones por conversi\u00f3n de divisas.<\/p>\n\n\t\t<\/div>\n\t<\/div>\n\t\n\t<div id=\"accordion-1303349771\" class=\"accordion-item\">\n\t\t<a id=\"accordion-1303349771-label\" class=\"accordion-title plain\" href=\"#accordion-item-how-long-will-delivery-take?\" aria-expanded=\"false\" aria-controls=\"accordion-1303349771-content\">\n\t\t\t<button class=\"toggle\" aria-label=\"Toggle\"><i class=\"icon-angle-down\" aria-hidden=\"true\"><\/i><\/button>\n\t\t\t<span>\u00bfCu\u00e1nto tardar\u00e1 la entrega?<\/span>\n\t\t<\/a>\n\t\t<div id=\"accordion-1303349771-content\" class=\"accordion-inner\" aria-labelledby=\"accordion-1303349771-label\">\n\t\t\t\n\n<p>La entrega dentro de EE.UU. puede tardar hasta 14 d\u00edas. Pero puede acelerar su pedido optando por nuestro servicio al d\u00eda siguiente, a los dos d\u00edas, a la ma\u00f1ana siguiente laborable o los s\u00e1bados dentro del territorio continental de EE.UU. Los pedidos internacionales pueden tardar m\u00e1s. Su pedido internacional puede estar sujeto a procedimientos de despacho de aduanas, lo que puede causar retrasos en la entrega. Adem\u00e1s, algunos env\u00edos, como los env\u00edos internacionales est\u00e1ndar, no pueden rastrearse. <\/p>\n\n\t\t<\/div>\n\t<\/div>\n\t\n\t<div id=\"accordion-3662087616\" class=\"accordion-item\">\n\t\t<a id=\"accordion-3662087616-label\" class=\"accordion-title plain\" href=\"#accordion-item-where-do-i-get-a-driver-for-my-system?\" aria-expanded=\"false\" aria-controls=\"accordion-3662087616-content\">\n\t\t\t<button class=\"toggle\" aria-label=\"Toggle\"><i class=\"icon-angle-down\" aria-hidden=\"true\"><\/i><\/button>\n\t\t\t<span>\u00bfD\u00f3nde puedo conseguir un controlador para mi sistema?<\/span>\n\t\t<\/a>\n\t\t<div id=\"accordion-3662087616-content\" class=\"accordion-inner\" aria-labelledby=\"accordion-3662087616-label\">\n\t\t\t\n\n<p>Puede descargar e instalar el software y los controladores m\u00e1s recientes desde nuestro <a href=\"https:\/\/emperortech.us\/es\/support\/download-drivers\/\"> Descargar controladores<\/a> p\u00e1gina.<\/p>\n\n\t\t<\/div>\n\t<\/div>\n\t\n\t<div id=\"accordion-1900502087\" class=\"accordion-item\">\n\t\t<a id=\"accordion-1900502087-label\" class=\"accordion-title plain\" href=\"#accordion-item-why-do-i-need-to-download-a-driver?\" aria-expanded=\"false\" aria-controls=\"accordion-1900502087-content\">\n\t\t\t<button class=\"toggle\" aria-label=\"Toggle\"><i class=\"icon-angle-down\" aria-hidden=\"true\"><\/i><\/button>\n\t\t\t<span>\u00bfPor qu\u00e9 tengo que descargar un controlador?<\/span>\n\t\t<\/a>\n\t\t<div id=\"accordion-1900502087-content\" class=\"accordion-inner\" aria-labelledby=\"accordion-1900502087-label\">\n\t\t\t\n\n<p>En general, la instalaci\u00f3n de versiones m\u00e1s recientes de controladores u otro software puede mejorar el rendimiento general de su producto, as\u00ed como a\u00f1adir nuevas funciones. Actualizar los controladores y el software tambi\u00e9n puede solucionar problemas. Normalmente, el controlador que necesita est\u00e1 disponible para su descarga en el sitio Web EmperorTech.us es el m\u00e1s actualizado. si tiene problemas para encontrarlo <a href=\"https:\/\/emperortech.us\/es\/contact-us\/\">ponerse en contacto<\/a> envi\u00e1ndonos un correo electr\u00f3nico o llam\u00e1ndonos por tel\u00e9fono. Le enviaremos el conductor correcto de inmediato.<\/p>\n\n\t\t<\/div>\n\t<\/div>\n\t\n\t<div id=\"accordion-226296520\" class=\"accordion-item\">\n\t\t<a id=\"accordion-226296520-label\" class=\"accordion-title plain\" href=\"#accordion-item-where-can-i-find-more-equipment-designed-for-other-global-markets?\" aria-expanded=\"false\" aria-controls=\"accordion-226296520-content\">\n\t\t\t<button class=\"toggle\" aria-label=\"Toggle\"><i class=\"icon-angle-down\" aria-hidden=\"true\"><\/i><\/button>\n\t\t\t<span>\u00bfD\u00f3nde puedo encontrar m\u00e1s equipos dise\u00f1ados para otros mercados mundiales?<\/span>\n\t\t<\/a>\n\t\t<div id=\"accordion-226296520-content\" class=\"accordion-inner\" aria-labelledby=\"accordion-226296520-label\">\n\t\t\t\n\n<p>Nuestro equipo mundial de ventas y marketing estar\u00e1 encantado de localizar el equipo que busca. Para m\u00e1s informaci\u00f3n, escr\u00edbanos a sales@emperortech.com o a trav\u00e9s de este formulario de contacto. Tambi\u00e9n puede llamarnos al +1 (214) 614-8340.<\/p>\n\n\n\t\t<\/div>\n\t<\/div>\n\t\n\n<\/div>","protected":false},"excerpt":{"rendered":"<div class=\"banner has-hover has-parallax\" id=\"banner-695343491\">\n<div class=\"banner-inner fill\">\n<div class=\"banner-bg fill\" data-parallax=\"-4\" data-parallax-container=\".banner\" data-parallax-background>\n            <img decoding=\"async\" src=\"https:\/\/www.emperortech.us\/images\/faqs.jpg\" class=\"bg\" alt=\"\" \/>\n                    <\/div>\n<div class=\"banner-layers container\">\n<div class=\"fill banner-link\"><\/div>\n<h1>FAQS<\/h1>\n<p><!--___\n[share]--><\/p><\/div>\n<\/p><\/div>\n<style>\n#banner-695343491 {\n  padding-top: 300px;\n}\n<\/style>\n<\/p><\/div>\n","protected":false},"author":2,"featured_media":0,"parent":0,"menu_order":0,"comment_status":"closed","ping_status":"closed","template":"page-blank-container.php","meta":{"_EventAllDay":false,"_EventTimezone":"","_EventStartDate":"","_EventEndDate":"","_EventStartDateUTC":"","_EventEndDateUTC":"","_EventShowMap":false,"_EventShowMapLink":false,"_EventURL":"","_EventCost":"","_EventCostDescription":"","_EventCurrencySymbol":"","_EventCurrencyCode":"","_EventCurrencyPosition":"","_EventDateTimeSeparator":"","_EventTimeRangeSeparator":"","_EventOrganizerID":[],"_EventVenueID":[],"_OrganizerEmail":"","_OrganizerPhone":"","_OrganizerWebsite":"","_VenueAddress":"","_VenueCity":"","_VenueCountry":"","_VenueProvince":"","_VenueState":"","_VenueZip":"","_VenuePhone":"","_VenueURL":"","_VenueStateProvince":"","_VenueLat":"","_VenueLng":"","_VenueShowMap":false,"_VenueShowMapLink":false,"footnotes":""},"class_list":["post-545","page","type-page","status-publish","hentry"],"jetpack_sharing_enabled":true,"_links":{"self":[{"href":"https:\/\/emperortech.us\/es\/wp-json\/wp\/v2\/pages\/545","targetHints":{"allow":["GET"]}}],"collection":[{"href":"https:\/\/emperortech.us\/es\/wp-json\/wp\/v2\/pages"}],"about":[{"href":"https:\/\/emperortech.us\/es\/wp-json\/wp\/v2\/types\/page"}],"author":[{"embeddable":true,"href":"https:\/\/emperortech.us\/es\/wp-json\/wp\/v2\/users\/2"}],"replies":[{"embeddable":true,"href":"https:\/\/emperortech.us\/es\/wp-json\/wp\/v2\/comments?post=545"}],"version-history":[{"count":5,"href":"https:\/\/emperortech.us\/es\/wp-json\/wp\/v2\/pages\/545\/revisions"}],"predecessor-version":[{"id":4259,"href":"https:\/\/emperortech.us\/es\/wp-json\/wp\/v2\/pages\/545\/revisions\/4259"}],"wp:attachment":[{"href":"https:\/\/emperortech.us\/es\/wp-json\/wp\/v2\/media?parent=545"}],"curies":[{"name":"wp","href":"https:\/\/api.w.org\/{rel}","templated":true}]}}