{"id":663,"date":"2013-08-18T15:59:48","date_gmt":"2013-08-18T15:59:48","guid":{"rendered":"http:\/\/localhost:8888\/test\/?page_id=663"},"modified":"2015-05-29T17:42:43","modified_gmt":"2015-05-29T17:42:43","slug":"services","status":"publish","type":"page","link":"https:\/\/emperortech.us\/es\/services\/","title":{"rendered":"Servicios"},"content":{"rendered":"<p class=\"lead text-left\"><strong>Nuestra red 360 de servicios.<\/strong> Tanto si es una entidad financiera, como un banco o una cooperativa de cr\u00e9dito, un establecimiento minorista o un organismo p\u00fablico, le ayudamos a superar las barreras que impiden que su programa de tarjetas funcione con una eficacia \u00f3ptima.<\/p>\n<p>Obtenga los equipos, herramientas y suministros que necesita para gestionar eficazmente sus programas de tarjetas. Saque ventaja a sus competidores ofreci\u00e9ndoles soluciones que no solo son rentables, sino que adem\u00e1s ofrecen la m\u00e1xima seguridad, flexibilidad y fiabilidad.<\/p>\n<p><strong>Identificaci\u00f3n de seguridad<\/strong><br \/>\nLa seguridad es un tema prioritario en la mente de la gente de todo el mundo. Con el aumento de los robos de identidad, los fraudes y otros problemas de seguridad, es importante que ofrezca a sus clientes las soluciones que mejor protejan su informaci\u00f3n privada. Medidas preventivas que acaben con la burocracia y ofrezcan la tranquilidad que todos buscamos.<\/p>\n<p><strong>Equipos de fabricaci\u00f3n<\/strong><br \/>\nNuestros equipos incluyen equipos de identificaci\u00f3n segura, equipos de tarjetas inteligentes, equipos de pago electr\u00f3nico y lectores. Llevamos 18 a\u00f1os dise\u00f1ando y fabricando equipos de identificaci\u00f3n segura, pago electr\u00f3nico y emisi\u00f3n de documentos de viaje. Dise\u00f1amos los sistemas que se convierten en cr\u00edticos para su negocio porque le ahorran tiempo y dinero y ofrecen un valor sin el que sus clientes no pueden vivir. Los equipos Emperor en sus Centros de Personalizaci\u00f3n de Tarjetas garantizar\u00e1n la calidad y la fiabilidad que sus clientes esperan de usted a diario, 24 horas al d\u00eda, 7 d\u00edas a la semana, si esto es lo que buscan.<\/p>\n<p><strong>Servicios globales<\/strong><br \/>\nEmperorTech, anticip\u00e1ndose a las necesidades de nuestros clientes en todo el mundo, ofrece sus productos y servicios en todos los continentes: Europa, Asia, Australia, \u00c1frica y Am\u00e9rica Central y del Sur. Proporcionamos el mejor servicio al cliente y estamos decididos a ofrecer un conjunto completo de soluciones orientadas a ayudarle a empezar f\u00e1cil y r\u00e1pidamente, el rendimiento \u00f3ptimo del producto y la resoluci\u00f3n eficaz de los problemas.<\/p>\n<p>Tendr\u00e1 acceso a un equipo de profesionales veteranos con m\u00e1s de dieciocho a\u00f1os de experiencia en el sector.<\/p>\n<p><strong>Servicios globales<\/strong><br \/>\nNuestros equipos incluyen Secure ID Equipment, Smart Card Equipmant, ePayment Equipment y lectores. Llevamos 18 a\u00f1os dise\u00f1ando y fabricando equipos de identificaci\u00f3n segura, pago electr\u00f3nico y emisi\u00f3n de documentos de viaje. Dise\u00f1amos los sistemas que se convierten en cr\u00edticos para su negocio porque le ahorran tiempo y dinero y ofrecen un valor sin el que sus clientes no pueden vivir.<\/p>\n<p><strong><a name=\"video\"><\/a>Vea este v\u00eddeo sobre nuestros equipos de identificaci\u00f3n y personalizaci\u00f3n de tarjetas  <\/strong><br \/>\n<iframe width=\"1280\" height=\"720\" src=\"https:\/\/www.youtube.com\/embed\/96IFtToZXYM?rel=0\" frameborder=\"0\" allowfullscreen><\/iframe><\/p>","protected":false},"excerpt":{"rendered":"<div class=\"banner has-hover\" id=\"banner-1736553547\">\n<div class=\"banner-inner fill\">\n<div class=\"banner-bg fill\" >\n            <img decoding=\"async\" src=\"https:\/\/www.emperortech.us\/images\/services.jpg\" class=\"bg\" alt=\"\" \/>\n                    <\/div>\n<div class=\"banner-layers container\">\n<div class=\"fill banner-link\"><\/div>\n<h1>Nuestros servicios<\/h1>\n<\/p><\/div>\n<\/p><\/div>\n<style>\n#banner-1736553547 {\n  padding-top: 300px;\n}\n<\/style>\n<\/p><\/div>","protected":false},"author":2,"featured_media":0,"parent":0,"menu_order":0,"comment_status":"closed","ping_status":"closed","template":"page-blank-container.php","meta":{"_EventAllDay":false,"_EventTimezone":"","_EventStartDate":"","_EventEndDate":"","_EventStartDateUTC":"","_EventEndDateUTC":"","_EventShowMap":false,"_EventShowMapLink":false,"_EventURL":"","_EventCost":"","_EventCostDescription":"","_EventCurrencySymbol":"","_EventCurrencyCode":"","_EventCurrencyPosition":"","_EventDateTimeSeparator":"","_EventTimeRangeSeparator":"","_EventOrganizerID":[],"_EventVenueID":[],"_OrganizerEmail":"","_OrganizerPhone":"","_OrganizerWebsite":"","_VenueAddress":"","_VenueCity":"","_VenueCountry":"","_VenueProvince":"","_VenueState":"","_VenueZip":"","_VenuePhone":"","_VenueURL":"","_VenueStateProvince":"","_VenueLat":"","_VenueLng":"","_VenueShowMap":false,"_VenueShowMapLink":false,"footnotes":""},"class_list":["post-663","page","type-page","status-publish","hentry"],"jetpack_sharing_enabled":true,"_links":{"self":[{"href":"https:\/\/emperortech.us\/es\/wp-json\/wp\/v2\/pages\/663","targetHints":{"allow":["GET"]}}],"collection":[{"href":"https:\/\/emperortech.us\/es\/wp-json\/wp\/v2\/pages"}],"about":[{"href":"https:\/\/emperortech.us\/es\/wp-json\/wp\/v2\/types\/page"}],"author":[{"embeddable":true,"href":"https:\/\/emperortech.us\/es\/wp-json\/wp\/v2\/users\/2"}],"replies":[{"embeddable":true,"href":"https:\/\/emperortech.us\/es\/wp-json\/wp\/v2\/comments?post=663"}],"version-history":[{"count":18,"href":"https:\/\/emperortech.us\/es\/wp-json\/wp\/v2\/pages\/663\/revisions"}],"predecessor-version":[{"id":4167,"href":"https:\/\/emperortech.us\/es\/wp-json\/wp\/v2\/pages\/663\/revisions\/4167"}],"wp:attachment":[{"href":"https:\/\/emperortech.us\/es\/wp-json\/wp\/v2\/media?parent=663"}],"curies":[{"name":"wp","href":"https:\/\/api.w.org\/{rel}","templated":true}]}}