{"id":11419,"date":"2021-08-18T22:03:22","date_gmt":"2021-08-18T22:03:22","guid":{"rendered":"https:\/\/emperortech.us\/?post_type=product&#038;p=11419"},"modified":"2025-01-23T16:11:22","modified_gmt":"2025-01-23T22:11:22","slug":"emp6823-color-inkjet-dod-card-personalization-system","status":"publish","type":"product","link":"https:\/\/emperortech.us\/es\/products\/emp6823-color-inkjet-dod-card-personalization-system\/","title":{"rendered":"EMP6823 Sistema de gran volumen de personalizaci\u00f3n de tarjetas DoD de inyecci\u00f3n de tinta en color"},"content":{"rendered":"<p><strong>La elecci\u00f3n ideal para la personalizaci\u00f3n de tarjetas de gran volumen<\/strong><\/p>\n<ul>\n<li>Personalizaci\u00f3n de tarjetas a granel de alto rendimiento, alta velocidad y gran volumen con todas las funciones<\/li>\n<li>Piezas y consumibles rentables que reducen los costes de producci\u00f3n<\/li>\n<li>Impresi\u00f3n de borde a borde con colores reales para un impacto \"wow<\/li>\n<li>Alta resoluci\u00f3n de impresi\u00f3n de hasta 1800 ppp<\/li>\n<li>Dise\u00f1o modular y flexible para facilitar el flujo de trabajo y la realizaci\u00f3n de tareas<\/li>\n<li>Integraci\u00f3n de la tecnolog\u00eda de inyecci\u00f3n de tinta UV con el acreditado sistema de gesti\u00f3n de la personalizaci\u00f3n de Emperor<\/li>\n<li>La t\u00e9cnica impulsada de alta resistencia garantiza al menos 5 a\u00f1os de durabilidad de la impresi\u00f3n.<\/li>\n<\/ul>\n        <div class=\"rmwr-wrapper\" \n             data-id=\"rmwr-69e025b5aeedf\"\n             data-mode=\"normal\"\n             data-animation=\"fade\"\n             data-duration=\"300\"\n             data-smooth-scroll=\"true\"\n             data-scroll-offset=\"0\">\n            <button \n                type=\"button\"\n                class=\"read-link\" \n                id=\"readlinkrmwr-69e025b5aeedf\"\n                data-open-text=\"Read More\"\n                data-close-text=\"Read Less\"\n                aria-expanded=\"false\"\n                aria-controls=\"readrmwr-69e025b5aeedf\"\n                aria-label=\"Seguir leyendo\"\n            >\n                <span class=\"rmwr-text\">Seguir leyendo<\/span>\n            <\/button>\n            <div \n                class=\"read_div\" \n                id=\"readrmwr-69e025b5aeedf\"\n                aria-hidden=\"true\"\n                data-animation=\"fade\"\n                data-duration=\"300\"\n                style=\"display: none;\"\n            >\n                \n<br><\/p>\n<ul>\n<strong>Caracter\u00edsticas<\/strong><\/p>\n<li>M\u00f3dulo de alimentaci\u00f3n de tarjetas:m\u00f3dulo de entrada con hasta 1000 tarjetas<\/li>\n<li>M\u00f3dulo de codificaci\u00f3n de banda magn\u00e9tica: 1 codificador de alta velocidad, a partir de 2.000 cph<\/li>\n<li>M\u00f3dulo de codificaci\u00f3n de chip de contacto: 8 x cabezales perso<\/li>\n<li>M\u00f3dulo de codificaci\u00f3n de chips sin contacto: 4 x cabezales perso<\/li>\n<li>Dise\u00f1o modular y flexible para facilitar el flujo de trabajo y la realizaci\u00f3n de tareas<\/li>\n<li>M\u00f3dulo de impresi\u00f3n de inyecci\u00f3n de tinta UV en color de 2 x: Sistema de curado LED y OCR para control de calidad en l\u00ednea<\/li>\n<li>Duradero, la alta resistencia de la impresi\u00f3n dura al menos 5 a\u00f1os.<\/li>\n<li>1 x abatible<\/li>\n<\/ul>\n<p><strong>Especificaciones<\/strong><\/p>\n<ul>\n<li>Tratamiento de la personalizaci\u00f3n: Impresi\u00f3n de inyecci\u00f3n de tinta en color<\/li>\n<li>Tipo de tinta: Base UV (CMYK), 4 colores + Opcional de (Blanco + Barnizado)<\/li>\n<li>Sistema de curado: UV LED<\/li>\n<li>Resoluci\u00f3n de impresi\u00f3n visible: hasta 1200 ppp, la est\u00e1ndar es 600 ppp<\/li>\n<li>Compatibilidad con materiales de tarjetas: PC, PVC, ABS y otros materiales compuestos.<\/li>\n<li>Fuente de alimentaci\u00f3n: 220V AC \u00b110%; 50 Hz \u00b1 2Hz<\/li>\n<li>Dimensiones: 9.094 x 1.206 x 1.603 mm<\/li>\n<li>Velocidad de producci\u00f3n: hasta 1.800 cph<\/li>\n<\/ul>\n            <\/div>\n        <\/div>","protected":false},"excerpt":{"rendered":"<p>El sistema de personalizaci\u00f3n de tarjetas DoD EMP6823 de inyecci\u00f3n de tinta es una opci\u00f3n ideal si desea una m\u00e1quina de impresi\u00f3n y personalizaci\u00f3n de documentos de identidad segura, de gran volumen y alta calidad que funcione con consumibles econ\u00f3micos. El sistema de impresi\u00f3n y personalizaci\u00f3n a granel EMP6823 reduce sus costes de producci\u00f3n y el coste total para su negocio al tiempo que ofrece rendimiento y calidad.<\/p>","protected":false},"featured_media":11415,"template":"","meta":{"_EventAllDay":false,"_EventTimezone":"","_EventStartDate":"","_EventEndDate":"","_EventStartDateUTC":"","_EventEndDateUTC":"","_EventShowMap":false,"_EventShowMapLink":false,"_EventURL":"","_EventCost":"","_EventCostDescription":"","_EventCurrencySymbol":"","_EventCurrencyCode":"","_EventCurrencyPosition":"","_EventDateTimeSeparator":"","_EventTimeRangeSeparator":"","_EventOrganizerID":[],"_EventVenueID":[],"_OrganizerEmail":"","_OrganizerPhone":"","_OrganizerWebsite":"","_VenueAddress":"","_VenueCity":"","_VenueCountry":"","_VenueProvince":"","_VenueState":"","_VenueZip":"","_VenuePhone":"","_VenueURL":"","_VenueStateProvince":"","_VenueLat":"","_VenueLng":"","_VenueShowMap":false,"_VenueShowMapLink":false},"product_brand":[],"product_cat":[115,49,84],"product_tag":[144],"class_list":{"0":"post-11419","1":"product","2":"type-product","3":"status-publish","4":"has-post-thumbnail","6":"product_cat-centralized-banking-card-production-equipemt","7":"product_cat-secure-id-equipment","8":"product_cat-smart-card-sim-card-equipment","9":"product_tag-card-printer-personalization-color-uv-inkjet-secure-id","11":"first","12":"instock","13":"featured","14":"shipping-taxable","15":"product-type-simple"},"jetpack_sharing_enabled":true,"_links":{"self":[{"href":"https:\/\/emperortech.us\/es\/wp-json\/wp\/v2\/product\/11419","targetHints":{"allow":["GET"]}}],"collection":[{"href":"https:\/\/emperortech.us\/es\/wp-json\/wp\/v2\/product"}],"about":[{"href":"https:\/\/emperortech.us\/es\/wp-json\/wp\/v2\/types\/product"}],"wp:featuredmedia":[{"embeddable":true,"href":"https:\/\/emperortech.us\/es\/wp-json\/wp\/v2\/media\/11415"}],"wp:attachment":[{"href":"https:\/\/emperortech.us\/es\/wp-json\/wp\/v2\/media?parent=11419"}],"wp:term":[{"taxonomy":"product_brand","embeddable":true,"href":"https:\/\/emperortech.us\/es\/wp-json\/wp\/v2\/product_brand?post=11419"},{"taxonomy":"product_cat","embeddable":true,"href":"https:\/\/emperortech.us\/es\/wp-json\/wp\/v2\/product_cat?post=11419"},{"taxonomy":"product_tag","embeddable":true,"href":"https:\/\/emperortech.us\/es\/wp-json\/wp\/v2\/product_tag?post=11419"}],"curies":[{"name":"wp","href":"https:\/\/api.w.org\/{rel}","templated":true}]}}