{"id":11512,"date":"2021-08-20T14:46:32","date_gmt":"2021-08-20T14:46:32","guid":{"rendered":"https:\/\/emperortech.us\/?post_type=product&#038;p=11512"},"modified":"2025-01-22T21:34:43","modified_gmt":"2025-01-23T03:34:43","slug":"emp6700-desktop-uv-inkjet-card-personalization-system","status":"publish","type":"product","link":"https:\/\/emperortech.us\/es\/products\/emp6700-desktop-uv-inkjet-card-personalization-system\/","title":{"rendered":"EMP6700 Sistema de personalizaci\u00f3n de tarjetas por inyecci\u00f3n de tinta UV de sobremesa"},"content":{"rendered":"<p><strong>La opci\u00f3n ideal para la personalizaci\u00f3n de tarjetas a la carta de bajo volumen<\/strong><\/p>\n<ul>\n<li>Dise\u00f1o de sobremesa: adecuado para una amplia gama de entornos de producci\u00f3n<\/li>\n<li>Flujo de trabajo totalmente autom\u00e1tico y sencillo, dise\u00f1o modular, f\u00e1cil mantenimiento<\/li>\n<li>Admite impresi\u00f3n a doble cara y de borde a borde.<\/li>\n<li>Velocidad de impresi\u00f3n: una cara - hasta 280CPH, doble cara - 150CPH<\/li>\n<li>La soluci\u00f3n m\u00e1s rentable para imprimir tarjetas en color<\/li>\n<\/ul>\n        <div class=\"rmwr-wrapper\" \n             data-id=\"rmwr-69e051bf68d3a\"\n             data-mode=\"normal\"\n             data-animation=\"fade\"\n             data-duration=\"300\"\n             data-smooth-scroll=\"true\"\n             data-scroll-offset=\"0\">\n            <button \n                type=\"button\"\n                class=\"read-link\" \n                id=\"readlinkrmwr-69e051bf68d3a\"\n                data-open-text=\"Read More\"\n                data-close-text=\"Read Less\"\n                aria-expanded=\"false\"\n                aria-controls=\"readrmwr-69e051bf68d3a\"\n                aria-label=\"Seguir leyendo\"\n            >\n                <span class=\"rmwr-text\">Seguir leyendo<\/span>\n            <\/button>\n            <div \n                class=\"read_div\" \n                id=\"readrmwr-69e051bf68d3a\"\n                aria-hidden=\"true\"\n                data-animation=\"fade\"\n                data-duration=\"300\"\n                style=\"display: none;\"\n            >\n                \n<br \/><\/p>\n<p><strong>Caracter\u00edsticas<\/strong><\/p>\n<ul>\n<li>M\u00f3dulo de alimentaci\u00f3n de tarjetas: 1 x Bandeja de entrada, 300 tarjetas.<\/li>\n<li>1 x flip-over, OCR tanto por delante como por detr\u00e1s<\/li>\n<li>M\u00f3dulo de codificaci\u00f3n de chip: 1 m\u00f3dulo de codificaci\u00f3n de chip, con funci\u00f3n de codificaci\u00f3n con y sin contacto.<\/li>\n<li>Grabado l\u00e1ser: 1 cabezal de grabado l\u00e1ser, 256 niveles de gris, 600 ppp, con MLI y CLI<\/li>\n<li>1 x M\u00f3dulo de impresi\u00f3n de inyecci\u00f3n de tinta UV en color: impresi\u00f3n de borde a borde, con sistema de curado LED<\/li>\n<li>1 x flip-over, OCR para control de calidad en l\u00ednea<\/li>\n<li>M\u00f3dulo de salida: 1x Apilador de salida, 300 tarjetas, 1x Contenedor de rechazo, 50 tarjetas,<\/li>\n<\/ul>\n<p><strong>Especificaciones<\/strong><\/p>\n<ul>\n<li>Tratamiento de la personalizaci\u00f3n: Impresi\u00f3n de inyecci\u00f3n de tinta en color de sobremesa<\/li>\n<li>Dimensiones y peso: 1850X750X700. 170kg<\/li>\n<li>SO: Windows 10 o siguiente versi\u00f3n<\/li>\n<li>Grabado l\u00e1ser: M\u00e1s de 600 ppp, MLI\/CLI<\/li>\n<li>Modo de impresi\u00f3n: 4 colores\uff08Y, M, C, K), 5 colores\uff08Y, M, C, K, Barniz\uff09<\/li>\n<li>Resoluci\u00f3n:600 x 600 ppp<\/li>\n<li>Velocidad: hasta 180 UPH<\/li>\n<\/ul>\n            <\/div>\n        <\/div>","protected":false},"excerpt":{"rendered":"<p>El sistema de personalizaci\u00f3n de tarjetas por inyecci\u00f3n de tinta UV EMP6700 produce resultados de calidad a un bajo coste por tarjeta. Esta m\u00e1quina modular, compacta y f\u00e1cil de integrar est\u00e1 dise\u00f1ada en peque\u00f1o para ofrecer un gran rendimiento en proyectos de volumen bajo a moderado.<em>-<\/em>y bolsillo.<\/p>","protected":false},"featured_media":12308,"template":"","meta":{"_EventAllDay":false,"_EventTimezone":"","_EventStartDate":"","_EventEndDate":"","_EventStartDateUTC":"","_EventEndDateUTC":"","_EventShowMap":false,"_EventShowMapLink":false,"_EventURL":"","_EventCost":"","_EventCostDescription":"","_EventCurrencySymbol":"","_EventCurrencyCode":"","_EventCurrencyPosition":"","_EventDateTimeSeparator":"","_EventTimeRangeSeparator":"","_EventOrganizerID":[],"_EventVenueID":[],"_OrganizerEmail":"","_OrganizerPhone":"","_OrganizerWebsite":"","_VenueAddress":"","_VenueCity":"","_VenueCountry":"","_VenueProvince":"","_VenueState":"","_VenueZip":"","_VenuePhone":"","_VenueURL":"","_VenueStateProvince":"","_VenueLat":"","_VenueLng":"","_VenueShowMap":false,"_VenueShowMapLink":false},"product_brand":[],"product_cat":[79,115,84],"product_tag":[77,76,78,75],"class_list":{"0":"post-11512","1":"product","2":"type-product","3":"status-publish","4":"has-post-thumbnail","6":"product_cat-card-counters","7":"product_cat-centralized-banking-card-production-equipemt","8":"product_cat-smart-card-sim-card-equipment","9":"product_tag-card-sorter","10":"product_tag-card-sorting-machine","11":"product_tag-card-sorting-system","12":"product_tag-emp8050f","14":"first","15":"instock","16":"featured","17":"shipping-taxable","18":"product-type-simple"},"jetpack_sharing_enabled":true,"_links":{"self":[{"href":"https:\/\/emperortech.us\/es\/wp-json\/wp\/v2\/product\/11512","targetHints":{"allow":["GET"]}}],"collection":[{"href":"https:\/\/emperortech.us\/es\/wp-json\/wp\/v2\/product"}],"about":[{"href":"https:\/\/emperortech.us\/es\/wp-json\/wp\/v2\/types\/product"}],"wp:featuredmedia":[{"embeddable":true,"href":"https:\/\/emperortech.us\/es\/wp-json\/wp\/v2\/media\/12308"}],"wp:attachment":[{"href":"https:\/\/emperortech.us\/es\/wp-json\/wp\/v2\/media?parent=11512"}],"wp:term":[{"taxonomy":"product_brand","embeddable":true,"href":"https:\/\/emperortech.us\/es\/wp-json\/wp\/v2\/product_brand?post=11512"},{"taxonomy":"product_cat","embeddable":true,"href":"https:\/\/emperortech.us\/es\/wp-json\/wp\/v2\/product_cat?post=11512"},{"taxonomy":"product_tag","embeddable":true,"href":"https:\/\/emperortech.us\/es\/wp-json\/wp\/v2\/product_tag?post=11512"}],"curies":[{"name":"wp","href":"https:\/\/api.w.org\/{rel}","templated":true}]}}