{"id":12984,"date":"2024-10-09T18:49:45","date_gmt":"2024-10-09T23:49:45","guid":{"rendered":"https:\/\/emperortech.us\/?post_type=product&#038;p=12984"},"modified":"2025-01-23T12:24:57","modified_gmt":"2025-01-23T18:24:57","slug":"emp6820-dod-uv-inkjet-card-personalization-system","status":"publish","type":"product","link":"https:\/\/emperortech.us\/es\/products\/emp6820-dod-uv-inkjet-card-personalization-system\/","title":{"rendered":"EMP6820 Sistema de personalizaci\u00f3n de tarjetas DoD de inyecci\u00f3n de tinta UV de gran volumen"},"content":{"rendered":"<p><strong>La elecci\u00f3n ideal para la personalizaci\u00f3n de tarjetas de gran volumen: <\/strong>La EMP6820 combina la tecnolog\u00eda de inyecci\u00f3n de tinta UV con el sistema electr\u00f3nico de gesti\u00f3n de la personalizaci\u00f3n de Emperor, ofreciendo alta velocidad e impresi\u00f3n UV a todo color. Es la opci\u00f3n ideal para la creaci\u00f3n de tarjetas de gran volumen, especialmente para fabricantes de tarjetas y centros de personalizaci\u00f3n.<\n\n\n<blockquote>\n<p>Una de las ventajas m\u00e1s notables de la EMP6820 DOD es su bajo coste operativo, que la distingue de otras soluciones de personalizaci\u00f3n como la transferencia t\u00e9rmica. Este enfoque permite a los emisores maximizar su presupuesto sin sacrificar la calidad mediante el uso de consumibles de bajo coste, lo que la convierte en una opci\u00f3n asequible para la emisi\u00f3n de tarjetas. <\/p>\n<\/blockquote>\n<p>La EMP6820 es la soluci\u00f3n de personalizaci\u00f3n monocroma DoD m\u00e1s avanzada disponible para la emisi\u00f3n de tarjetas. Eche un vistazo a algunas de sus caracter\u00edsticas:<\/p>\n        <div class=\"rmwr-wrapper\" \n             data-id=\"rmwr-69f8b6865d716\"\n             data-mode=\"normal\"\n             data-animation=\"fade\"\n             data-duration=\"300\"\n             data-smooth-scroll=\"true\"\n             data-scroll-offset=\"0\">\n            <button \n                type=\"button\"\n                class=\"read-link\" \n                id=\"readlinkrmwr-69f8b6865d716\"\n                data-open-text=\"Read More\"\n                data-close-text=\"Read Less\"\n                aria-expanded=\"false\"\n                aria-controls=\"readrmwr-69f8b6865d716\"\n                aria-label=\"Seguir leyendo\"\n            >\n                <span class=\"rmwr-text\">Seguir leyendo<\/span>\n            <\/button>\n            <div \n                class=\"read_div\" \n                id=\"readrmwr-69f8b6865d716\"\n                aria-hidden=\"true\"\n                data-animation=\"fade\"\n                data-duration=\"300\"\n                style=\"display: none;\"\n            >\n                \n<p><strong>Caracter\u00edsticas<\/strong><\/p>\n<ul>\n<li>Tecnolog\u00eda punta de ca\u00edda a demanda<\/li>\n<li>Impresi\u00f3n duradera y de alta calidad para resultados a prueba de manipulaciones<\/li>\n<li>Sistema industrial totalmente automatizado<\/li>\n<li>Producci\u00f3n de gran volumen a altas velocidades de hasta 6000 tarjetas por hora<\/li>\n<li>Sistema autom\u00e1tico de purga de tinta<\/li>\n<li>Bajos costes operativos<\/li>\n<li><strong>Personalizaci\u00f3n gr\u00e1fica<\/strong>:<br \/>\n\t  Soluci\u00f3n de bajo coste para<br \/>\n    personalizaci\u00f3n gr\u00e1fica.<\/li>\n<li>Dise\u00f1o modular para mayor flexibilidad y complementos personalizados<\/li>\n<\/ul>\n<p>  <strong>Dise\u00f1o modular y selecciones de alta gama:<\/strong><\/p>\n<ul>\n<li>F\u00e1cil ampliaci\u00f3n<\/li>\n<li>Codificaci\u00f3n de banda magn\u00e9tica<\/li>\n<li>Codificaci\u00f3n de tarjetas de contacto<\/li>\n<li>Impresi\u00f3n monocroma<\/li>\n<li>Impresi\u00f3n gr\u00e1fica en color<\/li>\n<li>Codificaci\u00f3n de tarjetas RFID sin contacto<\/li>\n<li>Verificaci\u00f3n\/comprobaci\u00f3n de OCR<\/li>\n<\/ul>\n<p><strong>Especificaciones<\/strong>:<\/p>\n<ul>\n<li>Velocidad de producci\u00f3n: hasta 12.000 cph para impresi\u00f3n gr\u00e1fica, 6.000 cph para codificaci\u00f3n de chips.<\/li>\n<li>Tipo de tinta: Base UV, 4 colores (CMYK).<\/li>\n<li>Sistema de curado: UV LED.<\/li>\n<li>Impresi\u00f3n por inyecci\u00f3n de tinta UV: Una pasada , CMYK(+W); Resoluci\u00f3n visual hasta 1060 dpi, Resoluci\u00f3n nativa: 360 ppp<\/li>\n<li>Compatibilidad con materiales de tarjetas: PC, PVC, ABS, PET, PETG y otros materiales compuestos.<\/li>\n<li>Fuente de alimentaci\u00f3n: 220V AC\u00b110%; 50 Hz \u00b1 2 Hz.<\/li>\n<li>Potencia: 3KW .<\/li>\n<li>Entorno de trabajo: Temperatura: 5~40\u2103; RH: 30\uff5e80<\/li>\n<li>Dimensiones (L\u00d7W\u00d7H): 7450*1060*1760 mm\uff08Configuraci\u00f3n est\u00e1ndar con m\u00f3dulo de alimentaci\u00f3n, 16 estaciones de codificaci\u00f3n, impresi\u00f3n UV, m\u00f3dulo de curado LED y m\u00f3dulo de descarga\uff09.<\/li>\n<li>Peso neto: 1050 kg<\/li>\n<\/ul>\n            <\/div>\n        <\/div>","protected":false},"excerpt":{"rendered":"<p>La EMP6820 es una avanzada m\u00e1quina de personalizaci\u00f3n de tarjetas de alta velocidad especialmente dise\u00f1ada para la emisi\u00f3n de grandes vol\u00famenes de tarjetas monocromas. Gracias a la vanguardista tecnolog\u00eda Drop on Demand (DoD), este sistema de \u00faltima generaci\u00f3n ofrece una eficiencia inigualable y una impresi\u00f3n monocroma (en blanco y negro) de alta calidad, lo que permite imprimir a doble cara elementos como palabras, n\u00fameros, c\u00f3digos de barras, c\u00f3digos QR y mucho m\u00e1s.<\/p>","protected":false},"featured_media":12987,"template":"","meta":{"_EventAllDay":false,"_EventTimezone":"","_EventStartDate":"","_EventEndDate":"","_EventStartDateUTC":"","_EventEndDateUTC":"","_EventShowMap":false,"_EventShowMapLink":false,"_EventURL":"","_EventCost":"","_EventCostDescription":"","_EventCurrencySymbol":"","_EventCurrencyCode":"","_EventCurrencyPosition":"","_EventDateTimeSeparator":"","_EventTimeRangeSeparator":"","_EventOrganizerID":[],"_EventVenueID":[],"_OrganizerEmail":"","_OrganizerPhone":"","_OrganizerWebsite":"","_VenueAddress":"","_VenueCity":"","_VenueCountry":"","_VenueProvince":"","_VenueState":"","_VenueZip":"","_VenuePhone":"","_VenueURL":"","_VenueStateProvince":"","_VenueLat":"","_VenueLng":"","_VenueShowMap":false,"_VenueShowMapLink":false},"product_brand":[],"product_cat":[115,49,84],"product_tag":[145],"class_list":{"0":"post-12984","1":"product","2":"type-product","3":"status-publish","4":"has-post-thumbnail","6":"product_cat-centralized-banking-card-production-equipemt","7":"product_cat-secure-id-equipment","8":"product_cat-smart-card-sim-card-equipment","9":"product_tag-id-card-printer-personalization-monochrome-uv-dod-inkjet","11":"first","12":"instock","13":"featured","14":"shipping-taxable","15":"product-type-simple"},"jetpack_sharing_enabled":true,"_links":{"self":[{"href":"https:\/\/emperortech.us\/es\/wp-json\/wp\/v2\/product\/12984","targetHints":{"allow":["GET"]}}],"collection":[{"href":"https:\/\/emperortech.us\/es\/wp-json\/wp\/v2\/product"}],"about":[{"href":"https:\/\/emperortech.us\/es\/wp-json\/wp\/v2\/types\/product"}],"wp:featuredmedia":[{"embeddable":true,"href":"https:\/\/emperortech.us\/es\/wp-json\/wp\/v2\/media\/12987"}],"wp:attachment":[{"href":"https:\/\/emperortech.us\/es\/wp-json\/wp\/v2\/media?parent=12984"}],"wp:term":[{"taxonomy":"product_brand","embeddable":true,"href":"https:\/\/emperortech.us\/es\/wp-json\/wp\/v2\/product_brand?post=12984"},{"taxonomy":"product_cat","embeddable":true,"href":"https:\/\/emperortech.us\/es\/wp-json\/wp\/v2\/product_cat?post=12984"},{"taxonomy":"product_tag","embeddable":true,"href":"https:\/\/emperortech.us\/es\/wp-json\/wp\/v2\/product_tag?post=12984"}],"curies":[{"name":"wp","href":"https:\/\/api.w.org\/{rel}","templated":true}]}}