{"id":3064,"date":"2014-04-01T17:27:55","date_gmt":"2014-04-01T17:27:55","guid":{"rendered":"http:\/\/www.emperortech.us\/product\/emp1200-card-counter\/"},"modified":"2025-01-22T18:22:41","modified_gmt":"2025-01-23T00:22:41","slug":"emp1200-card-counter","status":"publish","type":"product","link":"https:\/\/emperortech.us\/es\/products\/emp1200-card-counter\/","title":{"rendered":"EMP1200 Contadora autom\u00e1tica de tarjetas"},"content":{"rendered":"<p><strong>Contadora autom\u00e1tica de tarjetas EMP-1200<\/strong> dise\u00f1ado con modo de conducci\u00f3n mec\u00e1nica y circuito de an\u00e1lisis digital.<\/p>\n<p>Tiene la capacidad de preestablecer la cantidad de conteo y parar autom\u00e1ticamente cuando alcanza la cuota. El EMP-1200P es f\u00e1cil de usar y cuenta las tarjetas de forma r\u00e1pida y precisa. es capaz de tarjetas no transparentes de m\u00e1s de 0,45 mm de espesor, especialmente para las tarjetas sucias, viejas, da\u00f1adas. La EMP1200 est\u00e1 equipada con un gran LED para una f\u00e1cil y clara visualizaci\u00f3n del resultado del conteo. La capacidad de su bandeja de entrada y salida alcanza hasta 150 tarjetas. Hasta ahora, EMP1200 ha sido ampliamente utilizado en Speedway IC centro de gesti\u00f3n de tarjetas, y el sistema de metro por m\u00e1s de 10 a\u00f1os.<\/p>\n<p><strong>Especificaciones t\u00e9cnicas clave<\/strong><\/p>\n<ul>\n<li>Velocidad de recuento: 36000 tarjetas\/hora;<\/li>\n<li>Capacidad de la caja de tarjetas: 80-100 tarjetas;<\/li>\n<li>Pantalla LED;<\/li>\n<li>Acumulaci\u00f3n m\u00e1xima: 9999 tarjetas;<\/li>\n<li>Temperatura de trabajo: 0\u2103-40\u2103;<\/li>\n<li>Humedad de trabajo: 30%-80%;<\/li>\n<li>Fuente de alimentaci\u00f3n: 220V\u00b120% \/50Hz;<\/li>\n<li>Potencia\u226465W;<\/li>\n<li>Dimensiones: 465\uff08L\uff09x 240\uff08W\uff09x 170\uff08H\uff09mm;<\/li>\n<li>Peso: 9,5 Kg.<\/li>\n<\/ul>","protected":false},"excerpt":{"rendered":"<p>La contadora de tarjetas autom\u00e1tica EMP-1200P ofrece comodidad en espacios reducidos. Es r\u00e1pida y f\u00e1cil de usar y puede contar tarjetas con un grosor de hasta 0,45 mm y un m\u00e1ximo de 9.999 tarjetas. Puede manejar tarjetas de m\u00faltiples materiales y texturas -incluso tarjetas sucias, viejas o da\u00f1adas.<\/p>","protected":false},"featured_media":4468,"template":"","meta":{"_EventAllDay":false,"_EventTimezone":"","_EventStartDate":"","_EventEndDate":"","_EventStartDateUTC":"","_EventEndDateUTC":"","_EventShowMap":false,"_EventShowMapLink":false,"_EventURL":"","_EventCost":"","_EventCostDescription":"","_EventCurrencySymbol":"","_EventCurrencyCode":"","_EventCurrencyPosition":"","_EventDateTimeSeparator":"","_EventTimeRangeSeparator":"","_EventOrganizerID":[],"_EventVenueID":[],"_OrganizerEmail":"","_OrganizerPhone":"","_OrganizerWebsite":"","_VenueAddress":"","_VenueCity":"","_VenueCountry":"","_VenueProvince":"","_VenueState":"","_VenueZip":"","_VenuePhone":"","_VenueURL":"","_VenueStateProvince":"","_VenueLat":"","_VenueLng":"","_VenueShowMap":false,"_VenueShowMapLink":false},"product_brand":[],"product_cat":[79,115],"product_tag":[77,76,78,75],"class_list":{"0":"post-3064","1":"product","2":"type-product","3":"status-publish","4":"has-post-thumbnail","6":"product_cat-card-counters","7":"product_cat-centralized-banking-card-production-equipemt","8":"product_tag-card-sorter","9":"product_tag-card-sorting-machine","10":"product_tag-card-sorting-system","11":"product_tag-emp8050f","13":"first","14":"instock","15":"featured","16":"shipping-taxable","17":"product-type-simple"},"jetpack_sharing_enabled":true,"_links":{"self":[{"href":"https:\/\/emperortech.us\/es\/wp-json\/wp\/v2\/product\/3064","targetHints":{"allow":["GET"]}}],"collection":[{"href":"https:\/\/emperortech.us\/es\/wp-json\/wp\/v2\/product"}],"about":[{"href":"https:\/\/emperortech.us\/es\/wp-json\/wp\/v2\/types\/product"}],"wp:featuredmedia":[{"embeddable":true,"href":"https:\/\/emperortech.us\/es\/wp-json\/wp\/v2\/media\/4468"}],"wp:attachment":[{"href":"https:\/\/emperortech.us\/es\/wp-json\/wp\/v2\/media?parent=3064"}],"wp:term":[{"taxonomy":"product_brand","embeddable":true,"href":"https:\/\/emperortech.us\/es\/wp-json\/wp\/v2\/product_brand?post=3064"},{"taxonomy":"product_cat","embeddable":true,"href":"https:\/\/emperortech.us\/es\/wp-json\/wp\/v2\/product_cat?post=3064"},{"taxonomy":"product_tag","embeddable":true,"href":"https:\/\/emperortech.us\/es\/wp-json\/wp\/v2\/product_tag?post=3064"}],"curies":[{"name":"wp","href":"https:\/\/api.w.org\/{rel}","templated":true}]}}