{"id":3066,"date":"2014-04-01T20:08:39","date_gmt":"2014-04-01T20:08:39","guid":{"rendered":"http:\/\/www.emperortech.us\/product\/jc-6200g-tabletop-card-ssuance-system\/"},"modified":"2018-02-23T18:33:04","modified_gmt":"2018-02-23T18:33:04","slug":"jc-6200g-tabletop-card-ssuance-system","status":"publish","type":"product","link":"https:\/\/emperortech.us\/es\/products\/jc-6200g-tabletop-card-ssuance-system\/","title":{"rendered":"Sistema de emisi\u00f3n de tarjetas inteligentes de sobremesa JC-6200G"},"content":{"rendered":"<p><strong>El JC-6200G redise\u00f1ado y redise\u00f1ado<\/strong> ofrece m\u00e1s funciones, m\u00e1s versatilidad y un rendimiento muy estable.<br \/>\nLa m\u00e1quina de personalizaci\u00f3n de tarjetas inteligentes de sobremesa compacta y repleta de funciones preferida para la personalizaci\u00f3n de tarjetas inteligentes de peque\u00f1o y mediano volumen.<\/p>\n<p><strong>Flexible y vers\u00e1til<\/strong> suficiente para permitir la integraci\u00f3n de los m\u00f3dulos m\u00e1s comunes en la m\u00e1quina compacta: OCR, R\/W por contacto, R\/W sin contacto, grabado por l\u00e1ser y flip-over.<br \/>\nCon nuestro marcador l\u00e1ser de alto rendimiento, recogida y transporte de tarjetas sin ara\u00f1azos, asistido por vac\u00edo.<\/p>\n<p><strong>Caracter\u00edsticas principales<\/strong><\/p>\n<ul>\n<li>Grabado por l\u00e1ser: sistema de posicionamiento de alta precisi\u00f3n, capaz de marcar por las dos caras<\/li>\n<li>Alimentaci\u00f3n y transporte de tarjetas sin ara\u00f1azos<\/li>\n<li>Personalizaci\u00f3n de tarjetas inteligentes: tarjeta con contacto\/sin contacto, tarjeta de doble interfaz y tarjeta combinada<\/li>\n<li>OCR para QC o reconocimiento de caracteres (opcional) Estaci\u00f3n de volteo<\/li>\n<li>Dise\u00f1o compacto pero durabilidad de producto industrial<\/li>\n<li>Software y gesti\u00f3n por lotes de la plataforma de personalizaci\u00f3n EMP integrada basada en MS Windows 7<\/li>\n<li>L\u00e1ser (fibra de 20 vatios) suministrado con CPU, teclado, pantalla plana y software de dise\u00f1o<\/li>\n<\/ul>\n<p><strong>Par\u00e1metros t\u00e9cnicos<\/strong><\/p>\n<ul>\n<li>Velocidad de producci\u00f3n: 3.600 CPH (tarjetas por hora)<\/li>\n<li>Compatibilidad de tarjetas: ISO\/IEC 7810 ID-1; 30 mil (+\/- 10%) (alimentaci\u00f3n y transporte opcionales de tarjetas Prox de concha de almeja)<\/li>\n<li>Compatibilidad con sustratos de tarjetas: PC, PVC, ABS, PET, PETG y otros materiales compuestos.<\/li>\n<li>Compatibilidad de chips: ISO\/IEC 7816 (Contacto) e ISO\/IEC 14443-1, -2, -3, -4<\/li>\n<li>Capacidad de los cargadores: 500 tarjetas (tarjetas de 0,76 mm) o 250 tarjetas (opcional)<\/li>\n<li>Lector de contacto y lector sin contacto: lector est\u00e1ndar PC\/SC o lector TCP\/IP, personalizable seg\u00fan sus necesidades.<\/li>\n<li>OCR: personalizado<\/li>\n<li>Entorno de trabajo: Temperatura: 5~40 grados cent\u00edgrados Humedad relativa: 30%~85%<\/li>\n<li>Fuente de alimentaci\u00f3n: AC220V~240V, 50\/60Hz<\/li>\n<li>Interfaz de PC: RS-232<\/li>\n<li>Dimensiones: 1200x360x545mm<\/li>\n<li>Peso neto: 70 kg (sin l\u00e1ser ni OCR)<\/li>\n<\/ul>","protected":false},"excerpt":{"rendered":"<p>Sistema de emisi\u00f3n de tarjetas inteligentes de sobremesa JC-6200G.  Este peque\u00f1o sistema de emisi\u00f3n de tarjetas ofrece una configuraci\u00f3n flexible, software de aplicaci\u00f3n personalizado y una plataforma de software abierta. Su versatilidad le permite satisfacer diversos requisitos de producci\u00f3n de tarjetas y otros requisitos de gesti\u00f3n.<\/p>","protected":false},"featured_media":3068,"template":"","meta":{"_EventAllDay":false,"_EventTimezone":"","_EventStartDate":"","_EventEndDate":"","_EventStartDateUTC":"","_EventEndDateUTC":"","_EventShowMap":false,"_EventShowMapLink":false,"_EventURL":"","_EventCost":"","_EventCostDescription":"","_EventCurrencySymbol":"","_EventCurrencyCode":"","_EventCurrencyPosition":"","_EventDateTimeSeparator":"","_EventTimeRangeSeparator":"","_EventOrganizerID":[],"_EventVenueID":[],"_OrganizerEmail":"","_OrganizerPhone":"","_OrganizerWebsite":"","_VenueAddress":"","_VenueCity":"","_VenueCountry":"","_VenueProvince":"","_VenueState":"","_VenueZip":"","_VenuePhone":"","_VenueURL":"","_VenueStateProvince":"","_VenueLat":"","_VenueLng":"","_VenueShowMap":false,"_VenueShowMapLink":false},"product_brand":[],"product_cat":[84],"product_tag":[99,100,98],"class_list":{"0":"post-3066","1":"product","2":"type-product","3":"status-publish","4":"has-post-thumbnail","6":"product_cat-smart-card-sim-card-equipment","7":"product_tag-jc-6200g-tabletop-card-counter","8":"product_tag-smart-card-counter","9":"product_tag-tabletop-card-issuance-system","11":"first","12":"instock","13":"featured","14":"shipping-taxable","15":"product-type-simple"},"jetpack_sharing_enabled":true,"_links":{"self":[{"href":"https:\/\/emperortech.us\/es\/wp-json\/wp\/v2\/product\/3066","targetHints":{"allow":["GET"]}}],"collection":[{"href":"https:\/\/emperortech.us\/es\/wp-json\/wp\/v2\/product"}],"about":[{"href":"https:\/\/emperortech.us\/es\/wp-json\/wp\/v2\/types\/product"}],"wp:featuredmedia":[{"embeddable":true,"href":"https:\/\/emperortech.us\/es\/wp-json\/wp\/v2\/media\/3068"}],"wp:attachment":[{"href":"https:\/\/emperortech.us\/es\/wp-json\/wp\/v2\/media?parent=3066"}],"wp:term":[{"taxonomy":"product_brand","embeddable":true,"href":"https:\/\/emperortech.us\/es\/wp-json\/wp\/v2\/product_brand?post=3066"},{"taxonomy":"product_cat","embeddable":true,"href":"https:\/\/emperortech.us\/es\/wp-json\/wp\/v2\/product_cat?post=3066"},{"taxonomy":"product_tag","embeddable":true,"href":"https:\/\/emperortech.us\/es\/wp-json\/wp\/v2\/product_tag?post=3066"}],"curies":[{"name":"wp","href":"https:\/\/api.w.org\/{rel}","templated":true}]}}