{"id":3069,"date":"2014-04-01T21:06:10","date_gmt":"2014-04-01T21:06:10","guid":{"rendered":"http:\/\/www.emperortech.us\/product\/emp6800-inkjet-personalization-printing-machine\/"},"modified":"2025-01-22T18:12:31","modified_gmt":"2025-01-23T00:12:31","slug":"emp6800-inkjet-personalization-printing-machine","status":"publish","type":"product","link":"https:\/\/emperortech.us\/es\/products\/emp6800-inkjet-personalization-printing-machine\/","title":{"rendered":"EMP-S6800 Sistema de impresi\u00f3n de personalizaci\u00f3n por inyecci\u00f3n de tinta UV"},"content":{"rendered":"<p><strong>EMP-S6800 M\u00e1quina de impresi\u00f3n de personalizaci\u00f3n de inyecci\u00f3n de tinta UV. <\/strong>El sistema de personalizaci\u00f3n por inyecci\u00f3n de tinta UV es una plataforma de personalizaci\u00f3n de alto rendimiento y calidad desarrollada por Emperor Technology con la tecnolog\u00eda de impresi\u00f3n por inyecci\u00f3n de tinta UV m\u00e1s avanzada.<\/p>\n<p>La impresora de tarjetas inteligentes EMP-S6800 adopta la tecnolog\u00eda de manejo e impresi\u00f3n de m\u00faltiples transportadores para equilibrar la velocidad y la estabilidad de la m\u00e1quina, es la primera opci\u00f3n para la impresi\u00f3n perso UV de alta velocidad, alta resoluci\u00f3n y a todo color para una amplia variedad de tarjetas.<\/p>\n<p><strong>Obtenga los siguientes beneficios de su EMP6800.<\/strong>..<\/p>\n<ol>\n<li><strong><em> Alta velocidad:<\/em><\/strong> El nuevo cabezal de impresi\u00f3n de alta velocidad y precisi\u00f3n contiene 1024 boquillas, lo que permite obtener una impresi\u00f3n digital de inyecci\u00f3n de tinta de alta calidad.<\/li>\n<li><strong><em>Alta estabilidad:<\/em> <\/strong>Nuevo dise\u00f1o con el sistema de control m\u00e1s preciso y piezas de molde de alta precisi\u00f3n, deslice libremente, fuerte, estable, sin inclinaci\u00f3n, garantizar la impresi\u00f3n estable y continua. Correr tarjetas m\u00e1s suave, ayuda a lograr una impresi\u00f3n continua y estable.<\/li>\n<li><strong><em>Alta calidad:<\/em><\/strong> La estructura totalmente sellada mejora el entorno de trabajo de los empleados. El dise\u00f1o mec\u00e1nico de alta precisi\u00f3n garantiza la estabilidad del movimiento de las tarjetas y consigue una impresi\u00f3n estable de alta calidad.<\/li>\n<li>Multifunci\u00f3n: Motor y carril gu\u00eda de alta calidad, equipados con pantalla incorporada, interacci\u00f3n m\u00e1s directa entre el hombre y el ordenador, aspecto sencillo y uniforme. El sistema compacto de solidificaci\u00f3n UV LED ahorra costes y es respetuoso con el medio ambiente, reduce los requisitos medioambientales y de suministro el\u00e9ctrico. Esto garantiza una reproducci\u00f3n de alto contraste y una fuerte adherencia de la tinta. Innovadora plataforma de impresi\u00f3n ajustable que admite diferentes materiales de distintos grosores.<\/li>\n<\/ol>\n<p><strong>Caracter\u00edsticas principales<\/strong><\/p>\n<ul>\n<li>Resoluci\u00f3n: 360 1080 ppp<\/li>\n<li>8 a\u00f1os de duraci\u00f3n<\/li>\n<li>Consumibles de bajo coste<\/li>\n<li>Prevenci\u00f3n de ara\u00f1azos en todo el proceso<\/li>\n<li>Dise\u00f1o compacto<\/li>\n<li>Sistema de curado LED UV: larga vida \u00fatil, baja radiaci\u00f3n t\u00e9rmica;<\/li>\n<li>Material de la tarjeta: PET, PVC, PC, etc.<\/li>\n<\/ul>\n<p><strong>Par\u00e1metros t\u00e9cnicos<\/strong>s<\/p>\n<ul>\n<li>Velocidad de producci\u00f3n: 3000 tarjetas\/hora (impresi\u00f3n en color\/una cara) Tinta: 4 colores (cian, magenta, amarillo, negro)<\/li>\n<li>Transportador de impresi\u00f3n: 20<\/li>\n<li>Estaci\u00f3n de impresi\u00f3n: 20 x 5=100 tarjetas Descargador<\/li>\n<li>Capacidad: 120 tarjetas \/ Almac\u00e9n Fuente de alimentaci\u00f3n: 220V AC 10%; 50 Hz 2 Hz Potencia: 1200W<\/li>\n<li>Entorno de trabajo:<\/li>\n<li>Temperatura: 5 40 grados cent\u00edgrados HR: 30 80<\/li>\n<li>Dimensiones: 2800(L) 1500(An) 1600(Al) mm<\/li>\n<li>Peso neto: 970 kg<\/li>\n<\/ul>","protected":false},"excerpt":{"rendered":"<p>La multifuncional EMP-S6800 tiene varias caracter\u00edsticas que te encantar\u00e1n, como alta velocidad, alta estabilidad y alta calidad de impresi\u00f3n.<\/p>","protected":false},"featured_media":3190,"template":"","meta":{"_EventAllDay":false,"_EventTimezone":"","_EventStartDate":"","_EventEndDate":"","_EventStartDateUTC":"","_EventEndDateUTC":"","_EventShowMap":false,"_EventShowMapLink":false,"_EventURL":"","_EventCost":"","_EventCostDescription":"","_EventCurrencySymbol":"","_EventCurrencyCode":"","_EventCurrencyPosition":"","_EventDateTimeSeparator":"","_EventTimeRangeSeparator":"","_EventOrganizerID":[],"_EventVenueID":[],"_OrganizerEmail":"","_OrganizerPhone":"","_OrganizerWebsite":"","_VenueAddress":"","_VenueCity":"","_VenueCountry":"","_VenueProvince":"","_VenueState":"","_VenueZip":"","_VenuePhone":"","_VenueURL":"","_VenueStateProvince":"","_VenueLat":"","_VenueLng":"","_VenueShowMap":false,"_VenueShowMapLink":false},"product_brand":[],"product_cat":[49,84],"product_tag":[],"class_list":{"0":"post-3069","1":"product","2":"type-product","3":"status-publish","4":"has-post-thumbnail","6":"product_cat-secure-id-equipment","7":"product_cat-smart-card-sim-card-equipment","9":"first","10":"instock","11":"featured","12":"shipping-taxable","13":"product-type-simple"},"jetpack_sharing_enabled":true,"_links":{"self":[{"href":"https:\/\/emperortech.us\/es\/wp-json\/wp\/v2\/product\/3069","targetHints":{"allow":["GET"]}}],"collection":[{"href":"https:\/\/emperortech.us\/es\/wp-json\/wp\/v2\/product"}],"about":[{"href":"https:\/\/emperortech.us\/es\/wp-json\/wp\/v2\/types\/product"}],"wp:featuredmedia":[{"embeddable":true,"href":"https:\/\/emperortech.us\/es\/wp-json\/wp\/v2\/media\/3190"}],"wp:attachment":[{"href":"https:\/\/emperortech.us\/es\/wp-json\/wp\/v2\/media?parent=3069"}],"wp:term":[{"taxonomy":"product_brand","embeddable":true,"href":"https:\/\/emperortech.us\/es\/wp-json\/wp\/v2\/product_brand?post=3069"},{"taxonomy":"product_cat","embeddable":true,"href":"https:\/\/emperortech.us\/es\/wp-json\/wp\/v2\/product_cat?post=3069"},{"taxonomy":"product_tag","embeddable":true,"href":"https:\/\/emperortech.us\/es\/wp-json\/wp\/v2\/product_tag?post=3069"}],"curies":[{"name":"wp","href":"https:\/\/api.w.org\/{rel}","templated":true}]}}