{"id":3149,"date":"2014-04-24T05:14:11","date_gmt":"2014-04-24T05:14:11","guid":{"rendered":"http:\/\/www.emperortech.us\/product\/emp1200-card-counter-2\/"},"modified":"2025-01-22T22:37:08","modified_gmt":"2025-01-23T04:37:08","slug":"jc3200-card-counter","status":"publish","type":"product","link":"https:\/\/emperortech.us\/es\/products\/jc3200-card-counter\/","title":{"rendered":"Contadora autom\u00e1tica de tarjetas JC-3200"},"content":{"rendered":"<p><strong>Caracter\u00edsticas de la contadora de tarjetas JC-3200C:<br \/>\n<\/strong><\/p>\n<ul>\n<li>Resultados de recuento r\u00e1pidos y precisos<\/li>\n<li>F\u00e1cil carga de tarjetas en el cargador<\/li>\n<li>Rendimiento rentable y duradero<\/li>\n<li>Se aceptan OEM y servicios personalizados<\/li>\n<li>Un a\u00f1o de garant\u00eda, mantenimiento de por vida<\/li>\n<\/ul>\n<p><strong>Contadora de tarjetas JC-3200C<\/strong> se ha dise\u00f1ado utilizando tecnolog\u00edas avanzadas de an\u00e1lisis l\u00f3gico con componentes \u00f3pticos duales de alta calidad. La electr\u00f3nica digital de precisi\u00f3n y los dos circuitos independientes de recuento y c\u00e1lculo escanean autom\u00e1ticamente las tarjetas y, a continuaci\u00f3n, comprueban y verifican los resultados de cada circuito. Con su c\u00e1lculo fotoel\u00e9ctrico, la JC-3200C est\u00e1 dise\u00f1ada para contar tarjetas tan finas como 0,009\" (0,22 mm), hechas de casi cualquier material opaco. La unidad contar\u00e1 tarjetas con o sin relieve de hasta 0,040\" (1 mm) de grosor.<\/p>\n<p><strong>El JC-3200C<\/strong> puede conectarse a un suministro de aire comprimido, lo que la hace especialmente apta para contar tarjetas finas de pl\u00e1stico y papel. La gran pantalla LCD de f\u00e1cil manejo, los informes de voz y la acumulaci\u00f3n de tarjetas de hasta 99.999 tarjetas hacen que la JC-3200C sea m\u00e1s f\u00e1cil y c\u00f3moda de usar.<\/p>\n<p><strong>PAR\u00c1METROS T\u00c9CNICOS<\/strong><\/p>\n<ul>\n<li>Entrada CA: 120\uff5e240V, 50\uff5e60HZ, 1A<\/li>\n<li>Consumo de energ\u00eda:\u226425W<\/li>\n<li>Entorno de trabajo: Temperatura: 32\u00baF - 104\u00baF (0\u00baC - 40\u00baC), Humedad: 30% - 90%<\/li>\n<li>Velocidad de recuento: 500 tarjetas \/ 4 segundos<\/li>\n<li>Indicaciones al usuario: Pantalla LED con informe de voz<\/li>\n<li>Acumulaci\u00f3n m\u00e1xima: 99.999 tarjetas<\/li>\n<li>Interfaz: RS-232C (opcional)<\/li>\n<li>Dimensiones: 26\"(ancho) x 8,7\"(fondo) x 11\"(alto) (660mm x 220mm x 280mm)<\/li>\n<li>Peso neto: 40 LB (18 KG)<\/li>\n<\/ul>\n<p><strong>&nbsp;Las aplicaciones m\u00e1s populares son:<\/strong><\/p>\n<ul class=\"no-bullet\">\n<li>Banca<\/li>\n<li>Televisi\u00f3n de pago<\/li>\n<li>Sanidad<\/li>\n<li>GSM<\/li>\n<li>Tarjetas telef\u00f3nicas de prepago<\/li>\n<li>Identificaci\u00f3n corporativa y gubernamental<\/li>\n<li>Venta al por menor\/fidelidad<\/li>\n<li>Tr\u00e1nsito<\/li>\n<li>Eventos deportivos<\/li>\n<li>Identificaci\u00f3n del estudiante<\/li>\n<li>Tarjetas de afiliaci\u00f3n<\/li>\n<li>Tarjetas de cr\u00e9dito<\/li>\n<li>Hotel. tarjetas llave<\/li>\n<li>Y m\u00e1s...<\/li>\n<\/ul>","protected":false},"excerpt":{"rendered":"<p>La contadora de tarjetas de sobremesa JC3200 cuenta con precisi\u00f3n tarjetas de pl\u00e1stico o papel y proporciona una excelente exactitud de conteo. Su robusto dise\u00f1o garantiza un funcionamiento fiable durante las 24 horas del d\u00eda. Le ayudar\u00e1 a reducir dr\u00e1sticamente los periodos de control y los costes en su producci\u00f3n diaria de tarjetas. El funcionamiento de la JC3200 es muy sencillo y c\u00f3modo. Se puede conectar una impresora a la interfaz RS 232 de la contadora.<\/p>","protected":false},"featured_media":3192,"template":"","meta":{"_EventAllDay":false,"_EventTimezone":"","_EventStartDate":"","_EventEndDate":"","_EventStartDateUTC":"","_EventEndDateUTC":"","_EventShowMap":false,"_EventShowMapLink":false,"_EventURL":"","_EventCost":"","_EventCostDescription":"","_EventCurrencySymbol":"","_EventCurrencyCode":"","_EventCurrencyPosition":"","_EventDateTimeSeparator":"","_EventTimeRangeSeparator":"","_EventOrganizerID":[],"_EventVenueID":[],"_OrganizerEmail":"","_OrganizerPhone":"","_OrganizerWebsite":"","_VenueAddress":"","_VenueCity":"","_VenueCountry":"","_VenueProvince":"","_VenueState":"","_VenueZip":"","_VenuePhone":"","_VenueURL":"","_VenueStateProvince":"","_VenueLat":"","_VenueLng":"","_VenueShowMap":false,"_VenueShowMapLink":false},"product_brand":[],"product_cat":[79,114],"product_tag":[77,76,78,103],"class_list":{"0":"post-3149","1":"product","2":"type-product","3":"status-publish","4":"has-post-thumbnail","6":"product_cat-card-counters","7":"product_cat-retail-banking-equipment","8":"product_tag-card-sorter","9":"product_tag-card-sorting-machine","10":"product_tag-card-sorting-system","11":"product_tag-jc3200c","13":"first","14":"instock","15":"featured","16":"shipping-taxable","17":"product-type-simple"},"jetpack_sharing_enabled":true,"_links":{"self":[{"href":"https:\/\/emperortech.us\/es\/wp-json\/wp\/v2\/product\/3149","targetHints":{"allow":["GET"]}}],"collection":[{"href":"https:\/\/emperortech.us\/es\/wp-json\/wp\/v2\/product"}],"about":[{"href":"https:\/\/emperortech.us\/es\/wp-json\/wp\/v2\/types\/product"}],"wp:featuredmedia":[{"embeddable":true,"href":"https:\/\/emperortech.us\/es\/wp-json\/wp\/v2\/media\/3192"}],"wp:attachment":[{"href":"https:\/\/emperortech.us\/es\/wp-json\/wp\/v2\/media?parent=3149"}],"wp:term":[{"taxonomy":"product_brand","embeddable":true,"href":"https:\/\/emperortech.us\/es\/wp-json\/wp\/v2\/product_brand?post=3149"},{"taxonomy":"product_cat","embeddable":true,"href":"https:\/\/emperortech.us\/es\/wp-json\/wp\/v2\/product_cat?post=3149"},{"taxonomy":"product_tag","embeddable":true,"href":"https:\/\/emperortech.us\/es\/wp-json\/wp\/v2\/product_tag?post=3149"}],"curies":[{"name":"wp","href":"https:\/\/api.w.org\/{rel}","templated":true}]}}