{"id":3152,"date":"2014-04-24T05:35:05","date_gmt":"2014-04-24T05:35:05","guid":{"rendered":"http:\/\/www.emperortech.us\/product\/emp1100c-card-counter\/"},"modified":"2025-01-23T02:06:46","modified_gmt":"2025-01-23T08:06:46","slug":"emp1100c-card-counter","status":"publish","type":"product","link":"https:\/\/emperortech.us\/es\/products\/emp1100c-card-counter\/","title":{"rendered":"EMP1100C Contador de tarjetas"},"content":{"rendered":"<p><span class=\"intro\"><strong>La contadora de tarjetas manual EMP1100C<\/strong> es la actualizaci\u00f3n de la contadora de tarjetas port\u00e1til JC1100B. Esta NUEVA GENERACI\u00d3N de contadora de tarjetas port\u00e1til ofrece nuevas funciones como la gesti\u00f3n de datos, el men\u00fa de operaciones y la carga inal\u00e1mbrica de la bater\u00eda. Dispone de circuitos digitales avanzados de bajo consumo con tecnolog\u00eda fotoel\u00e9ctrica y puede contar la mayor\u00eda de tarjetas de m\u00e1s de 0,4 mm de grosor, fabricadas con diversos materiales y sustratos. Su dise\u00f1o ergon\u00f3mico y compacto le confiere potencia y fiabilidad. La EMP1100C encontrar\u00e1 su lugar en todos los departamentos de control de calidad y expedici\u00f3n de entornos de fabricaci\u00f3n y procesamiento de tarjetas.<\/span><\/p>\n<p><span class=\"intro\">Puede utilizarse en tarjetas pl\u00e1sticas de transferencia t\u00e9rmica en relieve y planas. <\/span><\/p>\n<div class=\"product-tab-content float-left cleft\">\n<h4>Modelo<\/h4>\n<ul class=\"no-bullet\">\n<li>EMP1100C<\/li>\n<\/ul>\n<h4>Las aplicaciones m\u00e1s populares son:<\/h4>\n<ul class=\"no-bullet\">\n<li>Banca<\/li>\n<li>Televisi\u00f3n de pago<\/li>\n<li>Sanidad<\/li>\n<li>GSM<\/li>\n<li>Tarjetas telef\u00f3nicas de prepago<\/li>\n<li>Identificaci\u00f3n corporativa y gubernamental<\/li>\n<li>Venta al por menor\/fidelidad<\/li>\n<li>Tr\u00e1nsito<\/li>\n<li>Eventos deportivos<\/li>\n<li>Identificaci\u00f3n del estudiante<\/li>\n<li>Tarjetas de afiliaci\u00f3n<\/li>\n<li>Tarjetas de cr\u00e9dito<\/li>\n<li>Hotel. tarjetas llave<\/li>\n<li>Y m\u00e1s...<\/li>\n<\/ul>\n<h4>Caracter\u00edsticas<\/h4>\n<ul class=\"product-tab-content\" style=\"margin-left: 15px;\">\n<li>Resultados de recuento r\u00e1pidos y precisos<\/li>\n<li>Rendimiento rentable y duradero<\/li>\n<li><span style=\"text-decoration: underline;\">Un a\u00f1o de garant\u00eda local <\/span>y mantenimiento de por vida con un tiempo de respuesta r\u00e1pido<\/li>\n<li>Recuento de acumulaci\u00f3n y recuento de tiempo \u00fanico.<\/li>\n<li>\u00a0 Software gratuito EMP1100C DATA MANAGER compatible con MS Windows.<\/li>\n<\/ul>\n<\/div>","protected":false},"excerpt":{"rendered":"<p>La contadora de tarjetas manual EMP1100C adopta el avanzado circuito digital de bajo consumo y la teor\u00eda de la fotoelectricidad. Esta contadora de tarjetas de alta precisi\u00f3n, ligera, alimentada por litio y multifuncional tiene una bater\u00eda de larga duraci\u00f3n y es muy f\u00e1cil de manejar. Con una precisi\u00f3n de recuento inigualable, puede utilizarse en una amplia gama de materiales de tarjetas de grosor superior a 0,4 mm. Adem\u00e1s, las pantallas LCD de gran capacidad muestran hasta 999.999 unidades.<\/p>","protected":false},"featured_media":3151,"template":"","meta":{"_EventAllDay":false,"_EventTimezone":"","_EventStartDate":"","_EventEndDate":"","_EventStartDateUTC":"","_EventEndDateUTC":"","_EventShowMap":false,"_EventShowMapLink":false,"_EventURL":"","_EventCost":"","_EventCostDescription":"","_EventCurrencySymbol":"","_EventCurrencyCode":"","_EventCurrencyPosition":"","_EventDateTimeSeparator":"","_EventTimeRangeSeparator":"","_EventOrganizerID":[],"_EventVenueID":[],"_OrganizerEmail":"","_OrganizerPhone":"","_OrganizerWebsite":"","_VenueAddress":"","_VenueCity":"","_VenueCountry":"","_VenueProvince":"","_VenueState":"","_VenueZip":"","_VenuePhone":"","_VenueURL":"","_VenueStateProvince":"","_VenueLat":"","_VenueLng":"","_VenueShowMap":false,"_VenueShowMapLink":false},"product_brand":[],"product_cat":[79,114,84],"product_tag":[77,76,78,101],"class_list":{"0":"post-3152","1":"product","2":"type-product","3":"status-publish","4":"has-post-thumbnail","6":"product_cat-card-counters","7":"product_cat-retail-banking-equipment","8":"product_cat-smart-card-sim-card-equipment","9":"product_tag-card-sorter","10":"product_tag-card-sorting-machine","11":"product_tag-card-sorting-system","12":"product_tag-emp1100c","14":"first","15":"instock","16":"featured","17":"shipping-taxable","18":"product-type-simple"},"jetpack_sharing_enabled":true,"_links":{"self":[{"href":"https:\/\/emperortech.us\/es\/wp-json\/wp\/v2\/product\/3152","targetHints":{"allow":["GET"]}}],"collection":[{"href":"https:\/\/emperortech.us\/es\/wp-json\/wp\/v2\/product"}],"about":[{"href":"https:\/\/emperortech.us\/es\/wp-json\/wp\/v2\/types\/product"}],"wp:featuredmedia":[{"embeddable":true,"href":"https:\/\/emperortech.us\/es\/wp-json\/wp\/v2\/media\/3151"}],"wp:attachment":[{"href":"https:\/\/emperortech.us\/es\/wp-json\/wp\/v2\/media?parent=3152"}],"wp:term":[{"taxonomy":"product_brand","embeddable":true,"href":"https:\/\/emperortech.us\/es\/wp-json\/wp\/v2\/product_brand?post=3152"},{"taxonomy":"product_cat","embeddable":true,"href":"https:\/\/emperortech.us\/es\/wp-json\/wp\/v2\/product_cat?post=3152"},{"taxonomy":"product_tag","embeddable":true,"href":"https:\/\/emperortech.us\/es\/wp-json\/wp\/v2\/product_tag?post=3152"}],"curies":[{"name":"wp","href":"https:\/\/api.w.org\/{rel}","templated":true}]}}