{"id":3162,"date":"2014-04-30T15:03:39","date_gmt":"2014-04-30T15:03:39","guid":{"rendered":"http:\/\/www.emperortech.us\/product\/emp2901a-biometric-capturing-terminal\/"},"modified":"2016-08-03T23:53:38","modified_gmt":"2016-08-03T23:53:38","slug":"emp2901a-biometric-capturing-terminal","status":"publish","type":"product","link":"https:\/\/emperortech.us\/es\/products\/emp2901a-biometric-capturing-terminal\/","title":{"rendered":"EMP2901A Terminal de captura biom\u00e9trica"},"content":{"rendered":"<p><strong>EMP2901A Dispositivo de captura de biodatos<\/strong> es un dispositivo de captura multifuncional para la recogida de datos personales, huella dactilar, firma y retrato. El dispositivo consta de unidad de control, esc\u00e1ner de huellas dactilares, panel de firma, unidad de c\u00e1mara, unidad de escaneado de documentos, unidad de fotograf\u00eda de documentos y grabadora de DVD. Se ha utilizado ampliamente en la recogida de datos del pasaporte electr\u00f3nico y otros documentos de la seguridad social.<\/p>\n<p><strong>Caracter\u00edsticas<\/strong><\/p>\n<ul>\n<li>HMI f\u00e1cil de usar; visualizaci\u00f3n en tiempo real del estado de la recogida y de la informaci\u00f3n recogida; gu\u00eda de usuario con indicaciones de voz e im\u00e1genes para facilitar el manejo.<\/li>\n<li>Recogida de datos personales: importaci\u00f3n de datos personales (nombre, sexo, fecha de nacimiento, lugar de nacimiento y n\u00famero de DNI) mediante lectura de documentos de identidad y\/o introducci\u00f3n manual.<\/li>\n<li>Captura de huellas dactilares: escaneado de huellas dactilares simple \/ doble; optimizaci\u00f3n y adaptaci\u00f3n autom\u00e1ticas; generaci\u00f3n autom\u00e1tica del formato de las huellas dactilares; admite la verificaci\u00f3n de huellas dactilares.<\/li>\n<li>Captura de firma: recoge la firma manuscrita a trav\u00e9s de la ventana de visualizaci\u00f3n; optimizaci\u00f3n de la imagen de la firma; eliminaci\u00f3n autom\u00e1tica del fondo; firma repetida.<\/li>\n<li>Captura de retratos: hazte retratos con la c\u00e1mara in situ<\/li>\n<li>Fotograf\u00eda de documentos: c\u00e1mara profesional de documentos, fotograf\u00eda carn\u00e9s de identidad u otros documentos y extrae los datos personales.<\/li>\n<li>Cifrado de datos con USB-KEY y transferencia de datos mediante interfaz de seguridad USB<\/li>\n<li>Almacenamiento y transferencia de datos mediante la grabadora de DVD integrada.<\/li>\n<li>Blindaje f\u00edsico de la interfaz de hardware de comunicaci\u00f3n de red (incluyendo cable\/inal\u00e1mbrica y Bluetooth) para evitar la divulgaci\u00f3n de datos.<\/li>\n<li>Autenticaci\u00f3n m\u00faltiple del operador<\/li>\n<li>Dise\u00f1o tipo maleta de todo el dispositivo, f\u00e1cil de llevar y transportar, a prueba de vibraciones y polvo.<\/li>\n<\/ul>\n<p><strong>Par\u00e1metros t\u00e9cnicos<\/strong><\/p>\n<ul>\n<li>Unidad de control: Sistema operativo Windows 7; pantalla t\u00e1ctil de 8; procesador de 2,4 GHz, 1 G de RAM y 64 G de disco duro.<\/li>\n<li>Unidad de recogida de datos personales: capaz de leer documentos de identidad sin contacto conformes a la norma ISO14443 (Tipo B).<\/li>\n<li>Unidad de recogida de huellas dactilares: Certificado GA; la resoluci\u00f3n m\u00e1xima alcanza los 500 ppp; foto de 640 640 p\u00edxeles; velocidad de 20 fotogramas por segundo<\/li>\n<li>Unidad de recogida de firmas: tecnolog\u00eda de inducci\u00f3n electromagn\u00e9tica; l\u00e1piz sensible a la presi\u00f3n pasiva; resoluci\u00f3n 500DPI; velocidad m\u00e1xima de lectura 200 puntos por segundo.<\/li>\n<li>Unidad de captura de retratos: c\u00e1mara de 2 millones de p\u00edxeles y sensor de luz adaptativo para la captura instant\u00e1nea de retratos<\/li>\n<li>Unidad de fotograf\u00eda de documentos: C\u00e1mara de 5 millones de p\u00edxeles con resoluci\u00f3n 2592 1944; tama\u00f1o de fotograf\u00eda: A3\/A4\/A5; velocidad de fotograf\u00eda: 1 segundo por unidad; color de imagen de 24 bits; fuente de luz LED auxiliar<\/li>\n<\/ul>\n<p><strong>Unidad de fotograf\u00eda de carn\u00e9 de alta calidad (opcional)<\/strong><\/p>\n<p>Instalada con c\u00e1mara digital r\u00e9flex de objetivo \u00fanico con enfoque y exposici\u00f3n autom\u00e1ticos; respuesta de alta velocidad en cualquier condici\u00f3n.<\/p>\n<p>Software de procesamiento de fotos ID integrado conectado a la c\u00e1mara digital para ajustar autom\u00e1ticamente los par\u00e1metros de disparo de la c\u00e1mara: cara autom\u00e1tica<br \/>\ndetecci\u00f3n, zoom y rotaci\u00f3n; eliminaci\u00f3n autom\u00e1tica del fondo y ajuste del color; aseg\u00farese de que la foto de salida es cualificada.<\/p>\n<p>Control de calidad de las fotograf\u00edas: someta las fotograf\u00edas recopiladas a un control de calidad y reciba puntualmente los resultados.<\/p>","protected":false},"excerpt":{"rendered":"<p><strong>EMP2901A Dispositivo de captura de biodatos<\/strong> es un dispositivo de captura multifuncional para la recogida de datos personales, huella dactilar, firma y retrato.<\/p>","protected":false},"featured_media":3163,"template":"","meta":{"_EventAllDay":false,"_EventTimezone":"","_EventStartDate":"","_EventEndDate":"","_EventStartDateUTC":"","_EventEndDateUTC":"","_EventShowMap":false,"_EventShowMapLink":false,"_EventURL":"","_EventCost":"","_EventCostDescription":"","_EventCurrencySymbol":"","_EventCurrencyCode":"","_EventCurrencyPosition":"","_EventDateTimeSeparator":"","_EventTimeRangeSeparator":"","_EventOrganizerID":[],"_EventVenueID":[],"_OrganizerEmail":"","_OrganizerPhone":"","_OrganizerWebsite":"","_VenueAddress":"","_VenueCity":"","_VenueCountry":"","_VenueProvince":"","_VenueState":"","_VenueZip":"","_VenuePhone":"","_VenueURL":"","_VenueStateProvince":"","_VenueLat":"","_VenueLng":"","_VenueShowMap":false,"_VenueShowMapLink":false},"product_brand":[],"product_cat":[49],"product_tag":[],"class_list":{"0":"post-3162","1":"product","2":"type-product","3":"status-publish","4":"has-post-thumbnail","6":"product_cat-secure-id-equipment","8":"first","9":"instock","10":"featured","11":"shipping-taxable","12":"product-type-simple"},"jetpack_sharing_enabled":true,"_links":{"self":[{"href":"https:\/\/emperortech.us\/es\/wp-json\/wp\/v2\/product\/3162","targetHints":{"allow":["GET"]}}],"collection":[{"href":"https:\/\/emperortech.us\/es\/wp-json\/wp\/v2\/product"}],"about":[{"href":"https:\/\/emperortech.us\/es\/wp-json\/wp\/v2\/types\/product"}],"wp:featuredmedia":[{"embeddable":true,"href":"https:\/\/emperortech.us\/es\/wp-json\/wp\/v2\/media\/3163"}],"wp:attachment":[{"href":"https:\/\/emperortech.us\/es\/wp-json\/wp\/v2\/media?parent=3162"}],"wp:term":[{"taxonomy":"product_brand","embeddable":true,"href":"https:\/\/emperortech.us\/es\/wp-json\/wp\/v2\/product_brand?post=3162"},{"taxonomy":"product_cat","embeddable":true,"href":"https:\/\/emperortech.us\/es\/wp-json\/wp\/v2\/product_cat?post=3162"},{"taxonomy":"product_tag","embeddable":true,"href":"https:\/\/emperortech.us\/es\/wp-json\/wp\/v2\/product_tag?post=3162"}],"curies":[{"name":"wp","href":"https:\/\/api.w.org\/{rel}","templated":true}]}}