{"id":3248,"date":"2014-05-13T12:07:12","date_gmt":"2014-05-13T12:07:12","guid":{"rendered":"http:\/\/emperortech.us\/product\/emp6600-centralized-banking-card-issuance\/"},"modified":"2025-01-23T13:56:48","modified_gmt":"2025-01-23T19:56:48","slug":"emp6600-centralized-banking-card-issuance","status":"publish","type":"product","link":"https:\/\/emperortech.us\/es\/products\/emp6600-centralized-banking-card-issuance\/","title":{"rendered":"EMP-6600 Emisi\u00f3n de tarjetas bancarias centralizadas"},"content":{"rendered":"<p><strong>La opci\u00f3n ideal para la emisi\u00f3n de grandes vol\u00famenes de tarjetas bancarias<\/strong><\/p>\n<ul>\n<li>Personalizaci\u00f3n de tarjetas m\u00e1s r\u00e1pida Menor huella de m\u00e1quina<\/li>\n<li>Dise\u00f1o mec\u00e1nico compacto de la estampadora<\/li>\n<li>Funci\u00f3n completa<\/li>\n<li>Dise\u00f1o modular con disponibilidad de combinaciones flexibles para satisfacer diversos requisitos de emisi\u00f3n<\/li>\n<\/ul>\n<p><strong>Caracter\u00edsticas<\/strong><\/p>\n<ul>\n<li>Codificaci\u00f3n de banda magn\u00e9tica: 3 pistas ISO 7811, HiCo, LoCo.<\/li>\n<li>Personalizaci\u00f3n de chips: hasta 64 cabezas lectoras, contacto, sin contacto, doble interfaz. Gofrado: hasta 3 gofradores.<\/li>\n<li>Amplio soporte de fuentes<\/li>\n<li>Basculante: f\u00e1cil sustituci\u00f3n de la cinta, disponible para dos cintas diferentes en un m\u00f3dulo<\/li>\n<li>Funci\u00f3n de clasificaci\u00f3n de tarjetas<\/li>\n<\/ul>\n<p><strong>Especificaciones<\/strong><\/p>\n<ul>\n<li>Velocidad: hasta 1500 cph<\/li>\n<li>Compatibilidad con materiales de tarjetas: PC, PVC, ABS, PET, PETG y otros materiales compuestos.<\/li>\n<li>Compatibilidad con tama\u00f1o de tarjeta: ISO\/IEC 7810 ID-1; 30 mil (+\/-10%), Fuente de alimentaci\u00f3n: 220V 50\/60HZ<\/li>\n<li>Consumo de energ\u00eda: 3000 W<\/li>\n<li>Entorno de trabajo: Temperatura: 5~40 ; Humedad relativa: 30%~85% Dimensi\u00f3n: 3900 830 1600 mm (configuraci\u00f3n est\u00e1ndar)<\/li>\n<li>Peso neto: 900 kg (configuraci\u00f3n est\u00e1ndar)<\/li>\n<li>Sistema operativo: Windows 7<\/li>\n<\/ul>","protected":false},"excerpt":{"rendered":"<p>La impresora de tarjetas de sobremesa EMP6600 UV-Jet es la opci\u00f3n ideal para la emisi\u00f3n de grandes vol\u00famenes de tarjetas bancarias.<\/p>","protected":false},"featured_media":3183,"template":"","meta":{"_EventAllDay":false,"_EventTimezone":"","_EventStartDate":"","_EventEndDate":"","_EventStartDateUTC":"","_EventEndDateUTC":"","_EventShowMap":false,"_EventShowMapLink":false,"_EventURL":"","_EventCost":"","_EventCostDescription":"","_EventCurrencySymbol":"","_EventCurrencyCode":"","_EventCurrencyPosition":"","_EventDateTimeSeparator":"","_EventTimeRangeSeparator":"","_EventOrganizerID":[],"_EventVenueID":[],"_OrganizerEmail":"","_OrganizerPhone":"","_OrganizerWebsite":"","_VenueAddress":"","_VenueCity":"","_VenueCountry":"","_VenueProvince":"","_VenueState":"","_VenueZip":"","_VenuePhone":"","_VenueURL":"","_VenueStateProvince":"","_VenueLat":"","_VenueLng":"","_VenueShowMap":false,"_VenueShowMapLink":false},"product_brand":[],"product_cat":[83,115],"product_tag":[],"class_list":{"0":"post-3248","1":"product","2":"type-product","3":"status-publish","4":"has-post-thumbnail","6":"product_cat-banking-card-equipment","7":"product_cat-centralized-banking-card-production-equipemt","9":"first","10":"instock","11":"featured","12":"shipping-taxable","13":"product-type-simple"},"jetpack_sharing_enabled":true,"_links":{"self":[{"href":"https:\/\/emperortech.us\/es\/wp-json\/wp\/v2\/product\/3248","targetHints":{"allow":["GET"]}}],"collection":[{"href":"https:\/\/emperortech.us\/es\/wp-json\/wp\/v2\/product"}],"about":[{"href":"https:\/\/emperortech.us\/es\/wp-json\/wp\/v2\/types\/product"}],"wp:featuredmedia":[{"embeddable":true,"href":"https:\/\/emperortech.us\/es\/wp-json\/wp\/v2\/media\/3183"}],"wp:attachment":[{"href":"https:\/\/emperortech.us\/es\/wp-json\/wp\/v2\/media?parent=3248"}],"wp:term":[{"taxonomy":"product_brand","embeddable":true,"href":"https:\/\/emperortech.us\/es\/wp-json\/wp\/v2\/product_brand?post=3248"},{"taxonomy":"product_cat","embeddable":true,"href":"https:\/\/emperortech.us\/es\/wp-json\/wp\/v2\/product_cat?post=3248"},{"taxonomy":"product_tag","embeddable":true,"href":"https:\/\/emperortech.us\/es\/wp-json\/wp\/v2\/product_tag?post=3248"}],"curies":[{"name":"wp","href":"https:\/\/api.w.org\/{rel}","templated":true}]}}