{"id":3250,"date":"2014-05-13T12:32:05","date_gmt":"2014-05-13T12:32:05","guid":{"rendered":"http:\/\/emperortech.us\/product\/emp-s6800-gsm-card-personalizationm-uv-inkjet-copy\/"},"modified":"2016-08-03T23:53:09","modified_gmt":"2016-08-03T23:53:09","slug":"emp-s6000-gsm-card-personalizationm-uv-inkjet-copy","status":"publish","type":"product","link":"https:\/\/emperortech.us\/es\/products\/emp-s6000-gsm-card-personalizationm-uv-inkjet-copy\/","title":{"rendered":"Personalizaci\u00f3n de la tarjeta GSM EMP-S6000"},"content":{"rendered":"<p>Frente al desaf\u00edo global de la presi\u00f3n de los costes y la complejidad de la producci\u00f3n Multi-Sim, el sistema de personalizaci\u00f3n de tarjetas EMP- S6000 est\u00e1 dise\u00f1ado para ahorrar costes de operaci\u00f3n y proporciona la mayor flexibilidad de optimizaci\u00f3n de las producciones de tarjetas SIM individuales, 2 en 1, 4 en 1 y 10 en 1. Sin embargo, EMPEROR DATA SYSTEM MANAGER ofrece la mayor\u00eda de las aplicaciones de emisi\u00f3n de tarjetas y el proceso de personalizaci\u00f3n de datos m\u00faltiples, maximizando el ahorro de costes de la producci\u00f3n de tarjetas.<\/p>\n<p><strong>Aspectos destacados del sistema<\/strong><br \/>\nVelocidad: hasta 7.000 cph Codificaci\u00f3n por chip de 24 cabezales<br \/>\n1 o 2 l\u00e1seres (Personalizado) 1 l\u00e1ser es capaz de imprimir dos caras de la tarjeta GSM<br \/>\nCapaz de un solo, doble Sim, 4 Sim interruptor de modo de personalizaci\u00f3n<br \/>\nDise\u00f1o de equipos optimizado al m\u00e1ximo<br \/>\nSin ara\u00f1azos No ESD<br \/>\nGestor de sistemas de datos multifunci\u00f3n<\/p>\n<p><strong>Configuraci\u00f3n<br \/>\n<\/strong><\/p>\n<ul>\n<li>\u00a0Pila de entrada - 2<\/li>\n<li>Estaci\u00f3n de personalizaci\u00f3n de contactos 24<\/li>\n<li>Estaci\u00f3n Perso 12 sin contacto<\/li>\n<li>Flipper 3<\/li>\n<li>L\u00e1ser(Marcado) 1 \u00f3 2<\/li>\n<li>OCR(Opci\u00f3n) 1<\/li>\n<li>Estaci\u00f3n de banda magn\u00e9tica (opcional) 2<\/li>\n<li>Rechazado Caja 1<\/li>\n<li>Salida Pila 2<\/li>\n<li>Producci\u00f3n de tarjetas sueltas<\/li>\n<li>Producci\u00f3n de tarjetas 2en1<\/li>\n<\/ul>\n<p><strong>Especificaci\u00f3n<\/strong><\/p>\n<ul>\n<li>Velocidad: hasta 7000 CPH<\/li>\n<li>Sistema operativo: Windows XP<\/li>\n<li>Tipos de tarjeta: ISO\/IEC 7810 ID-1, Simple, 2 en 1, 4 en 1, 10 en 1<\/li>\n<li>Material de la tarjeta: Capaz de manejar todo tipo de tarjetas. ABS,<\/li>\n<li>PVC, PC, PET, etc.<\/li>\n<li>Homologaci\u00f3n: Certificaci\u00f3n:CE<\/li>\n<li>Dimenstion: 2300(L)x950(W)x1600(H)mm<\/li>\n<li>Peso: 800 kg<\/li>\n<li>Temperatura ambiente: 5~40<\/li>\n<li>Humedad relativa: 30%~85%<\/li>\n<li>Fuente de alimentaci\u00f3n: AC220V~240V,50 \/ 60Hz<\/li>\n<li>Comunicaci\u00f3n: Ethernet (conmutador Ethernet equipado<\/li>\n<\/ul>","protected":false},"excerpt":{"rendered":"<p>El sistema de personalizaci\u00f3n de tarjetas EMP-S6000 est\u00e1 dise\u00f1ado para ahorrar costes operativos y proporciona la mayor flexibilidad de optimizaci\u00f3n en la producci\u00f3n de tarjetas Sim individuales, 2en1, 4en1 y 10en1.<\/p>","protected":false},"featured_media":3189,"template":"","meta":{"_EventAllDay":false,"_EventTimezone":"","_EventStartDate":"","_EventEndDate":"","_EventStartDateUTC":"","_EventEndDateUTC":"","_EventShowMap":false,"_EventShowMapLink":false,"_EventURL":"","_EventCost":"","_EventCostDescription":"","_EventCurrencySymbol":"","_EventCurrencyCode":"","_EventCurrencyPosition":"","_EventDateTimeSeparator":"","_EventTimeRangeSeparator":"","_EventOrganizerID":[],"_EventVenueID":[],"_OrganizerEmail":"","_OrganizerPhone":"","_OrganizerWebsite":"","_VenueAddress":"","_VenueCity":"","_VenueCountry":"","_VenueProvince":"","_VenueState":"","_VenueZip":"","_VenuePhone":"","_VenueURL":"","_VenueStateProvince":"","_VenueLat":"","_VenueLng":"","_VenueShowMap":false,"_VenueShowMapLink":false},"product_brand":[],"product_cat":[84],"product_tag":[],"class_list":{"0":"post-3250","1":"product","2":"type-product","3":"status-publish","4":"has-post-thumbnail","6":"product_cat-smart-card-sim-card-equipment","8":"first","9":"instock","10":"featured","11":"shipping-taxable","12":"product-type-simple"},"jetpack_sharing_enabled":true,"_links":{"self":[{"href":"https:\/\/emperortech.us\/es\/wp-json\/wp\/v2\/product\/3250","targetHints":{"allow":["GET"]}}],"collection":[{"href":"https:\/\/emperortech.us\/es\/wp-json\/wp\/v2\/product"}],"about":[{"href":"https:\/\/emperortech.us\/es\/wp-json\/wp\/v2\/types\/product"}],"wp:featuredmedia":[{"embeddable":true,"href":"https:\/\/emperortech.us\/es\/wp-json\/wp\/v2\/media\/3189"}],"wp:attachment":[{"href":"https:\/\/emperortech.us\/es\/wp-json\/wp\/v2\/media?parent=3250"}],"wp:term":[{"taxonomy":"product_brand","embeddable":true,"href":"https:\/\/emperortech.us\/es\/wp-json\/wp\/v2\/product_brand?post=3250"},{"taxonomy":"product_cat","embeddable":true,"href":"https:\/\/emperortech.us\/es\/wp-json\/wp\/v2\/product_cat?post=3250"},{"taxonomy":"product_tag","embeddable":true,"href":"https:\/\/emperortech.us\/es\/wp-json\/wp\/v2\/product_tag?post=3250"}],"curies":[{"name":"wp","href":"https:\/\/api.w.org\/{rel}","templated":true}]}}