{"id":3251,"date":"2014-05-13T12:51:34","date_gmt":"2014-05-13T12:51:34","guid":{"rendered":"http:\/\/emperortech.us\/product\/emp-emp82000-gsm-card-issuance\/"},"modified":"2016-08-03T23:52:56","modified_gmt":"2016-08-03T23:52:56","slug":"jc-8200-personalization-ic-card-issuance-equipment","status":"publish","type":"product","link":"https:\/\/emperortech.us\/es\/products\/jc-8200-personalization-ic-card-issuance-equipment\/","title":{"rendered":"JC-8200 Personalizaci\u00f3n Equipo de emisi\u00f3n de tarjetas IC"},"content":{"rendered":"<p>El sistema de personalizaci\u00f3n de tarjetas IC JC-8200 fue desarrollado por Emperor de forma independiente, y adopta la tecnolog\u00eda de control de programas de circuitos m\u00faltiples. Se puede proporcionar con la lectura de tarjetas, escritura de tarjetas, grabado l\u00e1ser, programa de conteo, inspecci\u00f3n, tarjetas descartadas funciones rechazadas....<\/p>\n<p><strong>Caracter\u00edsticas:<\/strong><\/p>\n<ul>\n<li>Lector y escritor opcionales ;<\/li>\n<li>Las tarjetas descartadas se rechazan autom\u00e1ticamente;<\/li>\n<li>El grosor de las tarjetas emitidas puede ajustarse;<\/li>\n<li>Modularizaci\u00f3n del dise\u00f1o de bases de datos;<\/li>\n<li>Compute el control de programas multicircuito;<\/li>\n<li>Proceso diario de operaci\u00f3n de registros;<\/li>\n<li>La caja de recogida y emisi\u00f3n de tarjetas cambia autom\u00e1ticamente;<\/li>\n<li>Funci\u00f3n de correcci\u00f3n de errores intelectuales;<\/li>\n<li>Adecuado para todo tipo de emisi\u00f3n de personalizaci\u00f3n de tarjetas IC;<\/li>\n<li>Diez estaciones de trabajo independientes con tarjetas IC que leen y escriben al mismo tiempo;<\/li>\n<li>El diagrama de tendencias indica la situaci\u00f3n de funcionamiento de cada pieza;<\/li>\n<li>Sistema de grabado l\u00e1ser de fibra \u00f3ptica avanzada, sin consumo de piezas.<\/li>\n<\/ul>\n<p><strong>Especificaciones<\/strong><\/p>\n<ul>\n<li>Entorno de trabajo: temperatura 0\uff5e40\u2103 humedad30%\uff5e80%;<\/li>\n<li>Velocidad m\u00e1xima: \u22652500 piezas\/h;<\/li>\n<li>Cantidad de tarjetas: 600 unidades por vez;<\/li>\n<li>Grosor de la tarjeta: de 0,5 mm a 1,2 mm (ajustable);<\/li>\n<li>MTTR\uff1a\u226430 minutos;<\/li>\n<li>Potencia: 2KW<\/li>\n<li>Frecuencia: 50\/60Hz 20A;<\/li>\n<li>Fuente de alimentaci\u00f3n: 220 V;<\/li>\n<li>Dimension:2375\uff08L\uff09\u00d7750\uff08W\uff09\u00d71300\uff08H\uff09mm;<\/li>\n<li>Peso: 450 kg.<\/li>\n<\/ul>","protected":false},"excerpt":{"rendered":"<p>El sistema de emisi\u00f3n de personalizaci\u00f3n de tarjetas IC JC-8200 proporciona funciones de lectura de tarjetas, escritura de tarjetas, grabado l\u00e1ser, programa de recuento, inspecci\u00f3n, rechazo de \"tarjetas descartadas\" y mucho m\u00e1s.<\/p>","protected":false},"featured_media":3332,"template":"","meta":{"_EventAllDay":false,"_EventTimezone":"","_EventStartDate":"","_EventEndDate":"","_EventStartDateUTC":"","_EventEndDateUTC":"","_EventShowMap":false,"_EventShowMapLink":false,"_EventURL":"","_EventCost":"","_EventCostDescription":"","_EventCurrencySymbol":"","_EventCurrencyCode":"","_EventCurrencyPosition":"","_EventDateTimeSeparator":"","_EventTimeRangeSeparator":"","_EventOrganizerID":[],"_EventVenueID":[],"_OrganizerEmail":"","_OrganizerPhone":"","_OrganizerWebsite":"","_VenueAddress":"","_VenueCity":"","_VenueCountry":"","_VenueProvince":"","_VenueState":"","_VenueZip":"","_VenuePhone":"","_VenueURL":"","_VenueStateProvince":"","_VenueLat":"","_VenueLng":"","_VenueShowMap":false,"_VenueShowMapLink":false},"product_brand":[],"product_cat":[84],"product_tag":[],"class_list":{"0":"post-3251","1":"product","2":"type-product","3":"status-publish","4":"has-post-thumbnail","6":"product_cat-smart-card-sim-card-equipment","8":"first","9":"instock","10":"featured","11":"shipping-taxable","12":"product-type-simple"},"jetpack_sharing_enabled":true,"_links":{"self":[{"href":"https:\/\/emperortech.us\/es\/wp-json\/wp\/v2\/product\/3251","targetHints":{"allow":["GET"]}}],"collection":[{"href":"https:\/\/emperortech.us\/es\/wp-json\/wp\/v2\/product"}],"about":[{"href":"https:\/\/emperortech.us\/es\/wp-json\/wp\/v2\/types\/product"}],"wp:featuredmedia":[{"embeddable":true,"href":"https:\/\/emperortech.us\/es\/wp-json\/wp\/v2\/media\/3332"}],"wp:attachment":[{"href":"https:\/\/emperortech.us\/es\/wp-json\/wp\/v2\/media?parent=3251"}],"wp:term":[{"taxonomy":"product_brand","embeddable":true,"href":"https:\/\/emperortech.us\/es\/wp-json\/wp\/v2\/product_brand?post=3251"},{"taxonomy":"product_cat","embeddable":true,"href":"https:\/\/emperortech.us\/es\/wp-json\/wp\/v2\/product_cat?post=3251"},{"taxonomy":"product_tag","embeddable":true,"href":"https:\/\/emperortech.us\/es\/wp-json\/wp\/v2\/product_tag?post=3251"}],"curies":[{"name":"wp","href":"https:\/\/api.w.org\/{rel}","templated":true}]}}