{"id":4242,"date":"2015-08-18T06:52:40","date_gmt":"2015-08-18T06:52:40","guid":{"rendered":"http:\/\/emperortech.us\/?post_type=product&#038;p=4242"},"modified":"2025-01-23T22:54:17","modified_gmt":"2025-01-24T04:54:17","slug":"emp-1120-handheld-passport-card-counter","status":"publish","type":"product","link":"https:\/\/emperortech.us\/es\/products\/emp-1120-handheld-passport-card-counter\/","title":{"rendered":"EMP-1120 Contador manual de pasaportes"},"content":{"rendered":"<p><strong>Potencie la alta eficiencia con la herramienta de recuento inteligente EMP-1120<\/strong><\/p>\n<p>EMP-1120 Handheld Passport Counter es un nuevo dispositivo de conteo desarrollado por Emperor Technology para el conteo de pasaportes de la OACI est\u00e1ndar en cualquier forma de dise\u00f1o y tambi\u00e9n es compatible con los documentos de libreta similares.<\/p>\n<p><strong>Sectores de aplicaci\u00f3n<\/strong><\/p>\n<ul>\n<li>Fabricante de documentos seguros<\/li>\n<li>Gobierno<\/li>\n<li>Centro de personalizaci\u00f3n de pasaportes<\/li>\n<\/ul>\n<p><strong>Caracter\u00edsticas<\/strong><\/p>\n<ul>\n<li>Dos modos de recuento: recuento simple y acumulaci\u00f3n<\/li>\n<li>Teclas de f\u00e1cil manejo para usuarios diestros y zurdos<\/li>\n<li>Carga inal\u00e1mbrica disponible<\/li>\n<li>Apagado autom\u00e1tico si no se utiliza en 30 segundos<\/li>\n<li>Carga de registros de recuento en el PC con el software de gesti\u00f3n de datos Emperor<\/li>\n<\/ul>\n<p><strong>Especificaciones<\/strong><\/p>\n<ul>\n<li>Fuente de alimentaci\u00f3n: Bater\u00eda Li-ion 3.7V \/ 1200mAh<\/li>\n<li>Grosor del folleto: 1 mm~8 mm<\/li>\n<li>Capacidad de recuento de un solo escaneado: 1~200 folletos<\/li>\n<li>Acumulaci\u00f3n m\u00e1xima: 99.999<\/li>\n<\/ul>","protected":false},"excerpt":{"rendered":"<p>La contadora manual de pasaportes EMP-1120 es un nuevo dispositivo de recuento desarrollado por Emperor Technology para el recuento de pasaportes de la norma OACI en cualquier forma de dise\u00f1o y tambi\u00e9n es compatible con documentos de libreta similares.<\/p>","protected":false},"featured_media":4256,"template":"","meta":{"_EventAllDay":false,"_EventTimezone":"","_EventStartDate":"","_EventEndDate":"","_EventStartDateUTC":"","_EventEndDateUTC":"","_EventShowMap":false,"_EventShowMapLink":false,"_EventURL":"","_EventCost":"","_EventCostDescription":"","_EventCurrencySymbol":"","_EventCurrencyCode":"","_EventCurrencyPosition":"","_EventDateTimeSeparator":"","_EventTimeRangeSeparator":"","_EventOrganizerID":[],"_EventVenueID":[],"_OrganizerEmail":"","_OrganizerPhone":"","_OrganizerWebsite":"","_VenueAddress":"","_VenueCity":"","_VenueCountry":"","_VenueProvince":"","_VenueState":"","_VenueZip":"","_VenuePhone":"","_VenueURL":"","_VenueStateProvince":"","_VenueLat":"","_VenueLng":"","_VenueShowMap":false,"_VenueShowMapLink":false},"product_brand":[],"product_cat":[79,114],"product_tag":[],"class_list":{"0":"post-4242","1":"product","2":"type-product","3":"status-publish","4":"has-post-thumbnail","6":"product_cat-card-counters","7":"product_cat-retail-banking-equipment","9":"first","10":"instock","11":"shipping-taxable","12":"product-type-simple"},"jetpack_sharing_enabled":true,"_links":{"self":[{"href":"https:\/\/emperortech.us\/es\/wp-json\/wp\/v2\/product\/4242","targetHints":{"allow":["GET"]}}],"collection":[{"href":"https:\/\/emperortech.us\/es\/wp-json\/wp\/v2\/product"}],"about":[{"href":"https:\/\/emperortech.us\/es\/wp-json\/wp\/v2\/types\/product"}],"wp:featuredmedia":[{"embeddable":true,"href":"https:\/\/emperortech.us\/es\/wp-json\/wp\/v2\/media\/4256"}],"wp:attachment":[{"href":"https:\/\/emperortech.us\/es\/wp-json\/wp\/v2\/media?parent=4242"}],"wp:term":[{"taxonomy":"product_brand","embeddable":true,"href":"https:\/\/emperortech.us\/es\/wp-json\/wp\/v2\/product_brand?post=4242"},{"taxonomy":"product_cat","embeddable":true,"href":"https:\/\/emperortech.us\/es\/wp-json\/wp\/v2\/product_cat?post=4242"},{"taxonomy":"product_tag","embeddable":true,"href":"https:\/\/emperortech.us\/es\/wp-json\/wp\/v2\/product_tag?post=4242"}],"curies":[{"name":"wp","href":"https:\/\/api.w.org\/{rel}","templated":true}]}}