{"id":432,"date":"2013-08-10T10:26:25","date_gmt":"2013-08-10T10:26:25","guid":{"rendered":"http:\/\/localhost:8888\/test\/?post_type=product&#038;p=432"},"modified":"2025-01-23T07:41:59","modified_gmt":"2025-01-23T13:41:59","slug":"emp8050f-card-sorting-system","status":"publish","type":"product","link":"https:\/\/emperortech.us\/es\/products\/emp8050f-card-sorting-system\/","title":{"rendered":"EMP-8050F Sistema de clasificaci\u00f3n de tarjetas inteligentes"},"content":{"rendered":"<p><strong>El EMP8050F<\/strong> Los par\u00e1metros de clasificaci\u00f3n controlados por m\u00f3dulos espec\u00edficos incluyen tarjetas inteligentes con y sin contacto, tarjetas de banda magn\u00e9tica, ilustraciones visuales y c\u00f3digos de barras.<\/p>\n<p>La plataforma de software de clasificaci\u00f3n EMP incorporada basada en MS Windows 7 hace que la gesti\u00f3n de la entrega de tarjetas sea f\u00e1cil de manejar, fiable y segura, y se puede personalizar f\u00e1cilmente seg\u00fan los procesos espec\u00edficos de los clientes.<\/p>\n<p><strong>Especificaciones t\u00e9cnicas clave<\/strong><\/p>\n<ul>\n<li>Velocidad nominal de producci\u00f3n:3000CPH (tarjetas por hora)<\/li>\n<li>Compatibilidad con el tama\u00f1o de tarjeta: ISO\/IEC 7810 ID-1; 30 mil (+\/- 10%), incluida la tarjeta bancaria en relieve est\u00e1ndar<\/li>\n<li>Compatibilidad con materiales de tarjetas: PC, PVC, ABS, PET, PETG y otros materiales compuestos.<\/li>\n<li>Compatibilidad de chip: ISO\/IEC 7816 (Contacto) e ISO\/IEC 14443-1, -2, -3, -4 (Sin contacto)<\/li>\n<li>Compatibilidad con bandas magn\u00e9ticas: ISO 7811-2 (LOCO) e ISO 7811-6 (HICO)<\/li>\n<li>Entorno de trabajo:<\/li>\n<li>Temperatura: 5~40 grados cent\u00edgrados<\/li>\n<li>Humedad relativa: 30%~85%<\/li>\n<li>Fuente de alimentaci\u00f3n: AC 220V~240V, 50\/60Hz<\/li>\n<li>Dimensiones: 2837(L) x 480(An) x 525(Al) mm (6 almacenes de salida)<\/li>\n<li>Peso: 300 KG (con 6 cargadores de salida)<\/li>\n<\/ul>","protected":false},"excerpt":{"rendered":"<p>El clasificador de tarjetas EMP8050F est\u00e1 dise\u00f1ado para un alto volumen de clasificaci\u00f3n r\u00e1pida de tarjetas. Puede procesar una media de 3.000 tarjetas por hora. Adem\u00e1s, se puede utilizar en una amplia variedad de materiales, como PC, PVC, ABS, PET, PETG y otros materiales compuestos.<\/p>","protected":false},"featured_media":3060,"template":"","meta":{"_EventAllDay":false,"_EventTimezone":"","_EventStartDate":"","_EventEndDate":"","_EventStartDateUTC":"","_EventEndDateUTC":"","_EventShowMap":false,"_EventShowMapLink":false,"_EventURL":"","_EventCost":"","_EventCostDescription":"","_EventCurrencySymbol":"","_EventCurrencyCode":"","_EventCurrencyPosition":"","_EventDateTimeSeparator":"","_EventTimeRangeSeparator":"","_EventOrganizerID":[],"_EventVenueID":[],"_OrganizerEmail":"","_OrganizerPhone":"","_OrganizerWebsite":"","_VenueAddress":"","_VenueCity":"","_VenueCountry":"","_VenueProvince":"","_VenueState":"","_VenueZip":"","_VenuePhone":"","_VenueURL":"","_VenueStateProvince":"","_VenueLat":"","_VenueLng":"","_VenueShowMap":false,"_VenueShowMapLink":false},"product_brand":[],"product_cat":[83,115,84],"product_tag":[77,76,78,75],"class_list":{"0":"post-432","1":"product","2":"type-product","3":"status-publish","4":"has-post-thumbnail","6":"product_cat-banking-card-equipment","7":"product_cat-centralized-banking-card-production-equipemt","8":"product_cat-smart-card-sim-card-equipment","9":"product_tag-card-sorter","10":"product_tag-card-sorting-machine","11":"product_tag-card-sorting-system","12":"product_tag-emp8050f","14":"first","15":"instock","16":"featured","17":"shipping-taxable","18":"product-type-simple"},"jetpack_sharing_enabled":true,"_links":{"self":[{"href":"https:\/\/emperortech.us\/es\/wp-json\/wp\/v2\/product\/432","targetHints":{"allow":["GET"]}}],"collection":[{"href":"https:\/\/emperortech.us\/es\/wp-json\/wp\/v2\/product"}],"about":[{"href":"https:\/\/emperortech.us\/es\/wp-json\/wp\/v2\/types\/product"}],"wp:featuredmedia":[{"embeddable":true,"href":"https:\/\/emperortech.us\/es\/wp-json\/wp\/v2\/media\/3060"}],"wp:attachment":[{"href":"https:\/\/emperortech.us\/es\/wp-json\/wp\/v2\/media?parent=432"}],"wp:term":[{"taxonomy":"product_brand","embeddable":true,"href":"https:\/\/emperortech.us\/es\/wp-json\/wp\/v2\/product_brand?post=432"},{"taxonomy":"product_cat","embeddable":true,"href":"https:\/\/emperortech.us\/es\/wp-json\/wp\/v2\/product_cat?post=432"},{"taxonomy":"product_tag","embeddable":true,"href":"https:\/\/emperortech.us\/es\/wp-json\/wp\/v2\/product_tag?post=432"}],"curies":[{"name":"wp","href":"https:\/\/api.w.org\/{rel}","templated":true}]}}