{"id":4406,"date":"2016-04-14T20:35:27","date_gmt":"2016-04-14T20:35:27","guid":{"rendered":"http:\/\/emperortech.us\/?post_type=product&#038;p=4406"},"modified":"2025-01-22T21:37:03","modified_gmt":"2025-01-23T03:37:03","slug":"atm-bank-card-self-service-kiosk","status":"publish","type":"product","link":"https:\/\/emperortech.us\/es\/products\/atm-bank-card-self-service-kiosk\/","title":{"rendered":"Quiosco de autoservicio de tarjetas bancarias ATM"},"content":{"rendered":"<p><strong>Renovaci\u00f3n y sustituci\u00f3n de tarjetas bancarias - Sin cambiar de n\u00famero de tarjeta<\/strong><br \/>\nNuestro quiosco de autoservicio para cajeros autom\u00e1ticos y de personalizaci\u00f3n y dispensaci\u00f3n autom\u00e1tica de tarjetas es una soluci\u00f3n integral para su sucursal. Mejora la eficiencia del proceso de dispensaci\u00f3n de tarjetas bancarias. Adem\u00e1s, ofrece la protecci\u00f3n de una seguridad optimizada al tiempo que evita los errores manuales. Alta velocidad (10-60 segundos por tarjeta), alta capacidad (500 tarjetas por quiosco)<\/p>\n<ul>\n<li>Sustituci\u00f3n de tarjetas antiguas o da\u00f1adas<\/li>\n<li>Actualizar tarjeta magn\u00e9tica a tarjeta con chip EMV<\/li>\n<li>Actualizar la informaci\u00f3n personal del titular de la tarjeta<\/li>\n<\/ul>","protected":false},"excerpt":{"rendered":"<p>Quiosco de autoservicio de tarjetas bancarias ATM: Una parte integral del grupo de ventanilla \u00fanica de EmperorTech de quioscos de autoservicio de renovaci\u00f3n y dispensaci\u00f3n de tarjetas bancarias - Los quioscos abarcan desde la apertura de nuevas cuentas y tarjetas magn\u00e9ticas hasta actualizaciones de tarjetas con chip EMV, sustituci\u00f3n de tarjetas bancarias y renovaci\u00f3n y activaci\u00f3n de tarjetas y dispensaci\u00f3n de tarjetas bancarias.<\/p>","protected":false},"featured_media":4408,"template":"","meta":{"_EventAllDay":false,"_EventTimezone":"","_EventStartDate":"","_EventEndDate":"","_EventStartDateUTC":"","_EventEndDateUTC":"","_EventShowMap":false,"_EventShowMapLink":false,"_EventURL":"","_EventCost":"","_EventCostDescription":"","_EventCurrencySymbol":"","_EventCurrencyCode":"","_EventCurrencyPosition":"","_EventDateTimeSeparator":"","_EventTimeRangeSeparator":"","_EventOrganizerID":[],"_EventVenueID":[],"_OrganizerEmail":"","_OrganizerPhone":"","_OrganizerWebsite":"","_VenueAddress":"","_VenueCity":"","_VenueCountry":"","_VenueProvince":"","_VenueState":"","_VenueZip":"","_VenuePhone":"","_VenueURL":"","_VenueStateProvince":"","_VenueLat":"","_VenueLng":"","_VenueShowMap":false,"_VenueShowMapLink":false},"product_brand":[],"product_cat":[83,117,112],"product_tag":[],"class_list":{"0":"post-4406","1":"product","2":"type-product","3":"status-publish","4":"has-post-thumbnail","6":"product_cat-banking-card-equipment","7":"product_cat-enrollment-decentralized-credential-issuance","8":"product_cat-self-service-id-kiosks","10":"first","11":"instock","12":"shipping-taxable","13":"product-type-simple"},"jetpack_sharing_enabled":true,"_links":{"self":[{"href":"https:\/\/emperortech.us\/es\/wp-json\/wp\/v2\/product\/4406","targetHints":{"allow":["GET"]}}],"collection":[{"href":"https:\/\/emperortech.us\/es\/wp-json\/wp\/v2\/product"}],"about":[{"href":"https:\/\/emperortech.us\/es\/wp-json\/wp\/v2\/types\/product"}],"wp:featuredmedia":[{"embeddable":true,"href":"https:\/\/emperortech.us\/es\/wp-json\/wp\/v2\/media\/4408"}],"wp:attachment":[{"href":"https:\/\/emperortech.us\/es\/wp-json\/wp\/v2\/media?parent=4406"}],"wp:term":[{"taxonomy":"product_brand","embeddable":true,"href":"https:\/\/emperortech.us\/es\/wp-json\/wp\/v2\/product_brand?post=4406"},{"taxonomy":"product_cat","embeddable":true,"href":"https:\/\/emperortech.us\/es\/wp-json\/wp\/v2\/product_cat?post=4406"},{"taxonomy":"product_tag","embeddable":true,"href":"https:\/\/emperortech.us\/es\/wp-json\/wp\/v2\/product_tag?post=4406"}],"curies":[{"name":"wp","href":"https:\/\/api.w.org\/{rel}","templated":true}]}}