{"id":4409,"date":"2016-04-14T21:02:33","date_gmt":"2016-04-14T21:02:33","guid":{"rendered":"http:\/\/emperortech.us\/?post_type=product&#038;p=4409"},"modified":"2025-01-22T20:35:47","modified_gmt":"2025-01-23T02:35:47","slug":"id-card-epassport-dispensing-kiosk","status":"publish","type":"product","link":"https:\/\/emperortech.us\/es\/products\/id-card-epassport-dispensing-kiosk\/","title":{"rendered":"Quiosco de expedici\u00f3n de documentos de identidad y pasaportes electr\u00f3nicos"},"content":{"rendered":"<p>Este quiosco dispensador de documentos de identidad y pasaportes electr\u00f3nicos es una soluci\u00f3n de autoservicio y dispensaci\u00f3n autom\u00e1tica de documentos. Util\u00edcelo para mejorar la eficacia del proceso de dispensaci\u00f3n de documentos. Ofrece una protecci\u00f3n que optimiza la seguridad a la vez que evita los errores manuales. Este pr\u00e1ctico ahorrador de tiempo con capacidad para 3000 tarjetas procesa tarjetas a una alta velocidad de 5-10 segundos por tarjeta.<\/p>\n<p><strong>Los beneficios incluyen:<\/strong><\/p>\n<ul>\n<li>Eficacia y precisi\u00f3n Reducci\u00f3n de la mano de obra Minimizaci\u00f3n de los errores humanos Rapidez en la recuperaci\u00f3n de tarjetas<\/li>\n<li>F\u00e1cil manejo Manejo sencillo con instrucciones claras Gu\u00eda de funcionamiento con indicaciones de voz<\/li>\n<li>Seguridad y trazabilidad Sistema cerrado de vigilancia por CCTV Sincronizaci\u00f3n en tiempo real con el back-end Registro diario de auditor\u00eda\/Recuperaci\u00f3n de existencias Retirada autom\u00e1tica de documentos si no se retiran despu\u00e9s de su emisi\u00f3n Detecci\u00f3n del entorno y autoalarma de ataque.<\/li>\n<\/ul>\n<p><strong>Aspecto de la m\u00e1quina dispensadora de tarjetas de identidad<\/strong><\/p>\n<p><img fetchpriority=\"high\" decoding=\"async\" src=\"https:\/\/emperortech.us\/images\/products\/self-service-kosk-id-card-dispensing-machine-appearance.jpg\" alt=\"\" width=\"577\" height=\"382\" \/><\/p>\n<p><strong>Configuraci\u00f3n de la m\u00e1quina dispensadora de tarjetas de identidad<\/strong><\/p>\n<p><img decoding=\"async\" src=\"https:\/\/emperortech.us\/images\/products\/self-service-kosk-id-card-dispensing-machine-configuration.jpg\" alt=\"\" width=\"686\" height=\"382\" \/><\/p>\n<p><span style=\"border-radius: 2px; text-indent: 20px; width: auto; padding: 0px 4px 0px 0px; text-align: center; font: bold 11px\/20px 'Helvetica Neue',Helvetica,sans-serif; color: #ffffff; background: #bd081c no-repeat scroll 3px 50% \/ 14px 14px; position: absolute; opacity: 1; z-index: 8675309; display: none; cursor: pointer;\">Guardar<\/span><\/p>\n<p><span style=\"border-radius: 2px; text-indent: 20px; width: auto; padding: 0px 4px 0px 0px; text-align: center; font: bold 11px\/20px 'Helvetica Neue',Helvetica,sans-serif; color: #ffffff; background: #bd081c no-repeat scroll 3px 50% \/ 14px 14px; position: absolute; opacity: 0.85; z-index: 8675309; display: none; cursor: pointer; top: 857px; left: 20px;\">Guardar<\/span><\/p>\n<p><span style=\"border-radius: 2px; text-indent: 20px; width: auto; padding: 0px 4px 0px 0px; text-align: center; font: bold 11px\/20px 'Helvetica Neue',Helvetica,sans-serif; color: #ffffff; background: #bd081c no-repeat scroll 3px 50% \/ 14px 14px; position: absolute; opacity: 1; z-index: 8675309; display: none; cursor: pointer;\">Guardar<\/span><\/p>\n<p><span style=\"border-radius: 2px; text-indent: 20px; width: auto; padding: 0px 4px 0px 0px; text-align: center; font: bold 11px\/20px 'Helvetica Neue',Helvetica,sans-serif; color: #ffffff; background: #bd081c  no-repeat scroll 3px 50% \/ 14px 14px; position: absolute; opacity: 1; z-index: 8675309; display: none; cursor: pointer;\">Guardar<\/span><\/p>","protected":false},"excerpt":{"rendered":"<p>This\u00a0 ID Card &amp; ePassport Dispensing Kiosk is a self-service and automated document dispensing solution. use it to Improve the efficiency of the document dispensing process. It delivers protection that [&#8230;]\n","protected":false},"featured_media":4414,"template":"","meta":{"_EventAllDay":false,"_EventTimezone":"","_EventStartDate":"","_EventEndDate":"","_EventStartDateUTC":"","_EventEndDateUTC":"","_EventShowMap":false,"_EventShowMapLink":false,"_EventURL":"","_EventCost":"","_EventCostDescription":"","_EventCurrencySymbol":"","_EventCurrencyCode":"","_EventCurrencyPosition":"","_EventDateTimeSeparator":"","_EventTimeRangeSeparator":"","_EventOrganizerID":[],"_EventVenueID":[],"_OrganizerEmail":"","_OrganizerPhone":"","_OrganizerWebsite":"","_VenueAddress":"","_VenueCity":"","_VenueCountry":"","_VenueProvince":"","_VenueState":"","_VenueZip":"","_VenuePhone":"","_VenueURL":"","_VenueStateProvince":"","_VenueLat":"","_VenueLng":"","_VenueShowMap":false,"_VenueShowMapLink":false},"product_brand":[],"product_cat":[112],"product_tag":[],"class_list":{"0":"post-4409","1":"product","2":"type-product","3":"status-publish","4":"has-post-thumbnail","6":"product_cat-self-service-id-kiosks","8":"first","9":"instock","10":"shipping-taxable","11":"product-type-simple"},"jetpack_sharing_enabled":true,"_links":{"self":[{"href":"https:\/\/emperortech.us\/es\/wp-json\/wp\/v2\/product\/4409","targetHints":{"allow":["GET"]}}],"collection":[{"href":"https:\/\/emperortech.us\/es\/wp-json\/wp\/v2\/product"}],"about":[{"href":"https:\/\/emperortech.us\/es\/wp-json\/wp\/v2\/types\/product"}],"wp:featuredmedia":[{"embeddable":true,"href":"https:\/\/emperortech.us\/es\/wp-json\/wp\/v2\/media\/4414"}],"wp:attachment":[{"href":"https:\/\/emperortech.us\/es\/wp-json\/wp\/v2\/media?parent=4409"}],"wp:term":[{"taxonomy":"product_brand","embeddable":true,"href":"https:\/\/emperortech.us\/es\/wp-json\/wp\/v2\/product_brand?post=4409"},{"taxonomy":"product_cat","embeddable":true,"href":"https:\/\/emperortech.us\/es\/wp-json\/wp\/v2\/product_cat?post=4409"},{"taxonomy":"product_tag","embeddable":true,"href":"https:\/\/emperortech.us\/es\/wp-json\/wp\/v2\/product_tag?post=4409"}],"curies":[{"name":"wp","href":"https:\/\/api.w.org\/{rel}","templated":true}]}}