{"id":4529,"date":"2016-07-12T20:47:40","date_gmt":"2016-07-12T20:47:40","guid":{"rendered":"http:\/\/emperortech.us\/?post_type=product&#038;p=4529"},"modified":"2025-01-23T06:34:37","modified_gmt":"2025-01-23T12:34:37","slug":"account-opening-kiosk","status":"publish","type":"product","link":"https:\/\/emperortech.us\/es\/products\/account-opening-kiosk\/","title":{"rendered":"Quiosco de apertura de cuentas"},"content":{"rendered":"<p>Se trata de un quiosco vertical de apertura de cuentas con un completo conjunto de funciones que incluyen la impresi\u00f3n y el escaneado de documentos. Tiene un dise\u00f1o modular y una serie de m\u00f3dulos de funciones que hacen que esta peque\u00f1a m\u00e1quina de autoservicio se pueda personalizar f\u00e1cilmente seg\u00fan sus necesidades.<\/p>\n<h3>Aspectos destacados y caracter\u00edsticas<\/h3>\n<p>Flujo de trabajo automatizado para la apertura de cuentas bancarias en autoservicio con identificaci\u00f3n biom\u00e9trica<\/p>\n<ul>\n<li>Verificaci\u00f3n multibiom\u00e9trica<\/li>\n<li>Registro de datos personales por teclado o pantalla t\u00e1ctil<\/li>\n<li>Impresora t\u00e9rmica para la impresi\u00f3n de recibos<\/li>\n<li>Bloc de firmas para la inscripci\u00f3n de firmas<\/li>\n<li>Escaneado de documentos para su registro<\/li>\n<li>Ocupa poco espacio y es f\u00e1cil de mantener<\/li>\n<li>Configuraci\u00f3n personalizada disponible<\/li>\n<li>Dimensiones: 650 (largo) x 650 (ancho) x 1300 (alto) mm<\/li>\n<li>Peso neto: 180KG<\/li>\n<\/ul>\n<h3>Detalles del quiosco de apertura de cuentas<\/h3>\n<ul class=\"large-block-grid-2\">\n<li class=\"grid-normal\"><img fetchpriority=\"high\" decoding=\"async\" src=\"https:\/\/emperortech.us\/images\/products\/account-opening-kiosk-appearance.jpg\" alt=\"\" width=\"639\" height=\"674\" \/><\/li>\n<li class=\"grid-normal\">\n<ul>\n<li>C\u00e1mara A-Pinhole<\/li>\n<li>Pantalla t\u00e1ctil B-19<\/li>\n<li>Entrada de tarjetas C<\/li>\n<li>D-Recepci\u00f3n Salida<\/li>\n<li>E -Pad de firma<\/li>\n<li>Impresora F-A4<\/li>\n<li>Lector de c\u00f3digos de barras G<\/li>\n<li>Lector de tarjetas H-ID<\/li>\n<li>I -Pin Pad<\/li>\n<li>J -Esc\u00e1ner de huellas dactilares<\/li>\n<li>K -Ingreso de efectivo<\/li>\n<\/ul>\n<\/li>\n<\/ul>\n<h3>M\u00f3dulos funcionales<\/h3>\n<ol>\n<li><strong>C\u00e1mara HD:<\/strong> Ajuste autom\u00e1tico<\/li>\n<li><strong>Lector de tarjetas de identidad:<\/strong> AsistenciaContacto y lectura sin contacto<\/li>\n<li><strong>Esc\u00e1ner de huellas dactilares<\/strong>: Control de acceso, verificaci\u00f3n de identidad<\/li>\n<li><strong>Tarjetero:<\/strong> Inserte la tarjeta bancaria para leer la informaci\u00f3n del titular<\/li>\n<li><strong>Pin Pad<\/strong>: Verificaci\u00f3n y restablecimiento de contrase\u00f1as<\/li>\n<li><strong>Pantalla t\u00e1ctil<\/strong>: 19\", Interfaz de operaci\u00f3n,<\/li>\n<li><strong>Bloc de firmas<\/strong>: Colecci\u00f3n Signature<\/li>\n<li><strong>Impresora t\u00e9rmica<\/strong>: ParaImprimirRecibo<\/li>\n<li><strong>Impresora A4<\/strong>:Para imprimir la informaci\u00f3n de la cuenta<\/li>\n<li><strong>Lector de c\u00f3digos de barras<\/strong>: Para leer la informaci\u00f3n del recibo<\/li>\n<li><strong>Tragamonedas<\/strong>: Para pago en efectivo<\/li>\n<\/ol>\n<p><span style=\"border-radius: 2px; text-indent: 20px; width: auto; padding: 0px 4px 0px 0px; text-align: center; font: bold 11px\/20px 'Helvetica Neue',Helvetica,sans-serif; color: #ffffff; background: #bd081c no-repeat scroll 3px 50% \/ 14px 14px; position: absolute; opacity: 1; z-index: 8675309; display: none; cursor: pointer;\">Guardar<\/span><\/p>\n<p><span style=\"border-radius: 2px; text-indent: 20px; width: auto; padding: 0px 4px 0px 0px; text-align: center; font: bold 11px\/20px 'Helvetica Neue',Helvetica,sans-serif; color: #ffffff; background: #bd081c no-repeat scroll 3px 50% \/ 14px 14px; position: absolute; opacity: 1; z-index: 8675309; display: none; cursor: pointer;\">Guardar<\/span><\/p>\n<p><span style=\"border-radius: 2px; text-indent: 20px; width: auto; padding: 0px 4px 0px 0px; text-align: center; font: bold 11px\/20px 'Helvetica Neue',Helvetica,sans-serif; color: #ffffff; background: #bd081c no-repeat scroll 3px 50% \/ 14px 14px; position: absolute; opacity: 0.85; z-index: 8675309; display: none; cursor: pointer; top: 495px; left: 60px;\">Guardar<\/span><\/p>\n<p><span style=\"border-radius: 2px; text-indent: 20px; width: auto; padding: 0px 4px 0px 0px; text-align: center; font: bold 11px\/20px 'Helvetica Neue',Helvetica,sans-serif; color: #ffffff; background: #bd081c no-repeat scroll 3px 50% \/ 14px 14px; position: absolute; opacity: 1; z-index: 8675309; display: none; cursor: pointer;\">Guardar<\/span><\/p>\n<p><span style=\"border-radius: 2px; text-indent: 20px; width: auto; padding: 0px 4px 0px 0px; text-align: center; font: bold 11px\/20px 'Helvetica Neue',Helvetica,sans-serif; color: #ffffff; background: #bd081c no-repeat scroll 3px 50% \/ 14px 14px; position: absolute; opacity: 1; z-index: 8675309; display: none; cursor: pointer;\">Guardar<\/span><\/p>\n<p><span style=\"border-radius: 2px; text-indent: 20px; width: auto; padding: 0px 4px 0px 0px; text-align: center; font: bold 11px\/20px 'Helvetica Neue',Helvetica,sans-serif; color: #ffffff; background: #bd081c no-repeat scroll 3px 50% \/ 14px 14px; position: absolute; opacity: 1; z-index: 8675309; display: none; cursor: pointer;\">Guardar<\/span><\/p>\n<p><span style=\"border-radius: 2px; text-indent: 20px; width: auto; padding: 0px 4px 0px 0px; text-align: center; font: bold 11px\/20px 'Helvetica Neue',Helvetica,sans-serif; color: #ffffff; background: #bd081c no-repeat scroll 3px 50% \/ 14px 14px; position: absolute; opacity: 0.85; z-index: 8675309; display: none; cursor: pointer; top: 471px; left: 60px;\">Guardar<\/span><\/p>\n<p><span style=\"border-radius: 2px; text-indent: 20px; width: auto; padding: 0px 4px 0px 0px; text-align: center; font: bold 11px\/20px 'Helvetica Neue',Helvetica,sans-serif; color: #ffffff; background: #bd081c  no-repeat scroll 3px 50% \/ 14px 14px; position: absolute; opacity: 1; z-index: 8675309; display: none; cursor: pointer;\">Guardar<\/span><\/p>","protected":false},"excerpt":{"rendered":"<p>Quiosco de apertura de cuentas: soluci\u00f3n de autoservicio para la renovaci\u00f3n y dispensaci\u00f3n de tarjetas bancarias<\/p>","protected":false},"featured_media":4530,"template":"","meta":{"_EventAllDay":false,"_EventTimezone":"","_EventStartDate":"","_EventEndDate":"","_EventStartDateUTC":"","_EventEndDateUTC":"","_EventShowMap":false,"_EventShowMapLink":false,"_EventURL":"","_EventCost":"","_EventCostDescription":"","_EventCurrencySymbol":"","_EventCurrencyCode":"","_EventCurrencyPosition":"","_EventDateTimeSeparator":"","_EventTimeRangeSeparator":"","_EventOrganizerID":[],"_EventVenueID":[],"_OrganizerEmail":"","_OrganizerPhone":"","_OrganizerWebsite":"","_VenueAddress":"","_VenueCity":"","_VenueCountry":"","_VenueProvince":"","_VenueState":"","_VenueZip":"","_VenuePhone":"","_VenueURL":"","_VenueStateProvince":"","_VenueLat":"","_VenueLng":"","_VenueShowMap":false,"_VenueShowMapLink":false},"product_brand":[],"product_cat":[112],"product_tag":[],"class_list":{"0":"post-4529","1":"product","2":"type-product","3":"status-publish","4":"has-post-thumbnail","6":"product_cat-self-service-id-kiosks","8":"first","9":"instock","10":"shipping-taxable","11":"product-type-simple"},"jetpack_sharing_enabled":true,"_links":{"self":[{"href":"https:\/\/emperortech.us\/es\/wp-json\/wp\/v2\/product\/4529","targetHints":{"allow":["GET"]}}],"collection":[{"href":"https:\/\/emperortech.us\/es\/wp-json\/wp\/v2\/product"}],"about":[{"href":"https:\/\/emperortech.us\/es\/wp-json\/wp\/v2\/types\/product"}],"wp:featuredmedia":[{"embeddable":true,"href":"https:\/\/emperortech.us\/es\/wp-json\/wp\/v2\/media\/4530"}],"wp:attachment":[{"href":"https:\/\/emperortech.us\/es\/wp-json\/wp\/v2\/media?parent=4529"}],"wp:term":[{"taxonomy":"product_brand","embeddable":true,"href":"https:\/\/emperortech.us\/es\/wp-json\/wp\/v2\/product_brand?post=4529"},{"taxonomy":"product_cat","embeddable":true,"href":"https:\/\/emperortech.us\/es\/wp-json\/wp\/v2\/product_cat?post=4529"},{"taxonomy":"product_tag","embeddable":true,"href":"https:\/\/emperortech.us\/es\/wp-json\/wp\/v2\/product_tag?post=4529"}],"curies":[{"name":"wp","href":"https:\/\/api.w.org\/{rel}","templated":true}]}}