{"id":4743,"date":"2017-04-19T05:32:08","date_gmt":"2017-04-19T05:32:08","guid":{"rendered":"http:\/\/emperortech.us\/?post_type=product&#038;p=4743"},"modified":"2025-01-23T07:13:56","modified_gmt":"2025-01-23T13:13:56","slug":"emp2920-id-tablet","status":"publish","type":"product","link":"https:\/\/emperortech.us\/es\/products\/emp2920-id-tablet\/","title":{"rendered":"EMP2920 ID Tablet para captura de datos y verificaci\u00f3n de identidad"},"content":{"rendered":"<p><strong>Tableta Secure ID para captura de datos y verificaci\u00f3n de identidad - - SecuMind CX2920.<\/strong> Escanear, capturar, analizar y verificar los datos de todo tipo de documentos de identidad, tarjetas bancarias y de cr\u00e9dito, tarjetas de acceso a miembros, tarjetas escolares y de empleados.<\/p>\n<p>Con la enorme demanda y el r\u00e1pido desarrollo de los servicios m\u00f3viles en las administraciones p\u00fablicas, los bancos y otros segmentos empresariales, tambi\u00e9n ha aumentado la amenaza del fraude. Las tecnolog\u00edas biom\u00e9tricas y de identificaci\u00f3n inteligente integradas contribuyen a que nuestra nueva tableta de identificaci\u00f3n aporte seguridad, eficiencia y comodidad a unos procesos de captura de datos y verificaci\u00f3n de identidad muy mejorados.<br \/>\nLa CX2920 ID Tablet integra la lectura de tarjetas inteligentes con\/sin contacto, el escaneado de huellas dactilares, la toma de fotograf\u00edas y la lectura MRZ en un dispositivo compacto con m\u00faltiples interfaces de comunicaci\u00f3n. Adem\u00e1s, cuenta con un sistema escalable que admite m\u00f3dulos funcionales externos, lo que proporciona un control de identidad m\u00e1s r\u00e1pido, seguro y eficiente en la administraci\u00f3n p\u00fablica, la banca, la sanidad, la educaci\u00f3n, la hosteler\u00eda, la empresa, etc.<\/p>\n<p><strong>Caracter\u00edsticas<\/strong><\/p>\n<ul>\n<li>Esc\u00e1ner de huellas dactilares:  Resoluci\u00f3n de hasta 500 ppp, 320 480 p\u00edxeles de foto. Conforme a la norma FIS 201 \/ PIV, ISO 19794-2 o formatos de plantilla ANSI 378, certificaci\u00f3n del FBI.<\/li>\n<li>Captura de fotos: C\u00e1mara web de alta resoluci\u00f3n en ambos lados, luz adaptativa<\/li>\n<li>\u00a0Lectura de tarjetas inteligentes: Soporta tanto contacto como sin contacto. Cumple las normas ISO7816 y 14443 A\/B.<\/li>\n<li>Colecci\u00f3n Signature: Hasta 640 \u00d7 480 de resoluci\u00f3n de inmersi\u00f3n, hasta 512 niveles de presi\u00f3n<\/li>\n<\/ul>\n<p><strong>Ampliaciones opcionales<\/strong><\/p>\n<ul>\n<li>Lector Swipe MRZ (integrado)<\/li>\n<li>Lector de c\u00f3digos de barras 1D \/ 2D (externo)<\/li>\n<li>Almohadilla de firma (externa)<\/li>\n<li>M\u00f3dulo IRIS (externo)<\/li>\n<\/ul>\n<p><strong>Par\u00e1metros t\u00e9cnicos<\/strong><\/p>\n<ul>\n<li>Sistema operativo: Android 5.1, actualizable<\/li>\n<li>CPU: MT6535,4X Cortex-A53, 1.5GHz<\/li>\n<li>Memoria: 1G Bytes RAM; 8G Bytes ROM<\/li>\n<li>Pantalla: Pantalla LCD capacitiva de 8\", multit\u00e1ctil; Resoluci\u00f3n: 1,280 \u00d7 800<\/li>\n<li>Comunicaci\u00f3n: WIFII, BT, LTE, FDD, WCDMA, CDMA200, TDCDMA, Bluetooth<\/li>\n<li>C\u00e1mara: frontal de 2 MP; trasera de 8 MP con autofoco y flash LED<\/li>\n<li>Nivel IP: IP5PSAM Ranura: 3 ranuras<\/li>\n<li>Capacidad de la bater\u00eda: 5.000 mAh<\/li>\n<li>Tensi\u00f3n de la bater\u00eda: 3,4 V~4,2 V<\/li>\n<li>Tiempo en espera: \u2267150h<\/li>\n<li>Tiempo de trabajo: \u22678h<\/li>\n<li>Temperatura de funcionamiento: - 15\u00b0C ~ 50\u00b0C<\/li>\n<li>Temperatura de almacenamiento: - 20\u00b0C ~ 65\u00b0C<\/li>\n<li>Dimensiones: 207(L) \u00d7 185(An) \u00d7 27(Al) mm<\/li>\n<li>Peso neto: 750 g (1.65347 lbs)<\/li>\n<\/ul>\n<p><strong>Industrias<\/strong><br \/>\nNuestra tableta EMP2920 ID est\u00e1 dise\u00f1ada para servir a una gran cantidad de industrias relacionadas con la captura de datos, verificaci\u00f3n de identidad, prevenci\u00f3n del fraude, gesti\u00f3n de visitantes, control de acceso y otros casos en los que la informaci\u00f3n segura es vital para los negocios y las relaciones con los clientes. Si usted es un banco, escuela, promotor de conciertos, empleador, aplicaci\u00f3n de la ley, casino, hotel, bar o club nocturno, el EMP2920.<\/p>","protected":false},"excerpt":{"rendered":"<p>La EMP2920 ID Tablet captura datos de forma segura y verifica la identidad con la eficacia y la comodidad de un dispositivo m\u00f3vil y el rendimiento de un ordenador completo. Integra perfectamente la lectura de tarjetas inteligentes con y sin contacto, el escaneado de huellas dactilares, la toma de fotograf\u00edas y la lectura MRZ en un dispositivo compacto pero robusto. Gestione las relaciones con sus clientes y socios a trav\u00e9s de una interfaz f\u00e1cil de usar y una plataforma de alta tecnolog\u00eda.<\/p>","protected":false},"featured_media":4744,"template":"","meta":{"_EventAllDay":false,"_EventTimezone":"","_EventStartDate":"","_EventEndDate":"","_EventStartDateUTC":"","_EventEndDateUTC":"","_EventShowMap":false,"_EventShowMapLink":false,"_EventURL":"","_EventCost":"","_EventCostDescription":"","_EventCurrencySymbol":"","_EventCurrencyCode":"","_EventCurrencyPosition":"","_EventDateTimeSeparator":"","_EventTimeRangeSeparator":"","_EventOrganizerID":[],"_EventVenueID":[],"_OrganizerEmail":"","_OrganizerPhone":"","_OrganizerWebsite":"","_VenueAddress":"","_VenueCity":"","_VenueCountry":"","_VenueProvince":"","_VenueState":"","_VenueZip":"","_VenuePhone":"","_VenueURL":"","_VenueStateProvince":"","_VenueLat":"","_VenueLng":"","_VenueShowMap":false,"_VenueShowMapLink":false},"product_brand":[],"product_cat":[83,116,117],"product_tag":[],"class_list":{"0":"post-4743","1":"product","2":"type-product","3":"status-publish","4":"has-post-thumbnail","6":"product_cat-banking-card-equipment","7":"product_cat-credentials-secure-id-equipment","8":"product_cat-enrollment-decentralized-credential-issuance","10":"first","11":"instock","12":"shipping-taxable","13":"product-type-simple"},"jetpack_sharing_enabled":true,"_links":{"self":[{"href":"https:\/\/emperortech.us\/es\/wp-json\/wp\/v2\/product\/4743","targetHints":{"allow":["GET"]}}],"collection":[{"href":"https:\/\/emperortech.us\/es\/wp-json\/wp\/v2\/product"}],"about":[{"href":"https:\/\/emperortech.us\/es\/wp-json\/wp\/v2\/types\/product"}],"wp:featuredmedia":[{"embeddable":true,"href":"https:\/\/emperortech.us\/es\/wp-json\/wp\/v2\/media\/4744"}],"wp:attachment":[{"href":"https:\/\/emperortech.us\/es\/wp-json\/wp\/v2\/media?parent=4743"}],"wp:term":[{"taxonomy":"product_brand","embeddable":true,"href":"https:\/\/emperortech.us\/es\/wp-json\/wp\/v2\/product_brand?post=4743"},{"taxonomy":"product_cat","embeddable":true,"href":"https:\/\/emperortech.us\/es\/wp-json\/wp\/v2\/product_cat?post=4743"},{"taxonomy":"product_tag","embeddable":true,"href":"https:\/\/emperortech.us\/es\/wp-json\/wp\/v2\/product_tag?post=4743"}],"curies":[{"name":"wp","href":"https:\/\/api.w.org\/{rel}","templated":true}]}}