{"id":5012,"date":"2018-03-18T14:36:01","date_gmt":"2018-03-18T14:36:01","guid":{"rendered":"http:\/\/emperortech.us\/?post_type=product&#038;p=5012"},"modified":"2025-01-23T08:24:52","modified_gmt":"2025-01-23T14:24:52","slug":"emp5210-ticket-validator-for-mass-transit","status":"publish","type":"product","link":"https:\/\/emperortech.us\/es\/products\/emp5210-ticket-validator-for-mass-transit\/","title":{"rendered":"EMP5210 Validador de billetes para transporte p\u00fablico"},"content":{"rendered":"<p>El EMP5210 Ticket proporciona validaci\u00f3n de billetes y tarjetas para el transporte p\u00fablico masivo. Es un terminal de pago con tarjeta inteligente sin contacto y QR desarrollado para el sistema de pago de tarifas de transporte p\u00fablico. Admite el pago con tarjetas inteligentes sin contacto, incluidas tarjetas RFID, tarjetas CPU, tarjetas bancarias IC, etc. Con caracter\u00edsticas de seguridad y encriptaci\u00f3n sin igual, el EMP5210 Ticket proporciona el proceso de pago m\u00e1s vers\u00e1til y eficiente.<\/p>\n<p><strong>CARACTER\u00cdSTICAS PRINCIPALES<\/strong><br \/>\nLas caracter\u00edsticas del validador de billetes y tarjetas EMP5210 incluyen:<\/p>\n<ul>\n<li>Procesador CPU seguro y de alta velocidad<\/li>\n<li>Tipo de tarjeta compatible: Tarjeta MIFARE\u00ae, tarjeta CPU, tarjeta IC bancaria;ISO14443 Tipo A&amp;B, protocolos Sony Felica<\/li>\n<li>Pago mediante c\u00f3digo QR<\/li>\n<li>GPS y posicionamiento por sat\u00e9lite<\/li>\n<li>Memoria de datos de gran capacidad<\/li>\n<li>Interfaz f\u00e1cil de usar: voz \/ zumbador \/ indicador luminoso<\/li>\n<li>Carcasa s\u00f3lida y resistente, impermeable y a prueba de golpes<\/li>\n<li>Instalaci\u00f3n flexible y estable<\/li>\n<\/ul>\n<p><strong>ESPECIFICACIONES T\u00c9CNICAS<\/strong><\/p>\n<ul>\n<li>N\u00facleo CliU<br \/>\nARM Cortex\u2122-M4 CliU de 32 bits<\/li>\n<li>Caliacidad de la memoria:<br \/>\nInterna: 196Kb SRAM, 1Mb ROM<br \/>\nExterno: 1Mb SRAM, 160 Mbit SliI Serial<br \/>\nFlash x5, 64Kb de almacenamiento no vol\u00e1til<\/li>\n<li>HMI<br \/>\nPantalla LED, 4 indicadores LED, 1 zumbador<\/li>\n<li>RFID ISO14443 A\/B, SONY FELICA<br \/>\nISO14443A: 0~10CM, FELICA: 0~7CM<\/li>\n<li>Encrylition:<br \/>\n4 x liSAM, norma ISO7816<\/li>\n<li>Interfaz de comunicaci\u00f3n de datos:<br \/>\nUSB, RS-232, GliRS\/3G\/4G, Infrarrojos, CAN\/488<\/li>\n<li>Funci\u00f3n olicional:<br \/>\nC\u00f3digo QR liayment<br \/>\nTeclado personalizado de recogida de tarifas<\/li>\n<li>Transacci\u00f3n<br \/>\nTiempo (tarjeta lier): \u2264300ms<br \/>\nVida \u00fatil \u22655 a\u00f1os<br \/>\nliower Sulilily: DC+12V\/1A +5V\/3A inliut<\/li>\n<li>Entorno: Almacenamiento: temlierature -10 - +55 , humedad \u226485%<br \/>\nTemperatura: -20 - +70 , humedad \u226495%<\/li>\n<li>Instalaci\u00f3n: Instalaci\u00f3n en barra vertical o barra transversal con cierre de seguridad<br \/>\nDimensiones: 220(L) \u00d7 130(A)<\/li>\n<\/ul>","protected":false},"excerpt":{"rendered":"<p>El EMP5210A es un validador de pago r\u00e1pido de tarifas para el transporte p\u00fablico masivo. Es un terminal de pago con tarjeta inteligente QR y sin contacto desarrollado para el sistema de pago de tarifas de transporte p\u00fablico. Admite el pago con tarjetas inteligentes sin contacto, como tarjetas RFID, tarjetas CPU, tarjetas bancarias IC, etc. ....<\/p>","protected":false},"featured_media":5015,"template":"","meta":{"_EventAllDay":false,"_EventTimezone":"","_EventStartDate":"","_EventEndDate":"","_EventStartDateUTC":"","_EventEndDateUTC":"","_EventShowMap":false,"_EventShowMapLink":false,"_EventURL":"","_EventCost":"","_EventCostDescription":"","_EventCurrencySymbol":"","_EventCurrencyCode":"","_EventCurrencyPosition":"","_EventDateTimeSeparator":"","_EventTimeRangeSeparator":"","_EventOrganizerID":[],"_EventVenueID":[],"_OrganizerEmail":"","_OrganizerPhone":"","_OrganizerWebsite":"","_VenueAddress":"","_VenueCity":"","_VenueCountry":"","_VenueProvince":"","_VenueState":"","_VenueZip":"","_VenuePhone":"","_VenueURL":"","_VenueStateProvince":"","_VenueLat":"","_VenueLng":"","_VenueShowMap":false,"_VenueShowMapLink":false},"product_brand":[],"product_cat":[134],"product_tag":[],"class_list":{"0":"post-5012","1":"product","2":"type-product","3":"status-publish","4":"has-post-thumbnail","6":"product_cat-fare-collection-mass-transit-equipment","8":"first","9":"instock","10":"shipping-taxable","11":"product-type-simple"},"jetpack_sharing_enabled":true,"_links":{"self":[{"href":"https:\/\/emperortech.us\/es\/wp-json\/wp\/v2\/product\/5012","targetHints":{"allow":["GET"]}}],"collection":[{"href":"https:\/\/emperortech.us\/es\/wp-json\/wp\/v2\/product"}],"about":[{"href":"https:\/\/emperortech.us\/es\/wp-json\/wp\/v2\/types\/product"}],"wp:featuredmedia":[{"embeddable":true,"href":"https:\/\/emperortech.us\/es\/wp-json\/wp\/v2\/media\/5015"}],"wp:attachment":[{"href":"https:\/\/emperortech.us\/es\/wp-json\/wp\/v2\/media?parent=5012"}],"wp:term":[{"taxonomy":"product_brand","embeddable":true,"href":"https:\/\/emperortech.us\/es\/wp-json\/wp\/v2\/product_brand?post=5012"},{"taxonomy":"product_cat","embeddable":true,"href":"https:\/\/emperortech.us\/es\/wp-json\/wp\/v2\/product_cat?post=5012"},{"taxonomy":"product_tag","embeddable":true,"href":"https:\/\/emperortech.us\/es\/wp-json\/wp\/v2\/product_tag?post=5012"}],"curies":[{"name":"wp","href":"https:\/\/api.w.org\/{rel}","templated":true}]}}