{"id":5018,"date":"2018-03-19T01:27:13","date_gmt":"2018-03-19T01:27:13","guid":{"rendered":"http:\/\/emperortech.us\/?post_type=product&#038;p=5018"},"modified":"2025-01-24T13:27:34","modified_gmt":"2025-01-24T19:27:34","slug":"emp5211-mobile-pos-for-mass-transit-public-transportation","status":"publish","type":"product","link":"https:\/\/emperortech.us\/es\/products\/emp5211-mobile-pos-for-mass-transit-public-transportation\/","title":{"rendered":"EMP5211 TPV M\u00f3vil para Transporte P\u00fablico de Masas"},"content":{"rendered":"<p>El TPV m\u00f3vil EMP5211 ha sido dise\u00f1ado para satisfacer las nuevas necesidades de pago electr\u00f3nico en los sistemas de cobro de transporte p\u00fablico con un sistema operativo propio que combina altas prestaciones y multifuncionalidad.<\/p>\n<p>Estos equipos combinan los sistemas tradicionales de terminales inteligentes de pago para veh\u00edculos con las capacidades de procesamiento de las nuevas tecnolog\u00edas de pago y la capacidad de integrar tambi\u00e9n las tecnolog\u00edas venideras que actualmente no est\u00e1n en el mercado.<\/p>\n<p>Adem\u00e1s de cubrir los sistemas tradicionales de pago con tarjeta en l\u00ednea existentes, la unidad acepta Alipay, microcr\u00e9ditos y otros c\u00f3digos de pago, incluido el Flash en la nube de UnionPay, ODA (autenticaci\u00f3n de datos sin conexi\u00f3n) y otros m\u00e9todos de pago con tarjeta de cr\u00e9dito en l\u00ednea. El producto est\u00e1 equipado con la funci\u00f3n GPS que proporciona un posicionamiento instant\u00e1neo y preciso del veh\u00edculo en tiempo real, funciones WIFI y Blue Tooth que hacen que la programaci\u00f3n y actualizaci\u00f3n del<br \/>\nequipo f\u00e1cil y r\u00e1pido.<\/p>\n<p>El EMP5211 es la soluci\u00f3n perfecta para el pago r\u00e1pido de billetes de transporte p\u00fablico.<\/p>\n<p><strong>ESPECIFICACIONES T\u00c9CNICAS<\/strong><\/p>\n<p><strong>CPU y sistema operativo<\/strong><\/p>\n<ul>\n<li>CPU: Cortex-A17, frecuencia 1,6 GHz<\/li>\n<li>Sistema operativo: Android 5.1<\/li>\n<\/ul>\n<p><strong>Memoria<\/strong><\/p>\n<ul>\n<li>ROM: 8 GB<\/li>\n<li>Tarjeta TF de memoria ampliada: M\u00e1ximo 32 GB<\/li>\n<\/ul>\n<p><strong>Pago con tarjeta sin contacto<\/strong><\/p>\n<ul>\n<li>Compatible con ISO 14443 M1, tarjeta CPU<\/li>\n<li>Admite monedero electr\u00f3nico y UPcash<\/li>\n<li>Compatible con el monedero electr\u00f3nico UnionPay PBOC 2.0\/3.0, UPcash, ODA, UnionPay Mobile QuickPass y otras plataformas,<\/li>\n<li>Compatible con las normas de tarjetas IC para monederos electr\u00f3nicos<\/li>\n<\/ul>\n<p><strong>C\u00f3digo QR 2D Pago<\/strong><\/p>\n<ul>\n<li>Este modelo integra un m\u00f3dulo de pago por c\u00f3digo QR capaz de ofrecer:<\/li>\n<li>Precisi\u00f3n de reconocimiento: 5 mil<\/li>\n<li>Tipo de reconocimiento de c\u00f3digo QR: no limitado a c\u00f3digo QR (QR \u00bd, Micro)<\/li>\n<li>Balanceo \/ cabeceo \/ gui\u00f1ada: 360\u00b0, \u00b140\u00b0, \u00b140\u00b0<\/li>\n<\/ul>\n<p><strong>Conexi\u00f3n USB<\/strong><\/p>\n<ul>\n<li>Cuando el validador est\u00e9 realizando una tarea de red, no ralentizar\u00e1 el escaneado del c\u00f3digo QR.<\/li>\n<\/ul>\n<p><strong>Mostrar<\/strong><\/p>\n<p><strong>Front-end <\/strong><strong>Mostrar<\/strong><\/p>\n<ul>\n<li>Pantalla LCD en color de 7 pulgadas, resoluci\u00f3n\uff1a800\u00d7480<\/li>\n<li>Zona designada para el c\u00f3digo QR y el esc\u00e1ner de tarjetas sin contacto<\/li>\n<li>Dos indicadores LED (Rojo\/Verde) indican el estado operativo y de pago del validador<\/li>\n<\/ul>\n<p><strong>\u00a0Back-end <\/strong><strong>Mostrar<\/strong><\/p>\n<ul>\n<li>Utiliza pantalla de 4 d\u00edgitos y 2 indicadores LED (Rojo\/Verde)<\/li>\n<\/ul>\n<p><strong>Audio<\/strong><\/p>\n<ul>\n<li>Un altavoz de alta potencia con una potencia m\u00e1xima de 5 vatios<\/li>\n<li>Admite MP3, WAV<\/li>\n<\/ul>\n<p><strong>Posicionamiento<\/strong><\/p>\n<ul>\n<li>Admite posicionamiento GPS y Beidu en modo dual; tambi\u00e9n admite posicionamiento A-GPS con red inal\u00e1mbrica.<\/li>\n<\/ul>\n<p><strong>Funci\u00f3n <\/strong><strong>botones<\/strong><\/p>\n<ul>\n<li>4 botones (Arriba, Abajo, Confirmar, Retorno), resistentes al agua con una vida media de m\u00e1s de 100K veces<\/li>\n<li>Admite PSAM, tarjetas SIM<\/li>\n<li>4 ranuras de tarjeta PSAM y 1 ranura de tarjeta SIM<\/li>\n<\/ul>\n<p><strong>Seguridad\/Encriptaci\u00f3n<\/strong><\/p>\n<ul>\n<li>El chip de cifrado admite cifrado y descifrado RSA de 2048 bits, ECC, cifrado y descifrado DES\/3DES, cifrado y descifrado de algoritmos criptogr\u00e1ficos SM1, SM2, SM3, SM4, cifrado y descifrado SSF33, cifrado y descifrado SHA1\/256<\/li>\n<\/ul>\n<p><strong>Comunicaci\u00f3n<\/strong><\/p>\n<ul>\n<li>Compatible con redes m\u00f3viles 2G\/3G\/4G, WIFI (puntos calientes) y Bluetooth<\/li>\n<li>AdmiteEthernet<\/li>\n<\/ul>\n<p><strong>Funci\u00f3n de autodiagn\u00f3stico\u00a0\u00a0\u00a0\u00a0\u00a0 <\/strong><\/p>\n<ul>\n<li>Admite autocomprobaci\u00f3n tras el encendido y guarda autom\u00e1ticamente el registro;<\/li>\n<li>Mensaje de error de carga.<\/li>\n<li>La pantalla LCD muestra el estado de funcionamiento de los principales componentes.<\/li>\n<\/ul>\n<p><strong>Poder:<\/strong><\/p>\n<ul>\n<li>Tensi\u00f3n de entrada: DC 24V<\/li>\n<li>Rango de tensi\u00f3n de funcionamiento: 7V ~ 55V<\/li>\n<li>Potencia de salida: DC 24V\/2A<\/li>\n<\/ul>\n<p><strong>Aspecto e instalaci\u00f3n<\/strong><\/p>\n<ul>\n<li>Dise\u00f1o elegante, compacto, pr\u00e1ctico y resistente<\/li>\n<li>La carcasa sellada del validador es a prueba de polvo, golpes y agua con un nivel de protecci\u00f3n IP54.<\/li>\n<li>Puede instalarse vertical u horizontalmente con una barra; el uso de un cierre de seguridad impide la manipulaci\u00f3n<\/li>\n<\/ul>\n<p><strong>Entorno operativo<\/strong><strong>t<\/strong><\/p>\n<ul>\n<li>Temperatura de funcionamiento: -20\u00b0C ~ +60\u00b0C<\/li>\n<li>Temperatura de almacenamiento: -40 \u00b0C ~+80 \u00b0C<\/li>\n<li>Humedad de funcionamiento: 40\u00b0C 15% ~ 95%RH (a prueba de roc\u00edo)<\/li>\n<li>Humildad de almacenamiento: 50\u00b0C 5% ~ 95%RH<\/li>\n<\/ul>","protected":false},"excerpt":{"rendered":"<p>El TPV m\u00f3vil EMP5211 facilita los pagos electr\u00f3nicos en autobuses, trenes y otros sistemas de transporte p\u00fablico. Es la forma mejorada de realizar pagos r\u00e1pidos  <\/p>","protected":false},"featured_media":11219,"template":"","meta":{"_EventAllDay":false,"_EventTimezone":"","_EventStartDate":"","_EventEndDate":"","_EventStartDateUTC":"","_EventEndDateUTC":"","_EventShowMap":false,"_EventShowMapLink":false,"_EventURL":"","_EventCost":"","_EventCostDescription":"","_EventCurrencySymbol":"","_EventCurrencyCode":"","_EventCurrencyPosition":"","_EventDateTimeSeparator":"","_EventTimeRangeSeparator":"","_EventOrganizerID":[],"_EventVenueID":[],"_OrganizerEmail":"","_OrganizerPhone":"","_OrganizerWebsite":"","_VenueAddress":"","_VenueCity":"","_VenueCountry":"","_VenueProvince":"","_VenueState":"","_VenueZip":"","_VenuePhone":"","_VenueURL":"","_VenueStateProvince":"","_VenueLat":"","_VenueLng":"","_VenueShowMap":false,"_VenueShowMapLink":false},"product_brand":[],"product_cat":[134],"product_tag":[],"class_list":{"0":"post-5018","1":"product","2":"type-product","3":"status-publish","4":"has-post-thumbnail","6":"product_cat-fare-collection-mass-transit-equipment","8":"first","9":"instock","10":"shipping-taxable","11":"product-type-simple"},"jetpack_sharing_enabled":true,"_links":{"self":[{"href":"https:\/\/emperortech.us\/es\/wp-json\/wp\/v2\/product\/5018","targetHints":{"allow":["GET"]}}],"collection":[{"href":"https:\/\/emperortech.us\/es\/wp-json\/wp\/v2\/product"}],"about":[{"href":"https:\/\/emperortech.us\/es\/wp-json\/wp\/v2\/types\/product"}],"wp:featuredmedia":[{"embeddable":true,"href":"https:\/\/emperortech.us\/es\/wp-json\/wp\/v2\/media\/11219"}],"wp:attachment":[{"href":"https:\/\/emperortech.us\/es\/wp-json\/wp\/v2\/media?parent=5018"}],"wp:term":[{"taxonomy":"product_brand","embeddable":true,"href":"https:\/\/emperortech.us\/es\/wp-json\/wp\/v2\/product_brand?post=5018"},{"taxonomy":"product_cat","embeddable":true,"href":"https:\/\/emperortech.us\/es\/wp-json\/wp\/v2\/product_cat?post=5018"},{"taxonomy":"product_tag","embeddable":true,"href":"https:\/\/emperortech.us\/es\/wp-json\/wp\/v2\/product_tag?post=5018"}],"curies":[{"name":"wp","href":"https:\/\/api.w.org\/{rel}","templated":true}]}}