{"id":4192,"date":"2015-08-15T03:04:29","date_gmt":"2015-08-15T08:04:29","guid":{"rendered":"http:\/\/emperortech.us\/?page_id=4192"},"modified":"2025-03-27T22:30:35","modified_gmt":"2025-03-28T03:30:35","slug":"resellers","status":"publish","type":"page","link":"https:\/\/emperortech.us\/fr\/resellers\/","title":{"rendered":"Revendeurs"},"content":{"rendered":"<p class=\"lead text-left\"><strong>Notre r\u00e9seau de partenaires agr\u00e9\u00e9s <\/strong> est une extension naturelle de notre \u00e9quipe interne de vente et d'assistance.  Ils offrent un service inestimable en facilitant l'acc\u00e8s aux conseils, aux informations et \u00e0 l'assistance pour les \u00e9quipements d'identification s\u00e9curis\u00e9s et les solutions de personnalisation de cartes \u00e0 puce les mieux adapt\u00e9s aux besoins de votre entreprise et de vos clients.<\/p>\n<p>Si vous \u00eates \u00e0 la recherche d'\u00e9quipements d'identification s\u00e9curis\u00e9s ou de cartes \u00e0 puce EmperorTech (des machines, outils et accessoires d'information de s\u00e9curit\u00e9 parmi les plus fiables au monde), n'h\u00e9sitez pas \u00e0 prendre contact avec nous ou avec l'un de nos fournisseurs de services pr\u00e9f\u00e9r\u00e9s \u00e9num\u00e9r\u00e9s ci-dessous. <\/p>\n<p><strong>Pour rejoindre notre r\u00e9seau de revendeurs Emperor, APPELEZ <a href=\"tel:12146148340\">(214) 614-8340<\/a> poste 201, nous envoyer un courriel \u00e0 <a href=\"mailto:sales@emperortech.us\">sales@emperortech.us<\/a> ou envoyez-nous un message par l'interm\u00e9diaire de notre <a href=\"https:\/\/emperortech.us\/fr\/contact-us\/\">page de contact<\/a><\/strong>. <\/p>\n<div id=\"resellers\">\n<h2>Revendeurs de compteurs de cartes<\/h2>\n<div class=\"box\">\n   \t  <img decoding=\"async\" src=\"..\/..\/images\/logos\/allstar-card-systems-logo.png\" alt=\"AllStar Card Systems logo\" style=\"margin:10px auto 20px; max-height:60px\" width=\"auto\" height=\"80\"><\/p>\n<h3>Sanji Rana<\/h3>\n<p>Syst\u00e8mes de cartes AllStar <br \/>\n         (817) 649-3222, poste 107<br \/>\n        (800) 290-0463, poste 107<br \/>\n        <a href=\"mailto:service@allstarcardsystems.com\">service@allstarcardsystems.com<\/a><br \/>\n        <a href=\"https:\/\/www.allStarcardsystems.com \" target=\"_blank\" rel=\"noopener\">www.AllStarCardSystems.com <\/a><br \/>\n        Arlington, Texas, \u00c9tats-Unis <\/p>\n<\/div>\n<div class=\"box\">\n      <img decoding=\"async\" src=\"..\/..\/images\/logos\/systemas-ford-sa-logo.png\" alt=\"ford systemas logo\" style=\"margin:0 auto 5px; max-height:100px\" width=\"auto\" height=\"100\"><\/p>\n<h3>Mark Thomas Ford <\/h3>\n<p>        Ford SISTEMAS Ford, S.A (FSI)<br \/>\n        (507) 229-1880<br \/>\n        <a href=\"mailto:FordMT@Grupo-FSI.com\">FordMT@Grupo-FSI.com<\/a><br \/>\n        <a href=\"https:\/\/www.grupo-fsi.com\" target=\"_blank\" rel=\"noopener\">www.grupo-fsi.com<\/a><br \/>\n        Panama City, Panama\n    <\/div>\n<div class=\"box\">\n   \t  <img decoding=\"async\" src=\"..\/..\/images\/logos\/sandia-international-logo.png\" alt=\"Sandia International logo\" style=\"margin:10px auto 20px; max-height:80px\" max-height:60px\" width=\"auto\" height=\"80\"><\/p>\n<h3>Alex Anyaru<\/h3>\n<p>Sandia International <br \/>\n         (972)-980-6442 poste 101 <br \/>\n        <a href=\"mailto:contact@sandiainternational.com\">contact@sandiainternational.com<\/a><br \/>\n        <a href=\"https:\/\/www.sandiainternational.com \" target=\"_blank\" rel=\"noopener\">www.SandiaInternational.com <\/a><br \/>\n        Grand Prairie, Texas, \u00c9tats-Unis <\/p>\n<\/div>\n<p>    <!--\n\n\n\n\n\n\n\n\n\n\n\n\n\n<div class=\"box\">\n      <img decoding=\"async\" src=\"..\/..\/images\/logos\/protec-product-technology-corp-logo.png\" alt=\"PROTEC Product Technology logo\" style=\"margin:10px auto 20px; max-height:80px\" width=\"auto\" height=\"80\"><br \/>\n      \n\n\n\n\n\n\n\n\n\n\n\n\n\n<h3>John Ansell<\/h3>\n\n\n\n\n\n\n\n\n\n\n\n\n\n\n        PROTEC-Product Techology Corp.<br \/>\n      (732) 542-0800 ext 208<br \/>\n      <a href=\"mailto:john@protecnj.com\">john@protecnjcom<\/a><br \/>\n      <a href=\"https:\/\/www.protecnj.com\" target=\"_blank\" rel=\"noopener\">www.protecnj.com <\/a><br \/>\n        Eatontown, New Jersey, USA<\/div>\n\n\n\n\n\n\n\n\n\n\n\n\n\n--><\/p>\n<p>    <!--\n\n\n\n\n\n\n\n\n\n\n\n\n\n<div class=\"box\">\n    <img decoding=\"async\" src=\"..\/..\/images\/logos\/advanced-card-systems-logo.png\" alt=\"Advanced Card Systems and solutions logo\"  style=\"margin:10px auto 20px; max-height:80px\" width=\"auto\" height=\"80\"><br \/>\n      \n\n\n\n\n\n\n\n\n\n\n\n\n\n<h3>John McDonald<\/h3>\n\n\n\n\n\n\n\n\n\n\n\n\n\n\n      Advanced Card Systems and Solutions, Inc.<br \/>\n      (732) 282-9002<br \/>\n      <a href=\"mailto:JMcDonald@AdvancedCardSystems.com \">JMcDonald@AdvancedCardSystems.com <\/a><br \/>\n      <a href=\"https:\/\/www.AdvancedCardSystems.com\" target=\"_blank\" rel=\"noopener\">www.AdvancedCardSystems.com<\/a><br \/>\n    Farmingdale, New Jersey, USA\n    <\/div>\n\n\n\n\n\n\n\n\n\n\n\n\n\n--><\/p>\n<div class=\"box\">\n        <img decoding=\"async\" src=\"..\/..\/images\/logos\/integrated-card-solutions-ics-logo.png\" style=\"margin:10px auto 20px; max-height:80px\" width=\"auto\" height=\"80\"><\/p>\n<h3>Gregory Hill<\/h3>\n<p>        ICS Integrated Card Solutions<br \/>\n      \t847-278-7408<br \/>\n      \t<a href=\"mailto:ghill@ics.co\">ghill@ics.co<\/a><br \/>\n      \t<a href=\"https:\/\/www.icscorp.co\" target=\"_blank\" rel=\"noopener\">www.icscorp.co<\/a><br \/>\n  Mundelein, IL, USA <\/div>\n<div class=\"box\">\n    <img decoding=\"async\" src=\"..\/..\/images\/logos\/pittsburgh-embossing-services-logo.png\" alt=\"Pittsburgh Embossing logo\" style=\"margin:10px auto 20px; max-height:80px\" width=\"auto\" height=\"80\"><\/p>\n<h3>John Milhoan<\/h3>\n<p>Pitsburgh Embossing Services, Inc.<br \/>\n    (724) 222-5240<br \/>\n    <a href=\"mailto:johnj@pescard.com\">johnj@pescard.com<\/a><br \/>\n    <a href=\"https:\/\/pescard.com\" target=\"_blank\" rel=\"noopener\">www.pescard.com<\/a><br \/>\n    Eighty Four, Pennsylvanie, \u00c9tats-Unis <\/div>\n<div class=\"box\">\n      <img decoding=\"async\" src=\"..\/..\/images\/logos\/technology-unlimited-inc-tui-logo.png\" alt=\"Technology Unlimited Inc. (TUI)  logo\" style=\"margin:10px auto 20px; max-height:80px\" width=\"auto\" height=\"80\"><\/p>\n<h3>Erik Fitterer<\/h3>\n<p>        Technology Unlimited Inc (TUI) <br \/>\n      (206) 812-0622 <br \/>\n      <a href=\"mailto:Erikf@tuiusa.com\">Erikf@tuiusa.com<\/a><br \/>\n      <a href=\"https:\/\/www.tuiusa.com\" target=\"_blank\" rel=\"noopener\">tuiusa.com<\/a><br \/>\n        Washington, \u00c9tats-Unis<br \/>\n        <a href=\"https:\/\/www.tuiusa.com \"><\/a>\n     <\/div>\n<\/div>","protected":false},"excerpt":{"rendered":"<div class=\"banner has-hover has-parallax\" id=\"banner-1352852086\">\n<div class=\"banner-inner fill\">\n<div class=\"banner-bg fill\" data-parallax=\"-4\" data-parallax-container=\".banner\" data-parallax-background>\n            <img decoding=\"async\" src=\"https:\/\/www.emperortech.us\/images\/resellers.jpg\" class=\"bg\" alt=\"\" \/>\n                    <\/div>\n<div class=\"banner-layers container\">\n<div class=\"fill banner-link\"><\/div>\n<h1>MEET OUR RESELLERS<\/h1>\n<p><!--___\n[share]--><\/p><\/div>\n<\/p><\/div>\n<style>\n#banner-1352852086 {\n  padding-top: 300px;\n}\n<\/style>\n<\/p><\/div>\n","protected":false},"author":2,"featured_media":0,"parent":0,"menu_order":0,"comment_status":"closed","ping_status":"closed","template":"","meta":{"_EventAllDay":false,"_EventTimezone":"","_EventStartDate":"","_EventEndDate":"","_EventStartDateUTC":"","_EventEndDateUTC":"","_EventShowMap":false,"_EventShowMapLink":false,"_EventURL":"","_EventCost":"","_EventCostDescription":"","_EventCurrencySymbol":"","_EventCurrencyCode":"","_EventCurrencyPosition":"","_EventDateTimeSeparator":"","_EventTimeRangeSeparator":"","_EventOrganizerID":[],"_EventVenueID":[],"_OrganizerEmail":"","_OrganizerPhone":"","_OrganizerWebsite":"","_VenueAddress":"","_VenueCity":"","_VenueCountry":"","_VenueProvince":"","_VenueState":"","_VenueZip":"","_VenuePhone":"","_VenueURL":"","_VenueStateProvince":"","_VenueLat":"","_VenueLng":"","_VenueShowMap":false,"_VenueShowMapLink":false,"footnotes":""},"class_list":["post-4192","page","type-page","status-publish","hentry"],"jetpack_sharing_enabled":true,"_links":{"self":[{"href":"https:\/\/emperortech.us\/fr\/wp-json\/wp\/v2\/pages\/4192","targetHints":{"allow":["GET"]}}],"collection":[{"href":"https:\/\/emperortech.us\/fr\/wp-json\/wp\/v2\/pages"}],"about":[{"href":"https:\/\/emperortech.us\/fr\/wp-json\/wp\/v2\/types\/page"}],"author":[{"embeddable":true,"href":"https:\/\/emperortech.us\/fr\/wp-json\/wp\/v2\/users\/2"}],"replies":[{"embeddable":true,"href":"https:\/\/emperortech.us\/fr\/wp-json\/wp\/v2\/comments?post=4192"}],"version-history":[{"count":114,"href":"https:\/\/emperortech.us\/fr\/wp-json\/wp\/v2\/pages\/4192\/revisions"}],"predecessor-version":[{"id":13140,"href":"https:\/\/emperortech.us\/fr\/wp-json\/wp\/v2\/pages\/4192\/revisions\/13140"}],"wp:attachment":[{"href":"https:\/\/emperortech.us\/fr\/wp-json\/wp\/v2\/media?parent=4192"}],"curies":[{"name":"wp","href":"https:\/\/api.w.org\/{rel}","templated":true}]}}