{"id":522,"date":"2013-08-11T19:06:15","date_gmt":"2013-08-11T19:06:15","guid":{"rendered":"http:\/\/localhost:8888\/test\/?page_id=520"},"modified":"2016-08-15T03:29:21","modified_gmt":"2016-08-15T03:29:21","slug":"about-us","status":"publish","type":"page","link":"https:\/\/emperortech.us\/fr\/about-us\/","title":{"rendered":"A propos de nous"},"content":{"rendered":"<p class=\"lead text-left\"><strong>Des milliers de personnes utilisent chaque jour les \u00e9quipements d'identification s\u00e9curis\u00e9s et les solutions de personnalisation de cartes \u00e0 puce d'Emperor Technology.<\/strong><\/p>\n<p class=\"lead text-left\">Qu'il s'agisse d'\u00e9quipement de personnalisation de cartes \u00e0 puce, d'\u00e9quipement de personnalisation de passeports \u00e9lectroniques, de syst\u00e8mes de paiement pour les transports en commun ou d'\u00e9quipement de comptage et de tri de cartes, nous disposons d'outils riches en fonctionnalit\u00e9s - les solutions Secure ID et de personnalisation de cartes \u00e0 puce - qui vous aideront \u00e0 g\u00e9rer efficacement votre programme de production de cartes.<\/p>\n<p>EmperorTech est un nom mondial dans le domaine des syst\u00e8mes d'identification de cartes - produisant des \u00e9quipements de personnalisation automatique \u00e0 haut volume pour les cartes \u00e0 puce, les cartes SIM, les puces IC et les passeports. Emperor con\u00e7oit, d\u00e9veloppe, fabrique et distribue des \u00e9quipements pour la personnalisation et le traitement des cartes \u00e0 puce et des passeports biom\u00e9triques, en particulier des encodeurs, des lecteurs, des graveurs laser, des imprimantes UV, thermiques, \u00e0 sublimation et \u00e0 jet d'encre, des compteurs de cartes, des kiosques de distribution de cartes et de passeports et des logiciels pour la personnalisation et le traitement des cartes \u00e0 puce et des passeports biom\u00e9triques.<\/p>\n<p><strong>Personnalisation s\u00e9curis\u00e9e de l'identit\u00e9 et de la carte<\/strong><br \/>\nEmperor Technology est l'un des principaux fabricants de syst\u00e8mes d'identification et de personnalisation de cartes s\u00e9curis\u00e9es et sert des millions de personnes dans le monde entier en personnalisant des cartes avec et sans contact gr\u00e2ce \u00e0 des technologies de certification s\u00e9curis\u00e9es.<\/p>\n<p><strong>Mission d'EmperorTech<\/strong><br \/>\nNos clients, leurs clients - le monde est maintenant pleinement conscient des d\u00e9fis pos\u00e9s par la protection des donn\u00e9es critiques et la construction d'une soci\u00e9t\u00e9 de l'information s\u00fbre. Dans cette optique, notre objectif premier est de fournir \u00e0 notre r\u00e9seau mondial de prospects et de clients des produits de s\u00e9curit\u00e9 de l'information de qualit\u00e9 sup\u00e9rieure qui combattent ces menaces tout en restant \u00e0 la pointe de l'innovation et en proposant les solutions les plus rentables dans le domaine de la s\u00e9curit\u00e9 des donn\u00e9es.<\/p>\n<p><strong>Vision d'EmperorTech<\/strong><br \/>\nPour mieux comprendre nos objectifs ou pour savoir comment nous pouvons vous aider \u00e0 mieux servir vos clients avec des produits et des solutions qui leur donnent la tranquillit\u00e9 d'esprit qu'ils m\u00e9ritent, <a href=\"https:\/\/emperortech.us\/fr\/contact-us\/\">contactez-nous pour une consultation d\u00e8s aujourd'hui.<\/a><\/p>","protected":false},"excerpt":{"rendered":"<div class=\"banner has-hover has-parallax\" id=\"banner-540934513\">\n<div class=\"banner-inner fill\">\n<div class=\"banner-bg fill\" data-parallax=\"-3\" data-parallax-container=\".banner\" data-parallax-background>\n            <img decoding=\"async\" src=\"https:\/\/www.emperortech.us\/images\/about-us.jpg\" class=\"bg\" alt=\"\" \/>\n                    <\/div>\n<div class=\"banner-layers container\">\n<div class=\"fill banner-link\"><\/div>\n<h1>ABOUT US<\/h1>\n<p><!--___\n[share]--><\/p><\/div>\n<\/p><\/div>\n<style>\n#banner-540934513 {\n  padding-top: 300px;\n}\n<\/style>\n<\/p><\/div>\n","protected":false},"author":2,"featured_media":0,"parent":0,"menu_order":0,"comment_status":"closed","ping_status":"closed","template":"page-blank-container.php","meta":{"_EventAllDay":false,"_EventTimezone":"","_EventStartDate":"","_EventEndDate":"","_EventStartDateUTC":"","_EventEndDateUTC":"","_EventShowMap":false,"_EventShowMapLink":false,"_EventURL":"","_EventCost":"","_EventCostDescription":"","_EventCurrencySymbol":"","_EventCurrencyCode":"","_EventCurrencyPosition":"","_EventDateTimeSeparator":"","_EventTimeRangeSeparator":"","_EventOrganizerID":[],"_EventVenueID":[],"_OrganizerEmail":"","_OrganizerPhone":"","_OrganizerWebsite":"","_VenueAddress":"","_VenueCity":"","_VenueCountry":"","_VenueProvince":"","_VenueState":"","_VenueZip":"","_VenuePhone":"","_VenueURL":"","_VenueStateProvince":"","_VenueLat":"","_VenueLng":"","_VenueShowMap":false,"_VenueShowMapLink":false,"footnotes":""},"class_list":["post-522","page","type-page","status-publish","hentry"],"jetpack_sharing_enabled":true,"_links":{"self":[{"href":"https:\/\/emperortech.us\/fr\/wp-json\/wp\/v2\/pages\/522","targetHints":{"allow":["GET"]}}],"collection":[{"href":"https:\/\/emperortech.us\/fr\/wp-json\/wp\/v2\/pages"}],"about":[{"href":"https:\/\/emperortech.us\/fr\/wp-json\/wp\/v2\/types\/page"}],"author":[{"embeddable":true,"href":"https:\/\/emperortech.us\/fr\/wp-json\/wp\/v2\/users\/2"}],"replies":[{"embeddable":true,"href":"https:\/\/emperortech.us\/fr\/wp-json\/wp\/v2\/comments?post=522"}],"version-history":[{"count":28,"href":"https:\/\/emperortech.us\/fr\/wp-json\/wp\/v2\/pages\/522\/revisions"}],"predecessor-version":[{"id":4597,"href":"https:\/\/emperortech.us\/fr\/wp-json\/wp\/v2\/pages\/522\/revisions\/4597"}],"wp:attachment":[{"href":"https:\/\/emperortech.us\/fr\/wp-json\/wp\/v2\/media?parent=522"}],"curies":[{"name":"wp","href":"https:\/\/api.w.org\/{rel}","templated":true}]}}