{"id":663,"date":"2013-08-18T15:59:48","date_gmt":"2013-08-18T15:59:48","guid":{"rendered":"http:\/\/localhost:8888\/test\/?page_id=663"},"modified":"2015-05-29T17:42:43","modified_gmt":"2015-05-29T17:42:43","slug":"services","status":"publish","type":"page","link":"https:\/\/emperortech.us\/fr\/services\/","title":{"rendered":"Services"},"content":{"rendered":"<p class=\"lead text-left\"><strong>Notre r\u00e9seau de services 360.<\/strong> Que vous soyez une institution financi\u00e8re telle qu'une banque ou une coop\u00e9rative de cr\u00e9dit, un \u00e9tablissement de vente au d\u00e9tail ou une agence gouvernementale, nous vous aidons \u00e0 surmonter les obstacles qui emp\u00eachent votre programme de cartes de fonctionner de mani\u00e8re optimale.<\/p>\n<p>Obtenez l'\u00e9quipement, les outils et les fournitures dont vous avez besoin pour g\u00e9rer efficacement vos programmes de cartes. Prenez une longueur d'avance sur vos concurrents en proposant des solutions qui ne sont pas seulement rentables, mais qui offrent une s\u00e9curit\u00e9, une flexibilit\u00e9 et une fiabilit\u00e9 de premier ordre.<\/p>\n<p><strong>ID de s\u00e9curit\u00e9<\/strong><br \/>\nLa s\u00e9curit\u00e9 est l'une des principales pr\u00e9occupations de tous les citoyens. Avec l'augmentation des vols d'identit\u00e9, des fraudes et d'autres probl\u00e8mes de s\u00e9curit\u00e9, il est important que vous donniez \u00e0 vos clients les solutions qui les prot\u00e9geront le mieux de leurs informations priv\u00e9es. Des mesures pr\u00e9ventives qui r\u00e9duisent les formalit\u00e9s administratives et apportent la tranquillit\u00e9 d'esprit que nous recherchons tous.<\/p>\n<p><strong>\u00c9quipement de fabrication<\/strong><br \/>\nNos \u00e9quipements comprennent des \u00e9quipements d'identification s\u00e9curis\u00e9e, des \u00e9quipements de cartes \u00e0 puce, des \u00e9quipements de paiement \u00e9lectronique et des lecteurs. Depuis 18 ans, nous concevons et fabriquons des \u00e9quipements d'identification s\u00e9curis\u00e9e, de paiement \u00e9lectronique et d'\u00e9mission de documents de voyage. Nous concevons des syst\u00e8mes qui deviennent essentiels \u00e0 votre activit\u00e9 parce qu'ils vous permettent d'\u00e9conomiser du temps et de l'argent et qu'ils offrent une valeur ajout\u00e9e dont vos clients ne peuvent se passer. L'\u00e9quipement Emperor dans vos centres de personnalisation de cartes garantira la qualit\u00e9 et la fiabilit\u00e9 que vos clients attendent de vous au quotidien, 24 heures sur 24 et 7 jours sur 7 si c'est ce qu'ils recherchent.<\/p>\n<p><strong>Services globaux<\/strong><br \/>\nEmperorTech, en anticipant les besoins de ses clients dans le monde entier, offre ses produits et services sur tous les continents - Europe, Asie, Australie, Afrique et Am\u00e9rique du Sud et centrale. Nous fournissons le meilleur service \u00e0 la client\u00e8le et sommes r\u00e9solus \u00e0 fournir un ensemble complet de solutions visant \u00e0 vous aider \u00e0 d\u00e9marrer facilement et rapidement, \u00e0 optimiser les performances des produits et \u00e0 r\u00e9soudre efficacement les probl\u00e8mes.<\/p>\n<p>Vous aurez acc\u00e8s \u00e0 une \u00e9quipe de professionnels chevronn\u00e9s ayant plus de dix-huit ans d'exp\u00e9rience dans le secteur.<\/p>\n<p><strong>Services globaux<\/strong><br \/>\nNos \u00e9quipements comprennent des \u00e9quipements d'identification s\u00e9curis\u00e9e, des \u00e9quipements de cartes \u00e0 puce, des \u00e9quipements de paiement \u00e9lectronique et des lecteurs. Depuis 18 ans, nous concevons et fabriquons des \u00e9quipements d'identification s\u00e9curis\u00e9e, de paiement \u00e9lectronique et d'\u00e9mission de documents de voyage. Nous concevons des syst\u00e8mes qui deviennent essentiels \u00e0 votre activit\u00e9 parce qu'ils vous font gagner du temps et de l'argent et qu'ils offrent une valeur ajout\u00e9e dont vos clients ne peuvent se passer.<\/p>\n<p><strong><a name=\"video\"><\/a>Regardez cette vid\u00e9o sur notre \u00e9quipement de personnalisation de cartes d'identit\u00e9 et de cartes.  <\/strong><br \/>\n<iframe width=\"1280\" height=\"720\" src=\"https:\/\/www.youtube.com\/embed\/96IFtToZXYM?rel=0\" frameborder=\"0\" allowfullscreen><\/iframe><\/p>","protected":false},"excerpt":{"rendered":"<div class=\"banner has-hover\" id=\"banner-1049222803\">\n<div class=\"banner-inner fill\">\n<div class=\"banner-bg fill\" >\n            <img decoding=\"async\" src=\"https:\/\/www.emperortech.us\/images\/services.jpg\" class=\"bg\" alt=\"\" \/>\n                    <\/div>\n<div class=\"banner-layers container\">\n<div class=\"fill banner-link\"><\/div>\n<h1>Nos services<\/h1>\n<\/p><\/div>\n<\/p><\/div>\n<style>\n#banner-1049222803 {\n  padding-top: 300px;\n}\n<\/style>\n<\/p><\/div>","protected":false},"author":2,"featured_media":0,"parent":0,"menu_order":0,"comment_status":"closed","ping_status":"closed","template":"page-blank-container.php","meta":{"_EventAllDay":false,"_EventTimezone":"","_EventStartDate":"","_EventEndDate":"","_EventStartDateUTC":"","_EventEndDateUTC":"","_EventShowMap":false,"_EventShowMapLink":false,"_EventURL":"","_EventCost":"","_EventCostDescription":"","_EventCurrencySymbol":"","_EventCurrencyCode":"","_EventCurrencyPosition":"","_EventDateTimeSeparator":"","_EventTimeRangeSeparator":"","_EventOrganizerID":[],"_EventVenueID":[],"_OrganizerEmail":"","_OrganizerPhone":"","_OrganizerWebsite":"","_VenueAddress":"","_VenueCity":"","_VenueCountry":"","_VenueProvince":"","_VenueState":"","_VenueZip":"","_VenuePhone":"","_VenueURL":"","_VenueStateProvince":"","_VenueLat":"","_VenueLng":"","_VenueShowMap":false,"_VenueShowMapLink":false,"footnotes":""},"class_list":["post-663","page","type-page","status-publish","hentry"],"jetpack_sharing_enabled":true,"_links":{"self":[{"href":"https:\/\/emperortech.us\/fr\/wp-json\/wp\/v2\/pages\/663","targetHints":{"allow":["GET"]}}],"collection":[{"href":"https:\/\/emperortech.us\/fr\/wp-json\/wp\/v2\/pages"}],"about":[{"href":"https:\/\/emperortech.us\/fr\/wp-json\/wp\/v2\/types\/page"}],"author":[{"embeddable":true,"href":"https:\/\/emperortech.us\/fr\/wp-json\/wp\/v2\/users\/2"}],"replies":[{"embeddable":true,"href":"https:\/\/emperortech.us\/fr\/wp-json\/wp\/v2\/comments?post=663"}],"version-history":[{"count":18,"href":"https:\/\/emperortech.us\/fr\/wp-json\/wp\/v2\/pages\/663\/revisions"}],"predecessor-version":[{"id":4167,"href":"https:\/\/emperortech.us\/fr\/wp-json\/wp\/v2\/pages\/663\/revisions\/4167"}],"wp:attachment":[{"href":"https:\/\/emperortech.us\/fr\/wp-json\/wp\/v2\/media?parent=663"}],"curies":[{"name":"wp","href":"https:\/\/api.w.org\/{rel}","templated":true}]}}