{"id":11419,"date":"2021-08-18T22:03:22","date_gmt":"2021-08-18T22:03:22","guid":{"rendered":"https:\/\/emperortech.us\/?post_type=product&#038;p=11419"},"modified":"2025-01-23T16:11:22","modified_gmt":"2025-01-23T22:11:22","slug":"emp6823-color-inkjet-dod-card-personalization-system","status":"publish","type":"product","link":"https:\/\/emperortech.us\/fr\/products\/emp6823-color-inkjet-dod-card-personalization-system\/","title":{"rendered":"EMP6823 Syst\u00e8me de personnalisation de cartes DoD \u00e0 jet d'encre couleur et \u00e0 grand volume"},"content":{"rendered":"<p><strong>Le choix id\u00e9al pour la personnalisation de cartes en grande quantit\u00e9<\/strong><\/p>\n<ul>\n<li>Fonction compl\u00e8te, haute performance, grande vitesse, grand volume, personnalisation de cartes en vrac<\/li>\n<li>Des pi\u00e8ces et des consommables rentables permettent de r\u00e9duire les co\u00fbts de production.<\/li>\n<li>Impression bord \u00e0 bord avec de vraies couleurs pour un effet \"waouh\".<\/li>\n<li>Haute r\u00e9solution d'impression jusqu'\u00e0 1800 dpi<\/li>\n<li>Conception modulaire et flexible pour un flux de travail et une ex\u00e9cution des t\u00e2ches plus faciles et plus fluides<\/li>\n<li>Int\u00e9gration de la technologie jet d'encre UV avec le syst\u00e8me \u00e9prouv\u00e9 de gestion de la personnalisation d'Emperor<\/li>\n<li>La technique d'entra\u00eenement \u00e0 haute r\u00e9sistance garantit une durabilit\u00e9 d'impression d'au moins 5 ans.<\/li>\n<\/ul>\n        <div class=\"rmwr-wrapper\" \n             data-id=\"rmwr-69e0229b8655e\"\n             data-mode=\"normal\"\n             data-animation=\"fade\"\n             data-duration=\"300\"\n             data-smooth-scroll=\"true\"\n             data-scroll-offset=\"0\">\n            <button \n                type=\"button\"\n                class=\"read-link\" \n                id=\"readlinkrmwr-69e0229b8655e\"\n                data-open-text=\"Read More\"\n                data-close-text=\"Read Less\"\n                aria-expanded=\"false\"\n                aria-controls=\"readrmwr-69e0229b8655e\"\n                aria-label=\"Lire la suite\"\n            >\n                <span class=\"rmwr-text\">Lire la suite<\/span>\n            <\/button>\n            <div \n                class=\"read_div\" \n                id=\"readrmwr-69e0229b8655e\"\n                aria-hidden=\"true\"\n                data-animation=\"fade\"\n                data-duration=\"300\"\n                style=\"display: none;\"\n            >\n                \n<br><\/p>\n<ul>\n<strong>Caract\u00e9ristiques<\/strong><\/p>\n<li>Module d'alimentation en cartes : module d'entr\u00e9e pouvant contenir jusqu'\u00e0 1000 cartes<\/li>\n<li>Module d'encodage de bandes magn\u00e9tiques : 1 x encodeur \u00e0 grande vitesse, \u00e0 partir de 2 000 cph<\/li>\n<li>Module de codage des puces de contact : 8 x t\u00eates perso<\/li>\n<li>Module d'encodage de puces sans contact : 4 x t\u00eates personnelles<\/li>\n<li>Conception modulaire et flexible pour un flux de travail et une ex\u00e9cution des t\u00e2ches plus faciles et plus fluides<\/li>\n<li>Module d'impression \u00e0 jet d'encre UV 2 x couleur : Syst\u00e8me de s\u00e9chage par LED et OCR pour le contr\u00f4le de qualit\u00e9 en ligne<\/li>\n<li>Durable, la haute r\u00e9sistance de l'impression dure au moins 5 ans.<\/li>\n<li>1 x flip-over<\/li>\n<\/ul>\n<p><strong>Principales sp\u00e9cifications<\/strong><\/p>\n<ul>\n<li>Traitement de la personnalisation : Impression \u00e0 jet d'encre couleur<\/li>\n<li>Type d'encre : UV (CMYK), 4 couleurs + optionnel (blanc + vernis)<\/li>\n<li>Syst\u00e8me de polym\u00e9risation : LED UV<\/li>\n<li>R\u00e9solution d'impression visible : jusqu'\u00e0 1200 dpi, 600 dpi en standard<\/li>\n<li>Compatibilit\u00e9 avec les mat\u00e9riaux de la carte : PC, PVC, ABS et autres mat\u00e9riaux composites<\/li>\n<li>Alimentation \u00e9lectrique : 220V AC \u00b110% ; 50 Hz \u00b1 2Hz<\/li>\n<li>Dimension : 9 094 x 1 206 x 1 603 mm<\/li>\n<li>Vitesse de production : jusqu'\u00e0 1 800 cph<\/li>\n<\/ul>\n            <\/div>\n        <\/div>","protected":false},"excerpt":{"rendered":"<p>Le syst\u00e8me de personnalisation de cartes DoD \u00e0 jet d'encre EMP6823 est le choix id\u00e9al si vous souhaitez une imprimante et une machine de personnalisation de cartes d'identit\u00e9 de haute qualit\u00e9, \u00e0 haut volume et s\u00e9curis\u00e9e, fonctionnant avec des consommables peu co\u00fbteux. Le syst\u00e8me d'impression et de personnalisation en masse EMP6823 r\u00e9duit vos co\u00fbts de production et le co\u00fbt total pour votre entreprise tout en offrant performance et qualit\u00e9.<\/p>","protected":false},"featured_media":11415,"template":"","meta":{"_EventAllDay":false,"_EventTimezone":"","_EventStartDate":"","_EventEndDate":"","_EventStartDateUTC":"","_EventEndDateUTC":"","_EventShowMap":false,"_EventShowMapLink":false,"_EventURL":"","_EventCost":"","_EventCostDescription":"","_EventCurrencySymbol":"","_EventCurrencyCode":"","_EventCurrencyPosition":"","_EventDateTimeSeparator":"","_EventTimeRangeSeparator":"","_EventOrganizerID":[],"_EventVenueID":[],"_OrganizerEmail":"","_OrganizerPhone":"","_OrganizerWebsite":"","_VenueAddress":"","_VenueCity":"","_VenueCountry":"","_VenueProvince":"","_VenueState":"","_VenueZip":"","_VenuePhone":"","_VenueURL":"","_VenueStateProvince":"","_VenueLat":"","_VenueLng":"","_VenueShowMap":false,"_VenueShowMapLink":false},"product_brand":[],"product_cat":[115,49,84],"product_tag":[144],"class_list":{"0":"post-11419","1":"product","2":"type-product","3":"status-publish","4":"has-post-thumbnail","6":"product_cat-centralized-banking-card-production-equipemt","7":"product_cat-secure-id-equipment","8":"product_cat-smart-card-sim-card-equipment","9":"product_tag-card-printer-personalization-color-uv-inkjet-secure-id","11":"first","12":"instock","13":"featured","14":"shipping-taxable","15":"product-type-simple"},"jetpack_sharing_enabled":true,"_links":{"self":[{"href":"https:\/\/emperortech.us\/fr\/wp-json\/wp\/v2\/product\/11419","targetHints":{"allow":["GET"]}}],"collection":[{"href":"https:\/\/emperortech.us\/fr\/wp-json\/wp\/v2\/product"}],"about":[{"href":"https:\/\/emperortech.us\/fr\/wp-json\/wp\/v2\/types\/product"}],"wp:featuredmedia":[{"embeddable":true,"href":"https:\/\/emperortech.us\/fr\/wp-json\/wp\/v2\/media\/11415"}],"wp:attachment":[{"href":"https:\/\/emperortech.us\/fr\/wp-json\/wp\/v2\/media?parent=11419"}],"wp:term":[{"taxonomy":"product_brand","embeddable":true,"href":"https:\/\/emperortech.us\/fr\/wp-json\/wp\/v2\/product_brand?post=11419"},{"taxonomy":"product_cat","embeddable":true,"href":"https:\/\/emperortech.us\/fr\/wp-json\/wp\/v2\/product_cat?post=11419"},{"taxonomy":"product_tag","embeddable":true,"href":"https:\/\/emperortech.us\/fr\/wp-json\/wp\/v2\/product_tag?post=11419"}],"curies":[{"name":"wp","href":"https:\/\/api.w.org\/{rel}","templated":true}]}}