{"id":11512,"date":"2021-08-20T14:46:32","date_gmt":"2021-08-20T14:46:32","guid":{"rendered":"https:\/\/emperortech.us\/?post_type=product&#038;p=11512"},"modified":"2025-01-22T21:34:43","modified_gmt":"2025-01-23T03:34:43","slug":"emp6700-desktop-uv-inkjet-card-personalization-system","status":"publish","type":"product","link":"https:\/\/emperortech.us\/fr\/products\/emp6700-desktop-uv-inkjet-card-personalization-system\/","title":{"rendered":"EMP6700 Syst\u00e8me de personnalisation de cartes \u00e0 jet d'encre UV de bureau"},"content":{"rendered":"<p><strong>Choix id\u00e9al pour la personnalisation de cartes \u00e0 la demande en faible volume<\/strong><\/p>\n<ul>\n<li>Conception de bureau - adapt\u00e9e \u00e0 un large \u00e9ventail d'environnements de production<\/li>\n<li>Flux de travail enti\u00e8rement automatique et simple, conception modulaire, entretien facile<\/li>\n<li>Prise en charge de l'impression double face et bord \u00e0 bord.<\/li>\n<li>Vitesse d'impression : simple face - jusqu'\u00e0 280CPH, double face - 150CPH<\/li>\n<li>La solution d'impression couleur de cartes la plus rentable<\/li>\n<\/ul>\n        <div class=\"rmwr-wrapper\" \n             data-id=\"rmwr-69e0856b730fe\"\n             data-mode=\"normal\"\n             data-animation=\"fade\"\n             data-duration=\"300\"\n             data-smooth-scroll=\"true\"\n             data-scroll-offset=\"0\">\n            <button \n                type=\"button\"\n                class=\"read-link\" \n                id=\"readlinkrmwr-69e0856b730fe\"\n                data-open-text=\"Read More\"\n                data-close-text=\"Read Less\"\n                aria-expanded=\"false\"\n                aria-controls=\"readrmwr-69e0856b730fe\"\n                aria-label=\"Lire la suite\"\n            >\n                <span class=\"rmwr-text\">Lire la suite<\/span>\n            <\/button>\n            <div \n                class=\"read_div\" \n                id=\"readrmwr-69e0856b730fe\"\n                aria-hidden=\"true\"\n                data-animation=\"fade\"\n                data-duration=\"300\"\n                style=\"display: none;\"\n            >\n                \n<br \/><\/p>\n<p><strong>Caract\u00e9ristiques<\/strong><\/p>\n<ul>\n<li>Module d'alimentation en cartes : 1 x bac d'entr\u00e9e, 300 cartes.<\/li>\n<li>1 x flip-over, OCR recto et verso<\/li>\n<li>Module de codage des puces : 1 module d'encodage \u00e0 puce, avec fonction d'encodage avec et sans contact<\/li>\n<li>Gravure laser : 1 t\u00eate de gravure laser, 256 niveaux de gris, 600 dpi, avec MLI et CLI<\/li>\n<li>1 x Module d'impression couleur \u00e0 jet d'encre UV : impression bord \u00e0 bord, avec syst\u00e8me de s\u00e9chage par LED<\/li>\n<li>1 x flip-over, OCR pour le contr\u00f4le de qualit\u00e9 en ligne<\/li>\n<li>Module de sortie : 1x empileur de sortie, 300 cartes, 1x bac de rejet, 50 cartes,<\/li>\n<\/ul>\n<p><strong>Principales sp\u00e9cifications<\/strong><\/p>\n<ul>\n<li>Traitement de la personnalisation : Impression \u00e0 jet d'encre couleur de bureau<\/li>\n<li>Dimension et poids : 1850X750X700. 170kg<\/li>\n<li>OS : Windows 10 ou version suivante<\/li>\n<li>Gravure laser : Plus de 600 dpi, MLI\/CLI<\/li>\n<li>Mode d'impression : 4 couleurs\uff08Y, M, C, K), 5 couleurs\uff08Y, M, C, K, Varnish\uff09<\/li>\n<li>R\u00e9solution : 600 x 600 dpi<\/li>\n<li>Vitesse : jusqu'\u00e0 180 UPH<\/li>\n<\/ul>\n            <\/div>\n        <\/div>","protected":false},"excerpt":{"rendered":"<p>Le syst\u00e8me de personnalisation de cartes \u00e0 jet d'encre UV EMP6700 produit des r\u00e9sultats de qualit\u00e9 \u00e0 un faible co\u00fbt par carte. Cette machine modulaire, compacte et facile \u00e0 int\u00e9grer est con\u00e7ue pour r\u00e9aliser des projets de faible \u00e0 moyen volume. Les consommables peu co\u00fbteux impressionneront votre \u00e9quipe, vos clients et votre personnel.<em>-<\/em>et de la poche.<\/p>","protected":false},"featured_media":12308,"template":"","meta":{"_EventAllDay":false,"_EventTimezone":"","_EventStartDate":"","_EventEndDate":"","_EventStartDateUTC":"","_EventEndDateUTC":"","_EventShowMap":false,"_EventShowMapLink":false,"_EventURL":"","_EventCost":"","_EventCostDescription":"","_EventCurrencySymbol":"","_EventCurrencyCode":"","_EventCurrencyPosition":"","_EventDateTimeSeparator":"","_EventTimeRangeSeparator":"","_EventOrganizerID":[],"_EventVenueID":[],"_OrganizerEmail":"","_OrganizerPhone":"","_OrganizerWebsite":"","_VenueAddress":"","_VenueCity":"","_VenueCountry":"","_VenueProvince":"","_VenueState":"","_VenueZip":"","_VenuePhone":"","_VenueURL":"","_VenueStateProvince":"","_VenueLat":"","_VenueLng":"","_VenueShowMap":false,"_VenueShowMapLink":false},"product_brand":[],"product_cat":[79,115,84],"product_tag":[77,76,78,75],"class_list":{"0":"post-11512","1":"product","2":"type-product","3":"status-publish","4":"has-post-thumbnail","6":"product_cat-card-counters","7":"product_cat-centralized-banking-card-production-equipemt","8":"product_cat-smart-card-sim-card-equipment","9":"product_tag-card-sorter","10":"product_tag-card-sorting-machine","11":"product_tag-card-sorting-system","12":"product_tag-emp8050f","14":"first","15":"instock","16":"featured","17":"shipping-taxable","18":"product-type-simple"},"jetpack_sharing_enabled":true,"_links":{"self":[{"href":"https:\/\/emperortech.us\/fr\/wp-json\/wp\/v2\/product\/11512","targetHints":{"allow":["GET"]}}],"collection":[{"href":"https:\/\/emperortech.us\/fr\/wp-json\/wp\/v2\/product"}],"about":[{"href":"https:\/\/emperortech.us\/fr\/wp-json\/wp\/v2\/types\/product"}],"wp:featuredmedia":[{"embeddable":true,"href":"https:\/\/emperortech.us\/fr\/wp-json\/wp\/v2\/media\/12308"}],"wp:attachment":[{"href":"https:\/\/emperortech.us\/fr\/wp-json\/wp\/v2\/media?parent=11512"}],"wp:term":[{"taxonomy":"product_brand","embeddable":true,"href":"https:\/\/emperortech.us\/fr\/wp-json\/wp\/v2\/product_brand?post=11512"},{"taxonomy":"product_cat","embeddable":true,"href":"https:\/\/emperortech.us\/fr\/wp-json\/wp\/v2\/product_cat?post=11512"},{"taxonomy":"product_tag","embeddable":true,"href":"https:\/\/emperortech.us\/fr\/wp-json\/wp\/v2\/product_tag?post=11512"}],"curies":[{"name":"wp","href":"https:\/\/api.w.org\/{rel}","templated":true}]}}