{"id":12984,"date":"2024-10-09T18:49:45","date_gmt":"2024-10-09T23:49:45","guid":{"rendered":"https:\/\/emperortech.us\/?post_type=product&#038;p=12984"},"modified":"2025-01-23T12:24:57","modified_gmt":"2025-01-23T18:24:57","slug":"emp6820-dod-uv-inkjet-card-personalization-system","status":"publish","type":"product","link":"https:\/\/emperortech.us\/fr\/products\/emp6820-dod-uv-inkjet-card-personalization-system\/","title":{"rendered":"EMP6820 Syst\u00e8me de personnalisation de cartes DoD \u00e0 haut volume par jet d'encre UV"},"content":{"rendered":"<p><strong>Choix id\u00e9al pour la personnalisation de cartes en grande quantit\u00e9 : <\/strong>L'EMP6820 associe la technologie jet d'encre UV au syst\u00e8me \u00e9lectronique de gestion de la personnalisation d'Emperor, offrant ainsi une impression UV \u00e0 grande vitesse et en couleur. C'est l'option id\u00e9ale pour la cr\u00e9ation de cartes en grand volume, en particulier pour les fabricants de cartes et les centres de personnalisation.<\n\n\n<blockquote>\n<p>L'un des avantages les plus notables de l'EMP6820 DOD est son faible co\u00fbt op\u00e9rationnel, qui la distingue des autres solutions de personnalisation comme le transfert thermique. Cette approche permet aux \u00e9metteurs de maximiser leur budget sans sacrifier la qualit\u00e9 en utilisant des consommables \u00e0 faible co\u00fbt, ce qui en fait une option abordable pour l'\u00e9mission de cartes. <\/p>\n<\/blockquote>\n<p>L'EMP6820 est l'ultime solution monochrome de personnalisation DoD disponible pour l'\u00e9mission de cartes. D\u00e9couvrez quelques-unes de ses caract\u00e9ristiques :<\/p>\n        <div class=\"rmwr-wrapper\" \n             data-id=\"rmwr-69f8cb2ec17dc\"\n             data-mode=\"normal\"\n             data-animation=\"fade\"\n             data-duration=\"300\"\n             data-smooth-scroll=\"true\"\n             data-scroll-offset=\"0\">\n            <button \n                type=\"button\"\n                class=\"read-link\" \n                id=\"readlinkrmwr-69f8cb2ec17dc\"\n                data-open-text=\"Read More\"\n                data-close-text=\"Read Less\"\n                aria-expanded=\"false\"\n                aria-controls=\"readrmwr-69f8cb2ec17dc\"\n                aria-label=\"Lire la suite\"\n            >\n                <span class=\"rmwr-text\">Lire la suite<\/span>\n            <\/button>\n            <div \n                class=\"read_div\" \n                id=\"readrmwr-69f8cb2ec17dc\"\n                aria-hidden=\"true\"\n                data-animation=\"fade\"\n                data-duration=\"300\"\n                style=\"display: none;\"\n            >\n                \n<p><strong>Caract\u00e9ristiques<\/strong><\/p>\n<ul>\n<li>Technologie de pointe pour les gouttes d'eau \u00e0 la demande<\/li>\n<li>Impression de haute qualit\u00e9 et durable pour des r\u00e9sultats infalsifiables<\/li>\n<li>Syst\u00e8me industriel enti\u00e8rement automatis\u00e9<\/li>\n<li>Production en grand volume \u00e0 des vitesses \u00e9lev\u00e9es, jusqu'\u00e0 6 000 cartes par heure<\/li>\n<li>Syst\u00e8me de purge automatique de l'encre<\/li>\n<li>Faibles co\u00fbts op\u00e9rationnels<\/li>\n<li><strong>Personnalisation graphique<\/strong>:<br \/>\n\t  Solution \u00e0 faible co\u00fbt pour<br \/>\n    la personnalisation graphique.<\/li>\n<li>Conception modulaire pour une plus grande flexibilit\u00e9 et des ajouts personnalis\u00e9s<\/li>\n<\/ul>\n<p>  <strong>Conception modulaire et choix d'une large gamme de produits :<\/strong><\/p>\n<ul>\n<li>Extension facile<\/li>\n<li>Encodage de la bande magn\u00e9tique<\/li>\n<li>Encodage des cartes de contact<\/li>\n<li>Impression monochrome<\/li>\n<li>Impression graphique en couleur<\/li>\n<li>Encodage de cartes sans contact RFID<\/li>\n<li>V\u00e9rification\/contr\u00f4le de l'OCR<\/li>\n<\/ul>\n<p><strong>Principales sp\u00e9cifications<\/strong>:<\/p>\n<ul>\n<li>Vitesse de production : jusqu'\u00e0 12000 cph pour l'impression graphique, 6000 cph pour l'encodage des puces.<\/li>\n<li>Type d'encre : UV, 4 couleurs (CMYK).<\/li>\n<li>Syst\u00e8me de polym\u00e9risation : LED UV.<\/li>\n<li>Impression \u00e0 jet d'encre UV : Passe unique, CMYK(+W) ; R\u00e9solution visuelle jusqu'\u00e0 1060 dpi, R\u00e9solution native : 360 dpi<\/li>\n<li>Compatibilit\u00e9 avec les mat\u00e9riaux des cartes : PC, PVC, ABS, PET, PETG et autres mat\u00e9riaux composites.<\/li>\n<li>Alimentation \u00e9lectrique : 220V AC\u00b110% ; 50 Hz \u00b1 2 Hz.<\/li>\n<li>Puissance : 3KW .<\/li>\n<li>Environnement de travail : Temp\u00e9rature : 5~40\u2103 ; RH : 30\uff5e80<\/li>\n<li>Dimension (L\u00d7L\u00d7H) : 7450*1060*1760 mm\uff08configuration standard avec module d'alimentation, 16 stations d'encodage, impression UV, module de s\u00e9chage LED et module de d\u00e9chargement\uff09.<\/li>\n<li>Poids net : 1050 kg<\/li>\n<\/ul>\n            <\/div>\n        <\/div>","protected":false},"excerpt":{"rendered":"<p>L'EMP6820 est une machine de personnalisation de cartes \u00e0 grande vitesse sp\u00e9cialement con\u00e7ue pour l'\u00e9mission de cartes monochromes en grand volume. Utilisant la technologie de pointe Drop on Demand (DoD), ce syst\u00e8me d'avant-garde offre une efficacit\u00e9 in\u00e9gal\u00e9e et une impression monochrome (noir et blanc) de haute qualit\u00e9, permettant l'impression recto-verso d'\u00e9l\u00e9ments tels que des mots, des chiffres, des codes-barres, des codes QR, et bien plus encore.<\/p>","protected":false},"featured_media":12987,"template":"","meta":{"_EventAllDay":false,"_EventTimezone":"","_EventStartDate":"","_EventEndDate":"","_EventStartDateUTC":"","_EventEndDateUTC":"","_EventShowMap":false,"_EventShowMapLink":false,"_EventURL":"","_EventCost":"","_EventCostDescription":"","_EventCurrencySymbol":"","_EventCurrencyCode":"","_EventCurrencyPosition":"","_EventDateTimeSeparator":"","_EventTimeRangeSeparator":"","_EventOrganizerID":[],"_EventVenueID":[],"_OrganizerEmail":"","_OrganizerPhone":"","_OrganizerWebsite":"","_VenueAddress":"","_VenueCity":"","_VenueCountry":"","_VenueProvince":"","_VenueState":"","_VenueZip":"","_VenuePhone":"","_VenueURL":"","_VenueStateProvince":"","_VenueLat":"","_VenueLng":"","_VenueShowMap":false,"_VenueShowMapLink":false},"product_brand":[],"product_cat":[115,49,84],"product_tag":[145],"class_list":{"0":"post-12984","1":"product","2":"type-product","3":"status-publish","4":"has-post-thumbnail","6":"product_cat-centralized-banking-card-production-equipemt","7":"product_cat-secure-id-equipment","8":"product_cat-smart-card-sim-card-equipment","9":"product_tag-id-card-printer-personalization-monochrome-uv-dod-inkjet","11":"first","12":"instock","13":"featured","14":"shipping-taxable","15":"product-type-simple"},"jetpack_sharing_enabled":true,"_links":{"self":[{"href":"https:\/\/emperortech.us\/fr\/wp-json\/wp\/v2\/product\/12984","targetHints":{"allow":["GET"]}}],"collection":[{"href":"https:\/\/emperortech.us\/fr\/wp-json\/wp\/v2\/product"}],"about":[{"href":"https:\/\/emperortech.us\/fr\/wp-json\/wp\/v2\/types\/product"}],"wp:featuredmedia":[{"embeddable":true,"href":"https:\/\/emperortech.us\/fr\/wp-json\/wp\/v2\/media\/12987"}],"wp:attachment":[{"href":"https:\/\/emperortech.us\/fr\/wp-json\/wp\/v2\/media?parent=12984"}],"wp:term":[{"taxonomy":"product_brand","embeddable":true,"href":"https:\/\/emperortech.us\/fr\/wp-json\/wp\/v2\/product_brand?post=12984"},{"taxonomy":"product_cat","embeddable":true,"href":"https:\/\/emperortech.us\/fr\/wp-json\/wp\/v2\/product_cat?post=12984"},{"taxonomy":"product_tag","embeddable":true,"href":"https:\/\/emperortech.us\/fr\/wp-json\/wp\/v2\/product_tag?post=12984"}],"curies":[{"name":"wp","href":"https:\/\/api.w.org\/{rel}","templated":true}]}}