{"id":3064,"date":"2014-04-01T17:27:55","date_gmt":"2014-04-01T17:27:55","guid":{"rendered":"http:\/\/www.emperortech.us\/product\/emp1200-card-counter\/"},"modified":"2025-01-22T18:22:41","modified_gmt":"2025-01-23T00:22:41","slug":"emp1200-card-counter","status":"publish","type":"product","link":"https:\/\/emperortech.us\/fr\/products\/emp1200-card-counter\/","title":{"rendered":"EMP1200 Compteur de cartes automatique"},"content":{"rendered":"<p><strong>Le compteur de cartes automatique EMP-1200<\/strong> est rapide et facile \u00e0 utiliser sur de multiples mat\u00e9riaux. con\u00e7u avec un mode d'entra\u00eenement m\u00e9canique et un circuit d'analyse num\u00e9rique.<\/p>\n<p>Vous avez la possibilit\u00e9 de pr\u00e9r\u00e9gler la quantit\u00e9 de comptage et de l'arr\u00eater automatiquement lorsqu'elle atteint le quota. L'EMP-1200P est facile \u00e0 utiliser et compte les cartes rapidement et avec pr\u00e9cision. Elle est capable de compter des cartes non transparentes d'une \u00e9paisseur sup\u00e9rieure \u00e0 0,45 mm, en particulier les cartes sales, anciennes ou endommag\u00e9es. L'EMP1200 est \u00e9quip\u00e9e d'une grande LED pour un affichage facile et clair du r\u00e9sultat du comptage. La capacit\u00e9 des bacs d'entr\u00e9e et de sortie peut atteindre 150 cartes. Jusqu'\u00e0 pr\u00e9sent, l'EMP1200 a \u00e9t\u00e9 largement utilis\u00e9 dans le centre de gestion des cartes IC de Speedway et dans le syst\u00e8me de m\u00e9tro depuis plus de 10 ans.<\/p>\n<p><strong>Principales sp\u00e9cifications techniques<\/strong><\/p>\n<ul>\n<li>Vitesse de comptage : 36000 cartes\/heure ;<\/li>\n<li>Capacit\u00e9 de la bo\u00eete \u00e0 cartes : 80-100 cartes ;<\/li>\n<li>Affichage LED ;<\/li>\n<li>Accumulation maximale : 9999 cartes ;<\/li>\n<li>Temp\u00e9rature de travail : 0\u2103-40\u2103 ;<\/li>\n<li>Humidit\u00e9 de fonctionnement : 30%-80% ;<\/li>\n<li>Alimentation \u00e9lectrique : 220V\u00b120% \/50Hz ;<\/li>\n<li>Puissance\u226465W ;<\/li>\n<li>Dimensions : 465\uff08L\uff09x 240\uff08W\uff09x 170\uff08H\uff09mm ;<\/li>\n<li>Poids : 9,5 kg.<\/li>\n<\/ul>","protected":false},"excerpt":{"rendered":"<p>Le compteur de cartes automatique EMP-1200P est un appareil de table peu encombrant. Il est rapide et facile \u00e0 utiliser et peut compter des cartes d'une \u00e9paisseur allant jusqu'\u00e0 0,45 mm et un maximum de 9 999 cartes. Il peut traiter des cartes de diff\u00e9rents mat\u00e9riaux et textures, m\u00eame des cartes anciennes, sales ou endommag\u00e9es.<\/p>","protected":false},"featured_media":4468,"template":"","meta":{"_EventAllDay":false,"_EventTimezone":"","_EventStartDate":"","_EventEndDate":"","_EventStartDateUTC":"","_EventEndDateUTC":"","_EventShowMap":false,"_EventShowMapLink":false,"_EventURL":"","_EventCost":"","_EventCostDescription":"","_EventCurrencySymbol":"","_EventCurrencyCode":"","_EventCurrencyPosition":"","_EventDateTimeSeparator":"","_EventTimeRangeSeparator":"","_EventOrganizerID":[],"_EventVenueID":[],"_OrganizerEmail":"","_OrganizerPhone":"","_OrganizerWebsite":"","_VenueAddress":"","_VenueCity":"","_VenueCountry":"","_VenueProvince":"","_VenueState":"","_VenueZip":"","_VenuePhone":"","_VenueURL":"","_VenueStateProvince":"","_VenueLat":"","_VenueLng":"","_VenueShowMap":false,"_VenueShowMapLink":false},"product_brand":[],"product_cat":[79,115],"product_tag":[77,76,78,75],"class_list":{"0":"post-3064","1":"product","2":"type-product","3":"status-publish","4":"has-post-thumbnail","6":"product_cat-card-counters","7":"product_cat-centralized-banking-card-production-equipemt","8":"product_tag-card-sorter","9":"product_tag-card-sorting-machine","10":"product_tag-card-sorting-system","11":"product_tag-emp8050f","13":"first","14":"instock","15":"featured","16":"shipping-taxable","17":"product-type-simple"},"jetpack_sharing_enabled":true,"_links":{"self":[{"href":"https:\/\/emperortech.us\/fr\/wp-json\/wp\/v2\/product\/3064","targetHints":{"allow":["GET"]}}],"collection":[{"href":"https:\/\/emperortech.us\/fr\/wp-json\/wp\/v2\/product"}],"about":[{"href":"https:\/\/emperortech.us\/fr\/wp-json\/wp\/v2\/types\/product"}],"wp:featuredmedia":[{"embeddable":true,"href":"https:\/\/emperortech.us\/fr\/wp-json\/wp\/v2\/media\/4468"}],"wp:attachment":[{"href":"https:\/\/emperortech.us\/fr\/wp-json\/wp\/v2\/media?parent=3064"}],"wp:term":[{"taxonomy":"product_brand","embeddable":true,"href":"https:\/\/emperortech.us\/fr\/wp-json\/wp\/v2\/product_brand?post=3064"},{"taxonomy":"product_cat","embeddable":true,"href":"https:\/\/emperortech.us\/fr\/wp-json\/wp\/v2\/product_cat?post=3064"},{"taxonomy":"product_tag","embeddable":true,"href":"https:\/\/emperortech.us\/fr\/wp-json\/wp\/v2\/product_tag?post=3064"}],"curies":[{"name":"wp","href":"https:\/\/api.w.org\/{rel}","templated":true}]}}