{"id":3066,"date":"2014-04-01T20:08:39","date_gmt":"2014-04-01T20:08:39","guid":{"rendered":"http:\/\/www.emperortech.us\/product\/jc-6200g-tabletop-card-ssuance-system\/"},"modified":"2018-02-23T18:33:04","modified_gmt":"2018-02-23T18:33:04","slug":"jc-6200g-tabletop-card-ssuance-system","status":"publish","type":"product","link":"https:\/\/emperortech.us\/fr\/products\/jc-6200g-tabletop-card-ssuance-system\/","title":{"rendered":"JC-6200G Syst\u00e8me d'\u00e9mission de cartes \u00e0 puce de table"},"content":{"rendered":"<p><strong>Le JC-6200G, repens\u00e9 et redessin\u00e9<\/strong> offre plus de fonctions, plus de polyvalence et des performances tr\u00e8s stables.<br \/>\nLa machine de personnalisation de cartes \u00e0 puce de bureau, compacte et dot\u00e9e de nombreuses fonctionnalit\u00e9s, est le choix id\u00e9al pour la personnalisation de cartes \u00e0 puce en petites et moyennes quantit\u00e9s.<\/p>\n<p><strong>Flexible et polyvalent<\/strong> suffisamment pour permettre l'int\u00e9gration des modules les plus courants dans la machine compacte : OCR, R\/W avec contact, R\/W sans contact, gravure laser et retournement.<br \/>\nAvec notre marqueur laser haute performance, la prise et le transport des cartes sans rayures, l'assistance sous vide.<\/p>\n<p><strong>Caract\u00e9ristiques principales<\/strong><\/p>\n<ul>\n<li>Gravure au laser : syst\u00e8me de positionnement de haute pr\u00e9cision, capable de marquer deux faces<\/li>\n<li>Alimentation et transport des cartes sans rayures<\/li>\n<li>Personnalisation de la carte \u00e0 puce : carte avec ou sans contact, carte \u00e0 double interface et carte combin\u00e9e<\/li>\n<li>OCR pour le contr\u00f4le qualit\u00e9 ou la reconnaissance des caract\u00e8res (en option) Station de basculement<\/li>\n<li>Conception compacte mais durabilit\u00e9 du produit industriel<\/li>\n<li>Logiciel de personnalisation et de gestion des lots int\u00e9gr\u00e9 \u00e0 la plateforme de personnalisation EMP bas\u00e9e sur MS Windows 7<\/li>\n<li>Laser (20 watts fibre) livr\u00e9 avec CPU, clavier, \u00e9cran plat et logiciel de conception<\/li>\n<\/ul>\n<p><strong>Param\u00e8tres techniques<\/strong><\/p>\n<ul>\n<li>Vitesse de traitement : 3 600 CPH (cartes par heure)<\/li>\n<li>Compatibilit\u00e9 des cartes : ISO\/IEC 7810 ID-1 ; 30 mil (+\/- 10%) (alimentation et transport des cartes Prox en option)<\/li>\n<li>Compatibilit\u00e9 avec les supports de cartes : PC, PVC, ABS, PET, PETG et autres mat\u00e9riaux composites.<\/li>\n<li>Compatibilit\u00e9 des puces : ISO\/IEC 7816 (Contact) et ISO\/IEC 14443-1, -2, -3, -4<\/li>\n<li>Capacit\u00e9 des magasins : 500 cartes (cartes de 0,76 mm) ou 250 cartes (en option)<\/li>\n<li>Lecteur de contact et lecteur sans contact : lecteur PC\/SC standard ou lecteur TCP\/IP, personnalisable en fonction de vos besoins.<\/li>\n<li>OCR : sur mesure<\/li>\n<li>Environnement de travail : Temp\u00e9rature : 5~40 degr\u00e9s Celsius Humidit\u00e9 relative : 30%~85%<\/li>\n<li>Alimentation \u00e9lectrique : AC220V~240V, 50\/60Hz<\/li>\n<li>Interface PC : RS-232<\/li>\n<li>Dimension : 1200x360x545mm<\/li>\n<li>Poids net : 70 kg (sans laser ni OCR)<\/li>\n<\/ul>","protected":false},"excerpt":{"rendered":"<p>JC-6200G Syst\u00e8me d'\u00e9mission de cartes \u00e0 puce de table.  Ce syst\u00e8me d'\u00e9mission de cartes \u00e0 faible encombrement offre une configuration flexible, un logiciel d'application personnalis\u00e9 et une plate-forme logicielle ouverte. Sa polyvalence vous permet de r\u00e9pondre \u00e0 diverses exigences en mati\u00e8re de production de cartes et d'autres exigences de gestion !<\/p>","protected":false},"featured_media":3068,"template":"","meta":{"_EventAllDay":false,"_EventTimezone":"","_EventStartDate":"","_EventEndDate":"","_EventStartDateUTC":"","_EventEndDateUTC":"","_EventShowMap":false,"_EventShowMapLink":false,"_EventURL":"","_EventCost":"","_EventCostDescription":"","_EventCurrencySymbol":"","_EventCurrencyCode":"","_EventCurrencyPosition":"","_EventDateTimeSeparator":"","_EventTimeRangeSeparator":"","_EventOrganizerID":[],"_EventVenueID":[],"_OrganizerEmail":"","_OrganizerPhone":"","_OrganizerWebsite":"","_VenueAddress":"","_VenueCity":"","_VenueCountry":"","_VenueProvince":"","_VenueState":"","_VenueZip":"","_VenuePhone":"","_VenueURL":"","_VenueStateProvince":"","_VenueLat":"","_VenueLng":"","_VenueShowMap":false,"_VenueShowMapLink":false},"product_brand":[],"product_cat":[84],"product_tag":[99,100,98],"class_list":{"0":"post-3066","1":"product","2":"type-product","3":"status-publish","4":"has-post-thumbnail","6":"product_cat-smart-card-sim-card-equipment","7":"product_tag-jc-6200g-tabletop-card-counter","8":"product_tag-smart-card-counter","9":"product_tag-tabletop-card-issuance-system","11":"first","12":"instock","13":"featured","14":"shipping-taxable","15":"product-type-simple"},"jetpack_sharing_enabled":true,"_links":{"self":[{"href":"https:\/\/emperortech.us\/fr\/wp-json\/wp\/v2\/product\/3066","targetHints":{"allow":["GET"]}}],"collection":[{"href":"https:\/\/emperortech.us\/fr\/wp-json\/wp\/v2\/product"}],"about":[{"href":"https:\/\/emperortech.us\/fr\/wp-json\/wp\/v2\/types\/product"}],"wp:featuredmedia":[{"embeddable":true,"href":"https:\/\/emperortech.us\/fr\/wp-json\/wp\/v2\/media\/3068"}],"wp:attachment":[{"href":"https:\/\/emperortech.us\/fr\/wp-json\/wp\/v2\/media?parent=3066"}],"wp:term":[{"taxonomy":"product_brand","embeddable":true,"href":"https:\/\/emperortech.us\/fr\/wp-json\/wp\/v2\/product_brand?post=3066"},{"taxonomy":"product_cat","embeddable":true,"href":"https:\/\/emperortech.us\/fr\/wp-json\/wp\/v2\/product_cat?post=3066"},{"taxonomy":"product_tag","embeddable":true,"href":"https:\/\/emperortech.us\/fr\/wp-json\/wp\/v2\/product_tag?post=3066"}],"curies":[{"name":"wp","href":"https:\/\/api.w.org\/{rel}","templated":true}]}}