{"id":3069,"date":"2014-04-01T21:06:10","date_gmt":"2014-04-01T21:06:10","guid":{"rendered":"http:\/\/www.emperortech.us\/product\/emp6800-inkjet-personalization-printing-machine\/"},"modified":"2025-01-22T18:12:31","modified_gmt":"2025-01-23T00:12:31","slug":"emp6800-inkjet-personalization-printing-machine","status":"publish","type":"product","link":"https:\/\/emperortech.us\/fr\/products\/emp6800-inkjet-personalization-printing-machine\/","title":{"rendered":"EMP-S6800 Syst\u00e8me d'impression de personnalisation par jet d'encre UV"},"content":{"rendered":"<p><strong>EMP-S6800 Machine d'impression de personnalisation \u00e0 jet d'encre UV. <\/strong>Le syst\u00e8me de personnalisation UV inkjet est une plateforme de personnalisation de haute performance et de qualit\u00e9 d\u00e9velopp\u00e9e par Emperor Technology avec la technologie d'impression UV inkjet la plus avanc\u00e9e.<\/p>\n<p>L'imprimante de cartes \u00e0 puce EMP-S6800 adopte une technologie de manutention et d'impression \u00e0 plusieurs convoyeurs pour \u00e9quilibrer la vitesse et la stabilit\u00e9 de la machine. C'est le premier choix pour l'impression haute vitesse, haute r\u00e9solution, couleur UV perso d'une grande vari\u00e9t\u00e9 de cartes.<\/p>\n<p><strong>B\u00e9n\u00e9ficiez des avantages suivants avec votre EMP6800.<\/strong>..<\/p>\n<ol>\n<li><strong><em> Haute vitesse :<\/em><\/strong> La nouvelle t\u00eate d'impression de haute vitesse et de pr\u00e9cision contient 1024 buses, ce qui permet d'obtenir une impression num\u00e9rique \u00e0 jet d'encre de haute qualit\u00e9.<\/li>\n<li><strong><em>Stabilit\u00e9 \u00e9lev\u00e9e :<\/em> <\/strong>Nouvelle conception avec le syst\u00e8me de contr\u00f4le le plus pr\u00e9cis et des pi\u00e8ces moul\u00e9es de haute pr\u00e9cision, glissement libre, solide, stable, pas de basculement, garantissant une impression stable et continue. Le fonctionnement des cartes est plus r\u00e9gulier, ce qui permet d'obtenir une impression continue et stable.<\/li>\n<li><strong><em>Haute qualit\u00e9 :<\/em><\/strong> La structure enti\u00e8rement herm\u00e9tique am\u00e9liore l'environnement de travail des employ\u00e9s. La conception m\u00e9canique de haute pr\u00e9cision garantit la stabilit\u00e9 du mouvement des cartes et permet d'obtenir une impression stable et de haute qualit\u00e9.<\/li>\n<li>Multifonction : Moteur et rail de guidage de haute qualit\u00e9, \u00e9quip\u00e9 d'un \u00e9cran int\u00e9gr\u00e9, interaction homme-machine plus directe, apparence simple et uniforme. Le syst\u00e8me compact de solidification UV LED est \u00e9conomique et respectueux de l'environnement, il r\u00e9duit les exigences en mati\u00e8re d'environnement et d'alimentation \u00e9lectrique. Il garantit une reproduction tr\u00e8s contrast\u00e9e et une forte adh\u00e9rence de l'encre. La plate-forme d'impression r\u00e9glable innovante prend en charge diff\u00e9rents mat\u00e9riaux de diff\u00e9rentes \u00e9paisseurs.<\/li>\n<\/ol>\n<p><strong>Caract\u00e9ristiques principales<\/strong><\/p>\n<ul>\n<li>R\u00e9solution : 360 1080 dpi<\/li>\n<li>Dur\u00e9e de 8 ans<\/li>\n<li>Consommables \u00e0 faible co\u00fbt<\/li>\n<li>Pr\u00e9vention des rayures tout au long du processus<\/li>\n<li>Conception compacte<\/li>\n<li>Syst\u00e8me de s\u00e9chage LED UV : longue dur\u00e9e de vie, faible rayonnement thermique ;<\/li>\n<li>Mat\u00e9riau de la carte : PET, PVC, PC, etc.<\/li>\n<\/ul>\n<p><strong>Param\u00e8tres techniques<\/strong>s<\/p>\n<ul>\n<li>Vitesse de production : 3000 cartes\/heure (impression couleur\/simple face) Encre : 4 couleurs (Cyan, Magenta, Jaune, Noir)<\/li>\n<li>Convoyeur d'impression : 20<\/li>\n<li>Station d'impression : 20 x 5=100 cartes D\u00e9chargeur<\/li>\n<li>Capacit\u00e9 : 120 cartes \/ Magasin Alimentation : 220V AC 10% ; 50 Hz 2 Hz Puissance : 1200W<\/li>\n<li>Environnement de travail :<\/li>\n<li>Temp\u00e9rature : 5 40 degr\u00e9s Celsius HR : 30 80<\/li>\n<li>Dimension : 2800(L) 1500(L) 1600(H) mm<\/li>\n<li>Poids net : 970 kg<\/li>\n<\/ul>","protected":false},"excerpt":{"rendered":"<p>L'imprimante multifonction EMP-S6800 poss\u00e8de plusieurs caract\u00e9ristiques que vous appr\u00e9cierez, notamment une vitesse \u00e9lev\u00e9e, une grande stabilit\u00e9 et une haute qualit\u00e9 d'impression.<\/p>","protected":false},"featured_media":3190,"template":"","meta":{"_EventAllDay":false,"_EventTimezone":"","_EventStartDate":"","_EventEndDate":"","_EventStartDateUTC":"","_EventEndDateUTC":"","_EventShowMap":false,"_EventShowMapLink":false,"_EventURL":"","_EventCost":"","_EventCostDescription":"","_EventCurrencySymbol":"","_EventCurrencyCode":"","_EventCurrencyPosition":"","_EventDateTimeSeparator":"","_EventTimeRangeSeparator":"","_EventOrganizerID":[],"_EventVenueID":[],"_OrganizerEmail":"","_OrganizerPhone":"","_OrganizerWebsite":"","_VenueAddress":"","_VenueCity":"","_VenueCountry":"","_VenueProvince":"","_VenueState":"","_VenueZip":"","_VenuePhone":"","_VenueURL":"","_VenueStateProvince":"","_VenueLat":"","_VenueLng":"","_VenueShowMap":false,"_VenueShowMapLink":false},"product_brand":[],"product_cat":[49,84],"product_tag":[],"class_list":{"0":"post-3069","1":"product","2":"type-product","3":"status-publish","4":"has-post-thumbnail","6":"product_cat-secure-id-equipment","7":"product_cat-smart-card-sim-card-equipment","9":"first","10":"instock","11":"featured","12":"shipping-taxable","13":"product-type-simple"},"jetpack_sharing_enabled":true,"_links":{"self":[{"href":"https:\/\/emperortech.us\/fr\/wp-json\/wp\/v2\/product\/3069","targetHints":{"allow":["GET"]}}],"collection":[{"href":"https:\/\/emperortech.us\/fr\/wp-json\/wp\/v2\/product"}],"about":[{"href":"https:\/\/emperortech.us\/fr\/wp-json\/wp\/v2\/types\/product"}],"wp:featuredmedia":[{"embeddable":true,"href":"https:\/\/emperortech.us\/fr\/wp-json\/wp\/v2\/media\/3190"}],"wp:attachment":[{"href":"https:\/\/emperortech.us\/fr\/wp-json\/wp\/v2\/media?parent=3069"}],"wp:term":[{"taxonomy":"product_brand","embeddable":true,"href":"https:\/\/emperortech.us\/fr\/wp-json\/wp\/v2\/product_brand?post=3069"},{"taxonomy":"product_cat","embeddable":true,"href":"https:\/\/emperortech.us\/fr\/wp-json\/wp\/v2\/product_cat?post=3069"},{"taxonomy":"product_tag","embeddable":true,"href":"https:\/\/emperortech.us\/fr\/wp-json\/wp\/v2\/product_tag?post=3069"}],"curies":[{"name":"wp","href":"https:\/\/api.w.org\/{rel}","templated":true}]}}