{"id":3147,"date":"2014-04-24T04:46:57","date_gmt":"2014-04-24T04:46:57","guid":{"rendered":"http:\/\/www.emperortech.us\/product\/emp2901b-bio-data-capturing-device\/"},"modified":"2014-05-13T12:06:17","modified_gmt":"2014-05-13T12:06:17","slug":"emp2901b-bio-data-capturing-device","status":"publish","type":"product","link":"https:\/\/emperortech.us\/fr\/products\/emp2901b-bio-data-capturing-device\/","title":{"rendered":"EMP2901B Dispositif de capture des bio-donn\u00e9es"},"content":{"rendered":"<p><strong>EMP2901B Dispositif de capture des bio-donn\u00e9es<\/strong> est un dispositif de capture multifonctionnel permettant de recueillir des donn\u00e9es personnelles, des empreintes digitales, des signatures et des portraits. L'appareil se compose d'une unit\u00e9 de contr\u00f4le, d'un scanner d'empreintes digitales, d'un panneau de signature, d'un appareil photo, d'une unit\u00e9 de num\u00e9risation de documents, d'une unit\u00e9 de photographie de documents et d'un graveur de DVD. Il a \u00e9t\u00e9 largement utilis\u00e9 dans la collecte de donn\u00e9es pour les passeports \u00e9lectroniques et d'autres documents de s\u00e9curit\u00e9 sociale.<\/p>\n<p><strong>Caract\u00e9ristiques<\/strong><\/p>\n<ul>\n<li>IHM conviviale ; affichage en temps r\u00e9el de l'\u00e9tat de la collecte et des informations collect\u00e9es ; guide de l'utilisateur \u00e0 la fois vocal et visuel pour faciliter l'utilisation.<\/li>\n<li>Collecte de donn\u00e9es personnelles : donn\u00e9es personnelles (nom, sexe, date de naissance, lieu de naissance et num\u00e9ro d'identification) import\u00e9es par lecture des documents d'identit\u00e9 et\/ou saisie manuelle.<\/li>\n<li>Capture d'empreintes digitales : num\u00e9risation d'empreintes digitales simples ou doubles ; optimisation et adaptation automatiques ; g\u00e9n\u00e9ration automatique du format des empreintes digitales ; v\u00e9rification des empreintes digitales.<\/li>\n<li>Capture de signature : collecte de la signature manuscrite par le biais d'une fen\u00eatre d'affichage ; optimisation de l'image de la signature ; suppression automatique de l'arri\u00e8re-plan ; signature r\u00e9p\u00e9t\u00e9e.<\/li>\n<li>Capture de portraits : prise de photos de portraits \u00e0 l'aide de l'appareil photo sur place<\/li>\n<li>Photographie de documents : un appareil photo professionnel photographie les cartes d'identit\u00e9 ou d'autres documents et en extrait les donn\u00e9es personnelles.<\/li>\n<li>Cryptage des donn\u00e9es avec la cl\u00e9 USB et transfert des donn\u00e9es par l'interface de s\u00e9curit\u00e9 USB<\/li>\n<li>Sauvegarde et transfert des donn\u00e9es gr\u00e2ce au graveur de DVD int\u00e9gr\u00e9.<\/li>\n<li>Protection physique de l'interface mat\u00e9rielle de communication r\u00e9seau (y compris filaire, sans fil et Bluetooth) afin d'\u00e9viter toute divulgation de donn\u00e9es.<\/li>\n<li>Authentification multiple de l'op\u00e9rateur<\/li>\n<li>L'ensemble de l'appareil est con\u00e7u comme une valise, facile \u00e0 porter et \u00e0 transporter, r\u00e9sistant aux vibrations et \u00e0 la poussi\u00e8re.<\/li>\n<\/ul>\n<p><strong>Param\u00e8tres techniques<\/strong><\/p>\n<ul>\n<li>Unit\u00e9 de contr\u00f4le : Syst\u00e8me d'exploitation Windows 7 ; \u00e9cran tactile 8 ; processeur 2.4GHz, 1G RAM et disque dur 64G<\/li>\n<li>Unit\u00e9 de collecte de donn\u00e9es personnelles : capable de lire des documents d'identit\u00e9 sans contact conformes \u00e0 la norme ISO14443 (type B).<\/li>\n<li>Unit\u00e9 de collecte d'empreintes digitales : Certificat GA ; r\u00e9solution maximale de 500 dpi ; photo de 640 640 pixels ; vitesse de 20 images par seconde<\/li>\n<li>Unit\u00e9 de collecte des signatures : technologie d'induction \u00e9lectromagn\u00e9tique ; stylo sensible \u00e0 la pression passive ; r\u00e9solution 500DPI ; vitesse de lecture maximale de 200 points par seconde<\/li>\n<li>Unit\u00e9 de collection de portraits : appareil photo de 2 millions de pixels et capteur de lumi\u00e8re adaptatif pour la collection de portraits instantan\u00e9s<\/li>\n<li>Unit\u00e9 de photographie de documents : Appareil photo de 5 millions de pixels avec une r\u00e9solution de 2592 1944 ; taille de la photo : A3\/A4\/A5 ; vitesse de prise de vue : 1 seconde par pi\u00e8ce ; couleur d'image 24 bits ; source lumineuse auxiliaire LED<\/li>\n<\/ul>\n<p><strong>Unit\u00e9 de photographie d'identit\u00e9 de haute qualit\u00e9 (en option)<\/strong><\/p>\n<p>Install\u00e9 avec un appareil photo num\u00e9rique reflex \u00e0 objectif unique \u00e0 mise au point automatique et exposition automatique ; r\u00e9ponse rapide dans toutes les conditions.<\/p>\n<p>Logiciel de traitement des photos ID int\u00e9gr\u00e9 connect\u00e9 \u00e0 l'appareil photo num\u00e9rique pour ajuster automatiquement les param\u00e8tres de l'appareil photo lors de la prise de vue : visage automatique<br \/>\nd\u00e9tection, zoom et rotation ; suppression automatique de l'arri\u00e8re-plan et ajustement des couleurs ; assurez-vous que la photo de sortie est qualifi\u00e9e.<\/p>\n<p>Contr\u00f4le de la qualit\u00e9 des photos : soumettre les photos collect\u00e9es au contr\u00f4le de la qualit\u00e9 et obtenir les r\u00e9sultats en temps voulu.<\/p>","protected":false},"excerpt":{"rendered":"<p><strong>EMP2901B Dispositif de capture des bio-donn\u00e9es<\/strong> est un dispositif de capture multifonctionnel permettant de recueillir des donn\u00e9es personnelles, des empreintes digitales, des signatures et des portraits.<\/p>","protected":false},"featured_media":3148,"template":"","meta":{"_EventAllDay":false,"_EventTimezone":"","_EventStartDate":"","_EventEndDate":"","_EventStartDateUTC":"","_EventEndDateUTC":"","_EventShowMap":false,"_EventShowMapLink":false,"_EventURL":"","_EventCost":"","_EventCostDescription":"","_EventCurrencySymbol":"","_EventCurrencyCode":"","_EventCurrencyPosition":"","_EventDateTimeSeparator":"","_EventTimeRangeSeparator":"","_EventOrganizerID":[],"_EventVenueID":[],"_OrganizerEmail":"","_OrganizerPhone":"","_OrganizerWebsite":"","_VenueAddress":"","_VenueCity":"","_VenueCountry":"","_VenueProvince":"","_VenueState":"","_VenueZip":"","_VenuePhone":"","_VenueURL":"","_VenueStateProvince":"","_VenueLat":"","_VenueLng":"","_VenueShowMap":false,"_VenueShowMapLink":false},"product_brand":[],"product_cat":[49],"product_tag":[93,97],"class_list":{"0":"post-3147","1":"product","2":"type-product","3":"status-publish","4":"has-post-thumbnail","6":"product_cat-secure-id-equipment","7":"product_tag-bio-data-capturing-device","8":"product_tag-emp2910b","10":"first","11":"instock","12":"featured","13":"shipping-taxable","14":"product-type-simple"},"jetpack_sharing_enabled":true,"_links":{"self":[{"href":"https:\/\/emperortech.us\/fr\/wp-json\/wp\/v2\/product\/3147","targetHints":{"allow":["GET"]}}],"collection":[{"href":"https:\/\/emperortech.us\/fr\/wp-json\/wp\/v2\/product"}],"about":[{"href":"https:\/\/emperortech.us\/fr\/wp-json\/wp\/v2\/types\/product"}],"wp:featuredmedia":[{"embeddable":true,"href":"https:\/\/emperortech.us\/fr\/wp-json\/wp\/v2\/media\/3148"}],"wp:attachment":[{"href":"https:\/\/emperortech.us\/fr\/wp-json\/wp\/v2\/media?parent=3147"}],"wp:term":[{"taxonomy":"product_brand","embeddable":true,"href":"https:\/\/emperortech.us\/fr\/wp-json\/wp\/v2\/product_brand?post=3147"},{"taxonomy":"product_cat","embeddable":true,"href":"https:\/\/emperortech.us\/fr\/wp-json\/wp\/v2\/product_cat?post=3147"},{"taxonomy":"product_tag","embeddable":true,"href":"https:\/\/emperortech.us\/fr\/wp-json\/wp\/v2\/product_tag?post=3147"}],"curies":[{"name":"wp","href":"https:\/\/api.w.org\/{rel}","templated":true}]}}