{"id":3149,"date":"2014-04-24T05:14:11","date_gmt":"2014-04-24T05:14:11","guid":{"rendered":"http:\/\/www.emperortech.us\/product\/emp1200-card-counter-2\/"},"modified":"2025-01-22T22:37:08","modified_gmt":"2025-01-23T04:37:08","slug":"jc3200-card-counter","status":"publish","type":"product","link":"https:\/\/emperortech.us\/fr\/products\/jc3200-card-counter\/","title":{"rendered":"JC-3200 Compteur de cartes automatique"},"content":{"rendered":"<p><strong>Le compteur de cartes JC-3200C pr\u00e9sente les caract\u00e9ristiques suivantes<br \/>\n<\/strong><\/p>\n<ul>\n<li>Des r\u00e9sultats de comptage rapides et pr\u00e9cis<\/li>\n<li>Chargement facile des cartes dans le magasin de cartes<\/li>\n<li>Performance rentable et durable<\/li>\n<li>Les services OEM et personnalis\u00e9s sont les bienvenus<\/li>\n<li>Garantie d'un an, entretien tout au long de la vie<\/li>\n<\/ul>\n<p><strong>Le compteur de cartes JC-3200C<\/strong> a \u00e9t\u00e9 con\u00e7u en utilisant des technologies d'analyse logique avanc\u00e9es et des composants optiques doubles de haute qualit\u00e9. L'\u00e9lectronique num\u00e9rique de pr\u00e9cision et deux circuits ind\u00e9pendants de comptage et de calcul scannent automatiquement les cartes, puis recoupent et v\u00e9rifient les r\u00e9sultats de chaque circuit. Gr\u00e2ce \u00e0 son calcul photo-\u00e9lectrique, le JC-3200C est con\u00e7u pour compter des cartes aussi fines que 0,22 mm (0,009\"), fabriqu\u00e9es dans presque tous les mat\u00e9riaux opaques. L'unit\u00e9 peut compter des cartes bossel\u00e9es ou non bossel\u00e9es d'une \u00e9paisseur allant jusqu'\u00e0 1 mm.<\/p>\n<p><strong>Le JC-3200C<\/strong> Elle peut \u00eatre connect\u00e9e \u00e0 une alimentation en air comprim\u00e9, ce qui la rend particuli\u00e8rement apte \u00e0 compter les cartes en plastique et en papier de faible \u00e9paisseur. Le grand \u00e9cran LCD convivial, les rapports vocaux et l'accumulation de cartes jusqu'\u00e0 99 999 cartes rendent la JC-3200C plus facile et plus pratique \u00e0 utiliser.<\/p>\n<p><strong>PARAM\u00c8TRES TECHNIQUES<\/strong><\/p>\n<ul>\n<li>Entr\u00e9e AC : 120\uff5e240V, 50\uff5e60HZ, 1A<\/li>\n<li>Consommation \u00e9lectrique : \u226425W<\/li>\n<li>Environnement de travail : Temp\u00e9rature : 32\u00baF - 104\u00baF (0\u00baC - 40\u00baC), Humidit\u00e9 : 30% - 90%<\/li>\n<li>Vitesse de comptage : 500 cartes \/ 4 secondes<\/li>\n<li>Invitation de l'utilisateur : Affichage LED avec rapport vocal<\/li>\n<li>Accumulation maximale : 99 999 cartes<\/li>\n<li>Interface : RS-232C (en option)<\/li>\n<li>Dimension : 26\"(L) x 8.7\"(P) x 11\"(H) (660mm x 220mm x 280mm)<\/li>\n<li>Poids net : 40 LB (18 KG)<\/li>\n<\/ul>\n<p><strong>&nbsp;Les applications les plus courantes sont les suivantes :<\/strong><\/p>\n<ul class=\"no-bullet\">\n<li>Banque<\/li>\n<li>T\u00e9l\u00e9vision \u00e0 p\u00e9age<\/li>\n<li>Soins de sant\u00e9<\/li>\n<li>GSM<\/li>\n<li>Cartes t\u00e9l\u00e9phoniques pr\u00e9pay\u00e9es<\/li>\n<li>Carte d'identit\u00e9 d'entreprise et de gouvernement<\/li>\n<li>Vente au d\u00e9tail\/fid\u00e9lisation<\/li>\n<li>Transit<\/li>\n<li>\u00c9v\u00e9nements sportifs<\/li>\n<li>Num\u00e9ro d'identification de l'\u00e9tudiant<\/li>\n<li>Cartes de membre<\/li>\n<li>Cartes de cr\u00e9dit<\/li>\n<li>H\u00f4tel. cartes-cl\u00e9s<\/li>\n<li>Et plus encore...<\/li>\n<\/ul>","protected":false},"excerpt":{"rendered":"<p>La compteuse de cartes JC3200 compte avec pr\u00e9cision les cartes en plastique ou en papier et offre une excellente pr\u00e9cision de comptage. Sa conception robuste garantit une performance fiable pendant 24 heures par jour. Il vous aidera \u00e0 r\u00e9duire consid\u00e9rablement les p\u00e9riodes de contr\u00f4le et les co\u00fbts de votre production quotidienne de cartes. Le fonctionnement du JC3200 est tr\u00e8s simple et pratique. Une imprimante peut \u00eatre connect\u00e9e \u00e0 l'interface RS 232 du compteur.<\/p>","protected":false},"featured_media":3192,"template":"","meta":{"_EventAllDay":false,"_EventTimezone":"","_EventStartDate":"","_EventEndDate":"","_EventStartDateUTC":"","_EventEndDateUTC":"","_EventShowMap":false,"_EventShowMapLink":false,"_EventURL":"","_EventCost":"","_EventCostDescription":"","_EventCurrencySymbol":"","_EventCurrencyCode":"","_EventCurrencyPosition":"","_EventDateTimeSeparator":"","_EventTimeRangeSeparator":"","_EventOrganizerID":[],"_EventVenueID":[],"_OrganizerEmail":"","_OrganizerPhone":"","_OrganizerWebsite":"","_VenueAddress":"","_VenueCity":"","_VenueCountry":"","_VenueProvince":"","_VenueState":"","_VenueZip":"","_VenuePhone":"","_VenueURL":"","_VenueStateProvince":"","_VenueLat":"","_VenueLng":"","_VenueShowMap":false,"_VenueShowMapLink":false},"product_brand":[],"product_cat":[79,114],"product_tag":[77,76,78,103],"class_list":{"0":"post-3149","1":"product","2":"type-product","3":"status-publish","4":"has-post-thumbnail","6":"product_cat-card-counters","7":"product_cat-retail-banking-equipment","8":"product_tag-card-sorter","9":"product_tag-card-sorting-machine","10":"product_tag-card-sorting-system","11":"product_tag-jc3200c","13":"first","14":"instock","15":"featured","16":"shipping-taxable","17":"product-type-simple"},"jetpack_sharing_enabled":true,"_links":{"self":[{"href":"https:\/\/emperortech.us\/fr\/wp-json\/wp\/v2\/product\/3149","targetHints":{"allow":["GET"]}}],"collection":[{"href":"https:\/\/emperortech.us\/fr\/wp-json\/wp\/v2\/product"}],"about":[{"href":"https:\/\/emperortech.us\/fr\/wp-json\/wp\/v2\/types\/product"}],"wp:featuredmedia":[{"embeddable":true,"href":"https:\/\/emperortech.us\/fr\/wp-json\/wp\/v2\/media\/3192"}],"wp:attachment":[{"href":"https:\/\/emperortech.us\/fr\/wp-json\/wp\/v2\/media?parent=3149"}],"wp:term":[{"taxonomy":"product_brand","embeddable":true,"href":"https:\/\/emperortech.us\/fr\/wp-json\/wp\/v2\/product_brand?post=3149"},{"taxonomy":"product_cat","embeddable":true,"href":"https:\/\/emperortech.us\/fr\/wp-json\/wp\/v2\/product_cat?post=3149"},{"taxonomy":"product_tag","embeddable":true,"href":"https:\/\/emperortech.us\/fr\/wp-json\/wp\/v2\/product_tag?post=3149"}],"curies":[{"name":"wp","href":"https:\/\/api.w.org\/{rel}","templated":true}]}}