{"id":3152,"date":"2014-04-24T05:35:05","date_gmt":"2014-04-24T05:35:05","guid":{"rendered":"http:\/\/www.emperortech.us\/product\/emp1100c-card-counter\/"},"modified":"2025-01-23T02:06:46","modified_gmt":"2025-01-23T08:06:46","slug":"emp1100c-card-counter","status":"publish","type":"product","link":"https:\/\/emperortech.us\/fr\/products\/emp1100c-card-counter\/","title":{"rendered":"EMP1100C Compteur de cartes"},"content":{"rendered":"<p><span class=\"intro\"><strong>Le compteur de cartes portable EMP1100C<\/strong> est la version am\u00e9lior\u00e9e de la compteuse de cartes portable JC1100B. Ce compteur de cartes portable de NOUVELLE G\u00c9N\u00c9RATION offre de toutes nouvelles fonctions telles que la gestion des donn\u00e9es, le menu d'exploitation et le chargement sans fil de la batterie. Il est dot\u00e9 d'un circuit num\u00e9rique avanc\u00e9 \u00e0 faible consommation d'\u00e9nergie et d'une technologie photo\u00e9lectrique. Il peut compter la plupart des cartes d'une \u00e9paisseur sup\u00e9rieure \u00e0 0,4 mm, fabriqu\u00e9es \u00e0 partir de divers mat\u00e9riaux et substrats. Sa conception ergonomique et compacte lui conf\u00e8re puissance et fiabilit\u00e9. L'EMP1100C trouvera sa place dans tous les d\u00e9partements de contr\u00f4le de qualit\u00e9 et d'exp\u00e9dition des environnements de fabrication et de traitement des cartes.<\/span><\/p>\n<p><span class=\"intro\">Peut \u00eatre utilis\u00e9 sur des cartes plastiques gaufr\u00e9es ou plates \u00e0 transfert thermique. <\/span><\/p>\n<div class=\"product-tab-content float-left cleft\">\n<h4>Mod\u00e8le<\/h4>\n<ul class=\"no-bullet\">\n<li>EMP1100C<\/li>\n<\/ul>\n<h4>Les applications les plus courantes sont les suivantes :<\/h4>\n<ul class=\"no-bullet\">\n<li>Banque<\/li>\n<li>T\u00e9l\u00e9vision \u00e0 p\u00e9age<\/li>\n<li>Soins de sant\u00e9<\/li>\n<li>GSM<\/li>\n<li>Cartes t\u00e9l\u00e9phoniques pr\u00e9pay\u00e9es<\/li>\n<li>Carte d'identit\u00e9 d'entreprise et de gouvernement<\/li>\n<li>Vente au d\u00e9tail\/fid\u00e9lisation<\/li>\n<li>Transit<\/li>\n<li>\u00c9v\u00e9nements sportifs<\/li>\n<li>Num\u00e9ro d'identification de l'\u00e9tudiant<\/li>\n<li>Cartes de membre<\/li>\n<li>Cartes de cr\u00e9dit<\/li>\n<li>H\u00f4tel. cartes-cl\u00e9s<\/li>\n<li>Et plus encore...<\/li>\n<\/ul>\n<h4>Caract\u00e9ristiques<\/h4>\n<ul class=\"product-tab-content\" style=\"margin-left: 15px;\">\n<li>Des r\u00e9sultats de comptage rapides et pr\u00e9cis<\/li>\n<li>Performance rentable et durable<\/li>\n<li><span style=\"text-decoration: underline;\">Garantie locale d'un an <\/span>et une maintenance tout au long de la vie avec un d\u00e9lai d'ex\u00e9cution rapide<\/li>\n<li>Comptage de l'accumulation et comptage d'une seule fois.<\/li>\n<li>\u00a0 Logiciel gratuit EMP1100C DATA MANAGER compatible avec MS Windows.<\/li>\n<\/ul>\n<\/div>","protected":false},"excerpt":{"rendered":"<p>Le compteur de cartes portable EMP1100C adopte le circuit num\u00e9rique avanc\u00e9 \u00e0 faible consommation d'\u00e9nergie et la th\u00e9orie de la photo\u00e9lectricit\u00e9. Ce compteur de cartes multifonctionnel de haute pr\u00e9cision, l\u00e9ger, aliment\u00e9 au lithium, a une longue dur\u00e9e de vie des piles et est tr\u00e8s facile \u00e0 utiliser. Avec une pr\u00e9cision de comptage in\u00e9gal\u00e9e, il peut \u00eatre utilis\u00e9 sur une large gamme de cartes d'une \u00e9paisseur sup\u00e9rieure \u00e0 0,4 mm. En outre, les \u00e9crans LCD de grande capacit\u00e9 affichent jusqu'\u00e0 999 999 pi\u00e8ces.<\/p>","protected":false},"featured_media":3151,"template":"","meta":{"_EventAllDay":false,"_EventTimezone":"","_EventStartDate":"","_EventEndDate":"","_EventStartDateUTC":"","_EventEndDateUTC":"","_EventShowMap":false,"_EventShowMapLink":false,"_EventURL":"","_EventCost":"","_EventCostDescription":"","_EventCurrencySymbol":"","_EventCurrencyCode":"","_EventCurrencyPosition":"","_EventDateTimeSeparator":"","_EventTimeRangeSeparator":"","_EventOrganizerID":[],"_EventVenueID":[],"_OrganizerEmail":"","_OrganizerPhone":"","_OrganizerWebsite":"","_VenueAddress":"","_VenueCity":"","_VenueCountry":"","_VenueProvince":"","_VenueState":"","_VenueZip":"","_VenuePhone":"","_VenueURL":"","_VenueStateProvince":"","_VenueLat":"","_VenueLng":"","_VenueShowMap":false,"_VenueShowMapLink":false},"product_brand":[],"product_cat":[79,114,84],"product_tag":[77,76,78,101],"class_list":{"0":"post-3152","1":"product","2":"type-product","3":"status-publish","4":"has-post-thumbnail","6":"product_cat-card-counters","7":"product_cat-retail-banking-equipment","8":"product_cat-smart-card-sim-card-equipment","9":"product_tag-card-sorter","10":"product_tag-card-sorting-machine","11":"product_tag-card-sorting-system","12":"product_tag-emp1100c","14":"first","15":"instock","16":"featured","17":"shipping-taxable","18":"product-type-simple"},"jetpack_sharing_enabled":true,"_links":{"self":[{"href":"https:\/\/emperortech.us\/fr\/wp-json\/wp\/v2\/product\/3152","targetHints":{"allow":["GET"]}}],"collection":[{"href":"https:\/\/emperortech.us\/fr\/wp-json\/wp\/v2\/product"}],"about":[{"href":"https:\/\/emperortech.us\/fr\/wp-json\/wp\/v2\/types\/product"}],"wp:featuredmedia":[{"embeddable":true,"href":"https:\/\/emperortech.us\/fr\/wp-json\/wp\/v2\/media\/3151"}],"wp:attachment":[{"href":"https:\/\/emperortech.us\/fr\/wp-json\/wp\/v2\/media?parent=3152"}],"wp:term":[{"taxonomy":"product_brand","embeddable":true,"href":"https:\/\/emperortech.us\/fr\/wp-json\/wp\/v2\/product_brand?post=3152"},{"taxonomy":"product_cat","embeddable":true,"href":"https:\/\/emperortech.us\/fr\/wp-json\/wp\/v2\/product_cat?post=3152"},{"taxonomy":"product_tag","embeddable":true,"href":"https:\/\/emperortech.us\/fr\/wp-json\/wp\/v2\/product_tag?post=3152"}],"curies":[{"name":"wp","href":"https:\/\/api.w.org\/{rel}","templated":true}]}}