{"id":3157,"date":"2014-04-25T02:27:32","date_gmt":"2014-04-25T02:27:32","guid":{"rendered":"http:\/\/www.emperortech.us\/product\/jc8000-epassport-personalization-system\/"},"modified":"2016-08-03T23:53:53","modified_gmt":"2016-08-03T23:53:53","slug":"jc8000-automatic-epassport-issuance","status":"publish","type":"product","link":"https:\/\/emperortech.us\/fr\/products\/jc8000-automatic-epassport-issuance\/","title":{"rendered":"JC-8000 D\u00e9livrance automatique de passeports \u00e9lectroniques"},"content":{"rendered":"<p><strong>Syst\u00e8me de personnalisation des passeports \u00e9lectroniques JC8000<\/strong> est con\u00e7u par EMPEROR de mani\u00e8re ind\u00e9pendante et est enti\u00e8rement conforme aux normes de l'OACI. Il int\u00e8gre des technologies de pointe qui garantissent un faible co\u00fbt de possession ainsi qu'une fiabilit\u00e9 et des performances \u00e9lev\u00e9es. En outre, il est facile \u00e0 entretenir et les pi\u00e8ces d\u00e9tach\u00e9es sont facilement disponibles.<\/p>\n<p><strong>Technologie avanc\u00e9e et conformit\u00e9 totale avec les normes de l'OACI<\/strong><\/p>\n<ul>\n<li>120 Passeports\/heure<\/li>\n<li>4 bacs de r\u00e9ception de 50 passeports<\/li>\n<li>Lecture\/impression OCR et inspection<\/li>\n<li>Impression jet d'encre 8 couleurs 1 440\u00d7720 DPI<\/li>\n<li>Gravure au laser<\/li>\n<li>Lecture et encodage de puces RF<\/li>\n<li>Lamination<\/li>\n<li>S\u00e9curit\u00e9 des donn\u00e9es \u00e0 plusieurs niveaux<\/li>\n<li>Logiciel et interface ECPM bas\u00e9s sur MS Windows<\/li>\n<\/ul>\n<p><strong>Fonctions<\/strong><\/p>\n<ul>\n<li>Entr\u00e9e du passeport<\/li>\n<li>D\u00e9pliant<\/li>\n<li>Front OCR<\/li>\n<li>Impression jet d'encre couleur \/ Gravure Loser<\/li>\n<li>Deuxi\u00e8me inspection du ROC<\/li>\n<li>Inspection et personnalisation des puces<\/li>\n<li>Refus du livret Bod<\/li>\n<li>Fermeture et sortie du livret<\/li>\n<li>Fonction extensible permettant de trier les livrets dans diff\u00e9rents chargeurs<\/li>\n<\/ul>\n<ul>\n<li><strong>Param\u00e8tres techniques<\/strong><\/li>\n<li>Capacit\u00e9 du d\u00e9chargeur : =50 Livret<\/li>\n<li>D\u00e9chargeurs trieurs : 4<\/li>\n<li>Capacit\u00e9 du d\u00e9chargeur de tri : =50<\/li>\n<li>Vitesse de production = 120 livrets\/h<\/li>\n<li>R\u00e9solution d'impression : l440DPl<\/li>\n<li>Couleur d'impression : 8<\/li>\n<li>MCBF : =l00000 fois<\/li>\n<li>Temp\u00e9rature de fonctionnement : 5 -35'C<\/li>\n<li>Humidit\u00e9 de fonctionnement : 20 - 95 % RH (humidit\u00e9 relative, sans condensation)<\/li>\n<li>Alimentation \u00e9lectrique : 220V<\/li>\n<li>Puissance : &lt;1200w<\/li>\n<li>Dimension : 3200{L) x 933{L) x 1230{H} mm<\/li>\n<li>Poids : 500K<\/li>\n<\/ul>","protected":false},"excerpt":{"rendered":"<p>L'imprimante multifonction EMP-S6800 poss\u00e8de plusieurs caract\u00e9ristiques que vous appr\u00e9cierez, notamment une vitesse \u00e9lev\u00e9e, une grande stabilit\u00e9 et une haute qualit\u00e9 d'impression.<\/p>","protected":false},"featured_media":3197,"template":"","meta":{"_EventAllDay":false,"_EventTimezone":"","_EventStartDate":"","_EventEndDate":"","_EventStartDateUTC":"","_EventEndDateUTC":"","_EventShowMap":false,"_EventShowMapLink":false,"_EventURL":"","_EventCost":"","_EventCostDescription":"","_EventCurrencySymbol":"","_EventCurrencyCode":"","_EventCurrencyPosition":"","_EventDateTimeSeparator":"","_EventTimeRangeSeparator":"","_EventOrganizerID":[],"_EventVenueID":[],"_OrganizerEmail":"","_OrganizerPhone":"","_OrganizerWebsite":"","_VenueAddress":"","_VenueCity":"","_VenueCountry":"","_VenueProvince":"","_VenueState":"","_VenueZip":"","_VenuePhone":"","_VenueURL":"","_VenueStateProvince":"","_VenueLat":"","_VenueLng":"","_VenueShowMap":false,"_VenueShowMapLink":false},"product_brand":[],"product_cat":[49],"product_tag":[],"class_list":{"0":"post-3157","1":"product","2":"type-product","3":"status-publish","4":"has-post-thumbnail","6":"product_cat-secure-id-equipment","8":"first","9":"instock","10":"featured","11":"shipping-taxable","12":"product-type-simple"},"jetpack_sharing_enabled":true,"_links":{"self":[{"href":"https:\/\/emperortech.us\/fr\/wp-json\/wp\/v2\/product\/3157","targetHints":{"allow":["GET"]}}],"collection":[{"href":"https:\/\/emperortech.us\/fr\/wp-json\/wp\/v2\/product"}],"about":[{"href":"https:\/\/emperortech.us\/fr\/wp-json\/wp\/v2\/types\/product"}],"wp:featuredmedia":[{"embeddable":true,"href":"https:\/\/emperortech.us\/fr\/wp-json\/wp\/v2\/media\/3197"}],"wp:attachment":[{"href":"https:\/\/emperortech.us\/fr\/wp-json\/wp\/v2\/media?parent=3157"}],"wp:term":[{"taxonomy":"product_brand","embeddable":true,"href":"https:\/\/emperortech.us\/fr\/wp-json\/wp\/v2\/product_brand?post=3157"},{"taxonomy":"product_cat","embeddable":true,"href":"https:\/\/emperortech.us\/fr\/wp-json\/wp\/v2\/product_cat?post=3157"},{"taxonomy":"product_tag","embeddable":true,"href":"https:\/\/emperortech.us\/fr\/wp-json\/wp\/v2\/product_tag?post=3157"}],"curies":[{"name":"wp","href":"https:\/\/api.w.org\/{rel}","templated":true}]}}