{"id":3248,"date":"2014-05-13T12:07:12","date_gmt":"2014-05-13T12:07:12","guid":{"rendered":"http:\/\/emperortech.us\/product\/emp6600-centralized-banking-card-issuance\/"},"modified":"2025-01-23T13:56:48","modified_gmt":"2025-01-23T19:56:48","slug":"emp6600-centralized-banking-card-issuance","status":"publish","type":"product","link":"https:\/\/emperortech.us\/fr\/products\/emp6600-centralized-banking-card-issuance\/","title":{"rendered":"EMP-6600 \u00c9mission de cartes bancaires centralis\u00e9es"},"content":{"rendered":"<p><strong>Le choix id\u00e9al pour l'\u00e9mission de cartes bancaires en grande quantit\u00e9<\/strong><\/p>\n<ul>\n<li>Personnalisation plus rapide des cartes Encombrement r\u00e9duit de la machine<\/li>\n<li>Conception m\u00e9canique compacte de la gaufreuse<\/li>\n<li>Fonction compl\u00e8te<\/li>\n<li>Conception modulaire avec possibilit\u00e9 de combinaisons flexibles pour r\u00e9pondre aux diff\u00e9rentes exigences en mati\u00e8re d'\u00e9mission.<\/li>\n<\/ul>\n<p><strong>Caract\u00e9ristiques<\/strong><\/p>\n<ul>\n<li>Encodage de la bande magn\u00e9tique : 3 pistes ISO 7811, HiCo, LoCo.<\/li>\n<li>Personnalisation de la puce : jusqu'\u00e0 64 t\u00eates de lecture, avec ou sans contact, double interface. Embossage : jusqu'\u00e0 3 embosseurs<\/li>\n<li>Prise en charge de nombreuses polices de caract\u00e8res<\/li>\n<li>Basculement : remplacement facile du ruban, disponible pour deux rubans diff\u00e9rents sur un m\u00eame module<\/li>\n<li>Fonction de tri des cartes<\/li>\n<\/ul>\n<p><strong>Principales sp\u00e9cifications<\/strong><\/p>\n<ul>\n<li>Vitesse : jusqu'\u00e0 1500 cph<\/li>\n<li>Compatibilit\u00e9 avec les mat\u00e9riaux des cartes : PC, PVC, ABS, PET, PETG et autres mat\u00e9riaux composites<\/li>\n<li>Compatibilit\u00e9 de taille de carte : ISO\/IEC 7810 ID-1 ; 30 mil (+\/-10%), Alimentation : 220V 50\/60HZ<\/li>\n<li>Consommation \u00e9lectrique : 3000 W<\/li>\n<li>Environnement de travail : Temp\u00e9rature : 5~40 ; Humidit\u00e9 relative : 30%~85% Dimension : 3900 830 1600 mm (configuration standard)<\/li>\n<li>Poids net : 900 kg (configuration standard)<\/li>\n<li>Syst\u00e8me d'exploitation : Windows 7<\/li>\n<\/ul>","protected":false},"excerpt":{"rendered":"<p>L'imprimante de bureau EMP6600 UV-Jet est un choix id\u00e9al pour l'\u00e9mission de cartes bancaires en grande quantit\u00e9.<\/p>","protected":false},"featured_media":3183,"template":"","meta":{"_EventAllDay":false,"_EventTimezone":"","_EventStartDate":"","_EventEndDate":"","_EventStartDateUTC":"","_EventEndDateUTC":"","_EventShowMap":false,"_EventShowMapLink":false,"_EventURL":"","_EventCost":"","_EventCostDescription":"","_EventCurrencySymbol":"","_EventCurrencyCode":"","_EventCurrencyPosition":"","_EventDateTimeSeparator":"","_EventTimeRangeSeparator":"","_EventOrganizerID":[],"_EventVenueID":[],"_OrganizerEmail":"","_OrganizerPhone":"","_OrganizerWebsite":"","_VenueAddress":"","_VenueCity":"","_VenueCountry":"","_VenueProvince":"","_VenueState":"","_VenueZip":"","_VenuePhone":"","_VenueURL":"","_VenueStateProvince":"","_VenueLat":"","_VenueLng":"","_VenueShowMap":false,"_VenueShowMapLink":false},"product_brand":[],"product_cat":[83,115],"product_tag":[],"class_list":{"0":"post-3248","1":"product","2":"type-product","3":"status-publish","4":"has-post-thumbnail","6":"product_cat-banking-card-equipment","7":"product_cat-centralized-banking-card-production-equipemt","9":"first","10":"instock","11":"featured","12":"shipping-taxable","13":"product-type-simple"},"jetpack_sharing_enabled":true,"_links":{"self":[{"href":"https:\/\/emperortech.us\/fr\/wp-json\/wp\/v2\/product\/3248","targetHints":{"allow":["GET"]}}],"collection":[{"href":"https:\/\/emperortech.us\/fr\/wp-json\/wp\/v2\/product"}],"about":[{"href":"https:\/\/emperortech.us\/fr\/wp-json\/wp\/v2\/types\/product"}],"wp:featuredmedia":[{"embeddable":true,"href":"https:\/\/emperortech.us\/fr\/wp-json\/wp\/v2\/media\/3183"}],"wp:attachment":[{"href":"https:\/\/emperortech.us\/fr\/wp-json\/wp\/v2\/media?parent=3248"}],"wp:term":[{"taxonomy":"product_brand","embeddable":true,"href":"https:\/\/emperortech.us\/fr\/wp-json\/wp\/v2\/product_brand?post=3248"},{"taxonomy":"product_cat","embeddable":true,"href":"https:\/\/emperortech.us\/fr\/wp-json\/wp\/v2\/product_cat?post=3248"},{"taxonomy":"product_tag","embeddable":true,"href":"https:\/\/emperortech.us\/fr\/wp-json\/wp\/v2\/product_tag?post=3248"}],"curies":[{"name":"wp","href":"https:\/\/api.w.org\/{rel}","templated":true}]}}