{"id":3250,"date":"2014-05-13T12:32:05","date_gmt":"2014-05-13T12:32:05","guid":{"rendered":"http:\/\/emperortech.us\/product\/emp-s6800-gsm-card-personalizationm-uv-inkjet-copy\/"},"modified":"2016-08-03T23:53:09","modified_gmt":"2016-08-03T23:53:09","slug":"emp-s6000-gsm-card-personalizationm-uv-inkjet-copy","status":"publish","type":"product","link":"https:\/\/emperortech.us\/fr\/products\/emp-s6000-gsm-card-personalizationm-uv-inkjet-copy\/","title":{"rendered":"EMP-S6000 Personnalisation de la carte GSM"},"content":{"rendered":"<p>Face au d\u00e9fi global de la pression des co\u00fbts et de la complexit\u00e9 de la production multi-Sim, le syst\u00e8me de personnalisation de cartes EMP-S6000 est con\u00e7u pour r\u00e9duire les co\u00fbts d'exploitation et fournir la flexibilit\u00e9 la plus optimale pour la production de cartes SIM simples, 2 en 1, 4 en 1 et 10 en 1.<\/p>\n<p><strong>Points forts du syst\u00e8me<\/strong><br \/>\nVitesse : jusqu'\u00e0 7 000 cph Encodage des puces 24 t\u00eates<br \/>\n1 ou 2 lasers (sur mesure) 1 laser permet d'imprimer les deux faces de la carte GSM<br \/>\nPossibilit\u00e9 de changer de mode de personnalisation (simple, double ou quadruple)<br \/>\nConception d'un \u00e9quipement optimis\u00e9 au maximum<br \/>\nNon-ESD sans rayures<br \/>\nGestionnaire du syst\u00e8me de donn\u00e9es multifonctions<\/p>\n<p><strong>Configuration<br \/>\n<\/strong><\/p>\n<ul>\n<li>\u00a0Pile d'entr\u00e9e - 2<\/li>\n<li>Station de personnalisation des contacts 24<\/li>\n<li>Station Perso sans contact 12<\/li>\n<li>Flipper 3<\/li>\n<li>Laser (marquage) 1 ou 2<\/li>\n<li>OCR(Option) 1<\/li>\n<li>Station de paiement par carte magn\u00e9tique (option) 2<\/li>\n<li>Rejet\u00e9 Bo\u00eete 1<\/li>\n<li>Pile de sortie 2<\/li>\n<li>Production d'une seule carte<\/li>\n<li>Production de cartes 2en1<\/li>\n<\/ul>\n<p><strong>Sp\u00e9cifications<\/strong><\/p>\n<ul>\n<li>Vitesse : jusqu'\u00e0 7000 CPH<\/li>\n<li>Syst\u00e8me d'exploitation : Windows XP<\/li>\n<li>Types de cartes : ISO\/IEC 7810 ID-1, simple, 2 en 1, 4 en 1, 10 en 1<\/li>\n<li>Mat\u00e9riau des cartes : Capable de traiter tous les types de cartes. ABS,<\/li>\n<li>PVC, PC, PET, etc.<\/li>\n<li>Approbation : Certification : CE<\/li>\n<li>Dimenstion: 2300(L)x950(W)x1600(H)mm<\/li>\n<li>Poids : 800 kg<\/li>\n<li>Temp\u00e9rature de l'environnement : 5~40<\/li>\n<li>Humidit\u00e9 relative : 30%~85%<\/li>\n<li>Alimentation \u00e9lectrique : AC220V~240V, 50 \/ 60Hz<\/li>\n<li>Communication : Ethernet (commutateur Ethernet \u00e9quip\u00e9)<\/li>\n<\/ul>","protected":false},"excerpt":{"rendered":"<p>Le syst\u00e8me de personnalisation de cartes EMP-S6000 est con\u00e7u pour r\u00e9duire les co\u00fbts d'exploitation et offre une flexibilit\u00e9 optimale pour la production de cartes Sim simples, 2 en 1, 4 en 1 et 10 en 1.<\/p>","protected":false},"featured_media":3189,"template":"","meta":{"_EventAllDay":false,"_EventTimezone":"","_EventStartDate":"","_EventEndDate":"","_EventStartDateUTC":"","_EventEndDateUTC":"","_EventShowMap":false,"_EventShowMapLink":false,"_EventURL":"","_EventCost":"","_EventCostDescription":"","_EventCurrencySymbol":"","_EventCurrencyCode":"","_EventCurrencyPosition":"","_EventDateTimeSeparator":"","_EventTimeRangeSeparator":"","_EventOrganizerID":[],"_EventVenueID":[],"_OrganizerEmail":"","_OrganizerPhone":"","_OrganizerWebsite":"","_VenueAddress":"","_VenueCity":"","_VenueCountry":"","_VenueProvince":"","_VenueState":"","_VenueZip":"","_VenuePhone":"","_VenueURL":"","_VenueStateProvince":"","_VenueLat":"","_VenueLng":"","_VenueShowMap":false,"_VenueShowMapLink":false},"product_brand":[],"product_cat":[84],"product_tag":[],"class_list":{"0":"post-3250","1":"product","2":"type-product","3":"status-publish","4":"has-post-thumbnail","6":"product_cat-smart-card-sim-card-equipment","8":"first","9":"instock","10":"featured","11":"shipping-taxable","12":"product-type-simple"},"jetpack_sharing_enabled":true,"_links":{"self":[{"href":"https:\/\/emperortech.us\/fr\/wp-json\/wp\/v2\/product\/3250","targetHints":{"allow":["GET"]}}],"collection":[{"href":"https:\/\/emperortech.us\/fr\/wp-json\/wp\/v2\/product"}],"about":[{"href":"https:\/\/emperortech.us\/fr\/wp-json\/wp\/v2\/types\/product"}],"wp:featuredmedia":[{"embeddable":true,"href":"https:\/\/emperortech.us\/fr\/wp-json\/wp\/v2\/media\/3189"}],"wp:attachment":[{"href":"https:\/\/emperortech.us\/fr\/wp-json\/wp\/v2\/media?parent=3250"}],"wp:term":[{"taxonomy":"product_brand","embeddable":true,"href":"https:\/\/emperortech.us\/fr\/wp-json\/wp\/v2\/product_brand?post=3250"},{"taxonomy":"product_cat","embeddable":true,"href":"https:\/\/emperortech.us\/fr\/wp-json\/wp\/v2\/product_cat?post=3250"},{"taxonomy":"product_tag","embeddable":true,"href":"https:\/\/emperortech.us\/fr\/wp-json\/wp\/v2\/product_tag?post=3250"}],"curies":[{"name":"wp","href":"https:\/\/api.w.org\/{rel}","templated":true}]}}