{"id":3251,"date":"2014-05-13T12:51:34","date_gmt":"2014-05-13T12:51:34","guid":{"rendered":"http:\/\/emperortech.us\/product\/emp-emp82000-gsm-card-issuance\/"},"modified":"2016-08-03T23:52:56","modified_gmt":"2016-08-03T23:52:56","slug":"jc-8200-personalization-ic-card-issuance-equipment","status":"publish","type":"product","link":"https:\/\/emperortech.us\/fr\/products\/jc-8200-personalization-ic-card-issuance-equipment\/","title":{"rendered":"JC-8200 Equipement d'\u00e9mission de cartes \u00e0 puce \u00e0 personnalisation"},"content":{"rendered":"<p>Le syst\u00e8me d'\u00e9mission de cartes \u00e0 puce JC-8200 a \u00e9t\u00e9 d\u00e9velopp\u00e9 ind\u00e9pendamment par Emperor et adopte une technologie de contr\u00f4le de programme multi-circuit informatique. Il peut \u00eatre dot\u00e9 de fonctions de lecture et d'\u00e9criture de cartes, de gravure au laser, de programme de comptage, d'inspection et de rejet des cartes rejet\u00e9es.<\/p>\n<p><strong>Caract\u00e9ristiques :<\/strong><\/p>\n<ul>\n<li>Lecteur et \u00e9crivain en option ;<\/li>\n<li>Les cartes rejet\u00e9es le sont automatiquement ;<\/li>\n<li>L'\u00e9paisseur des cartes \u00e9mises peut \u00eatre ajust\u00e9e ;<\/li>\n<li>Modularisation de la conception des bases de donn\u00e9es ;<\/li>\n<li>Calculer la commande d'un programme multi-circuits ;<\/li>\n<li>Enregistrements quotidiens du processus d'exploitation ;<\/li>\n<li>La collection de cartes et la bo\u00eete d'\u00e9mission basculent automatiquement ;<\/li>\n<li>Fonction de correction des erreurs intellectuelles ;<\/li>\n<li>Convient \u00e0 tous les types d'\u00e9mission de cartes \u00e0 puce personnalis\u00e9es ;<\/li>\n<li>Dix cartes IC ind\u00e9pendantes, stations de travail lisant et \u00e9crivant en m\u00eame temps ;<\/li>\n<li>Le diagramme des tendances indique la situation de fonctionnement de chaque pi\u00e8ce ;<\/li>\n<li>Syst\u00e8me de gravure laser \u00e0 fibre optique avanc\u00e9, sans consommation de pi\u00e8ces.<\/li>\n<\/ul>\n<p><strong>Sp\u00e9cifications<\/strong><\/p>\n<ul>\n<li>Environnement de travail : temp\u00e9rature 0\uff5e40\u2103 humidit\u00e930%\uff5e80% ;<\/li>\n<li>Vitesse maximale : \u22652500 pcs\/h ;<\/li>\n<li>Quantit\u00e9 de cartes : 600 pi\u00e8ces par fois ;<\/li>\n<li>\u00c9paisseur de la carte : 0,5 mm \u00e0 1,2 mm (r\u00e9glable) ;<\/li>\n<li>MTTR\uff1a\u226430 minutes ;<\/li>\n<li>Puissance : 2KW<\/li>\n<li>Fr\u00e9quence : 50\/60Hz 20A ;<\/li>\n<li>Source d'alimentation : 220V ;<\/li>\n<li>Dimension:2375\uff08L\uff09\u00d7750\uff08W\uff09\u00d71300\uff08H\uff09mm;<\/li>\n<li>Poids : 450 kg.<\/li>\n<\/ul>","protected":false},"excerpt":{"rendered":"<p>Le syst\u00e8me d'\u00e9mission de cartes personnalis\u00e9es JC-8200 permet la lecture et l'\u00e9criture de cartes, la gravure au laser, le programme de comptage, l'inspection, les fonctions de rejet des \"cartes rejet\u00e9es\" et bien d'autres choses encore.<\/p>","protected":false},"featured_media":3332,"template":"","meta":{"_EventAllDay":false,"_EventTimezone":"","_EventStartDate":"","_EventEndDate":"","_EventStartDateUTC":"","_EventEndDateUTC":"","_EventShowMap":false,"_EventShowMapLink":false,"_EventURL":"","_EventCost":"","_EventCostDescription":"","_EventCurrencySymbol":"","_EventCurrencyCode":"","_EventCurrencyPosition":"","_EventDateTimeSeparator":"","_EventTimeRangeSeparator":"","_EventOrganizerID":[],"_EventVenueID":[],"_OrganizerEmail":"","_OrganizerPhone":"","_OrganizerWebsite":"","_VenueAddress":"","_VenueCity":"","_VenueCountry":"","_VenueProvince":"","_VenueState":"","_VenueZip":"","_VenuePhone":"","_VenueURL":"","_VenueStateProvince":"","_VenueLat":"","_VenueLng":"","_VenueShowMap":false,"_VenueShowMapLink":false},"product_brand":[],"product_cat":[84],"product_tag":[],"class_list":{"0":"post-3251","1":"product","2":"type-product","3":"status-publish","4":"has-post-thumbnail","6":"product_cat-smart-card-sim-card-equipment","8":"first","9":"instock","10":"featured","11":"shipping-taxable","12":"product-type-simple"},"jetpack_sharing_enabled":true,"_links":{"self":[{"href":"https:\/\/emperortech.us\/fr\/wp-json\/wp\/v2\/product\/3251","targetHints":{"allow":["GET"]}}],"collection":[{"href":"https:\/\/emperortech.us\/fr\/wp-json\/wp\/v2\/product"}],"about":[{"href":"https:\/\/emperortech.us\/fr\/wp-json\/wp\/v2\/types\/product"}],"wp:featuredmedia":[{"embeddable":true,"href":"https:\/\/emperortech.us\/fr\/wp-json\/wp\/v2\/media\/3332"}],"wp:attachment":[{"href":"https:\/\/emperortech.us\/fr\/wp-json\/wp\/v2\/media?parent=3251"}],"wp:term":[{"taxonomy":"product_brand","embeddable":true,"href":"https:\/\/emperortech.us\/fr\/wp-json\/wp\/v2\/product_brand?post=3251"},{"taxonomy":"product_cat","embeddable":true,"href":"https:\/\/emperortech.us\/fr\/wp-json\/wp\/v2\/product_cat?post=3251"},{"taxonomy":"product_tag","embeddable":true,"href":"https:\/\/emperortech.us\/fr\/wp-json\/wp\/v2\/product_tag?post=3251"}],"curies":[{"name":"wp","href":"https:\/\/api.w.org\/{rel}","templated":true}]}}