{"id":4242,"date":"2015-08-18T06:52:40","date_gmt":"2015-08-18T06:52:40","guid":{"rendered":"http:\/\/emperortech.us\/?post_type=product&#038;p=4242"},"modified":"2025-01-23T22:54:17","modified_gmt":"2025-01-24T04:54:17","slug":"emp-1120-handheld-passport-card-counter","status":"publish","type":"product","link":"https:\/\/emperortech.us\/fr\/products\/emp-1120-handheld-passport-card-counter\/","title":{"rendered":"EMP-1120 Compteur de passeports portable"},"content":{"rendered":"<p><strong>L'outil de comptage intelligent EMP-1120 permet d'atteindre un haut niveau d'efficacit\u00e9<\/strong><\/p>\n<p>Le compteur de passeports portable EMP-1120 est un nouveau dispositif de comptage d\u00e9velopp\u00e9 par Emperor Technology pour compter les passeports aux normes de l'OACI, quel que soit leur format, et il est \u00e9galement compatible avec les documents similaires sous forme de livret.<\/p>\n<p><strong>Secteurs d'application<\/strong><\/p>\n<ul>\n<li>Fabricant de documents s\u00e9curis\u00e9s<\/li>\n<li>Gouvernement<\/li>\n<li>Centre de personnalisation des passeports<\/li>\n<\/ul>\n<p><strong>Caract\u00e9ristiques<\/strong><\/p>\n<ul>\n<li>Deux modes de comptage : comptage simple et accumulation<\/li>\n<li>Touches conviviales pour les gauchers et les droitiers<\/li>\n<li>Chargement sans fil disponible<\/li>\n<li>Mise hors tension automatique si aucune op\u00e9ration n'est effectu\u00e9e dans les 30 secondes<\/li>\n<li>T\u00e9l\u00e9chargement des enregistrements de comptage sur PC avec le logiciel de gestion de donn\u00e9es Emperor<\/li>\n<\/ul>\n<p><strong>Sp\u00e9cifications<\/strong><\/p>\n<ul>\n<li>Alimentation : Batterie Li-ion 3.7V \/ 1200mAh<\/li>\n<li>Epaisseur du livret : 1mm~8mm<\/li>\n<li>Capacit\u00e9 de comptage d'un seul balayage : 1~200 livrets<\/li>\n<li>Accumulation maximale : 99 999<\/li>\n<\/ul>","protected":false},"excerpt":{"rendered":"<p>Le compteur de passeports portable EMP-1120 est un nouveau dispositif de comptage d\u00e9velopp\u00e9 par Emperor Technology pour compter les passeports aux normes de l'OACI, quel que soit leur format, et il est \u00e9galement compatible avec les documents similaires sous forme de livret.<\/p>","protected":false},"featured_media":4256,"template":"","meta":{"_EventAllDay":false,"_EventTimezone":"","_EventStartDate":"","_EventEndDate":"","_EventStartDateUTC":"","_EventEndDateUTC":"","_EventShowMap":false,"_EventShowMapLink":false,"_EventURL":"","_EventCost":"","_EventCostDescription":"","_EventCurrencySymbol":"","_EventCurrencyCode":"","_EventCurrencyPosition":"","_EventDateTimeSeparator":"","_EventTimeRangeSeparator":"","_EventOrganizerID":[],"_EventVenueID":[],"_OrganizerEmail":"","_OrganizerPhone":"","_OrganizerWebsite":"","_VenueAddress":"","_VenueCity":"","_VenueCountry":"","_VenueProvince":"","_VenueState":"","_VenueZip":"","_VenuePhone":"","_VenueURL":"","_VenueStateProvince":"","_VenueLat":"","_VenueLng":"","_VenueShowMap":false,"_VenueShowMapLink":false},"product_brand":[],"product_cat":[79,114],"product_tag":[],"class_list":{"0":"post-4242","1":"product","2":"type-product","3":"status-publish","4":"has-post-thumbnail","6":"product_cat-card-counters","7":"product_cat-retail-banking-equipment","9":"first","10":"instock","11":"shipping-taxable","12":"product-type-simple"},"jetpack_sharing_enabled":true,"_links":{"self":[{"href":"https:\/\/emperortech.us\/fr\/wp-json\/wp\/v2\/product\/4242","targetHints":{"allow":["GET"]}}],"collection":[{"href":"https:\/\/emperortech.us\/fr\/wp-json\/wp\/v2\/product"}],"about":[{"href":"https:\/\/emperortech.us\/fr\/wp-json\/wp\/v2\/types\/product"}],"wp:featuredmedia":[{"embeddable":true,"href":"https:\/\/emperortech.us\/fr\/wp-json\/wp\/v2\/media\/4256"}],"wp:attachment":[{"href":"https:\/\/emperortech.us\/fr\/wp-json\/wp\/v2\/media?parent=4242"}],"wp:term":[{"taxonomy":"product_brand","embeddable":true,"href":"https:\/\/emperortech.us\/fr\/wp-json\/wp\/v2\/product_brand?post=4242"},{"taxonomy":"product_cat","embeddable":true,"href":"https:\/\/emperortech.us\/fr\/wp-json\/wp\/v2\/product_cat?post=4242"},{"taxonomy":"product_tag","embeddable":true,"href":"https:\/\/emperortech.us\/fr\/wp-json\/wp\/v2\/product_tag?post=4242"}],"curies":[{"name":"wp","href":"https:\/\/api.w.org\/{rel}","templated":true}]}}