{"id":432,"date":"2013-08-10T10:26:25","date_gmt":"2013-08-10T10:26:25","guid":{"rendered":"http:\/\/localhost:8888\/test\/?post_type=product&#038;p=432"},"modified":"2025-01-23T07:41:59","modified_gmt":"2025-01-23T13:41:59","slug":"emp8050f-card-sorting-system","status":"publish","type":"product","link":"https:\/\/emperortech.us\/fr\/products\/emp8050f-card-sorting-system\/","title":{"rendered":"EMP-8050F Syst\u00e8me de tri de cartes \u00e0 puce"},"content":{"rendered":"<p><strong>Le EMP8050F<\/strong> Card Sorter a une conception modulaire pour le tri de cartes \u00e0 haut volume, rapide et s\u00e9curis\u00e9. Les param\u00e8tres de tri pilot\u00e9s par des modules sp\u00e9cifiques comprennent les cartes \u00e0 puce avec et sans contact, les cartes \u00e0 bande magn\u00e9tique, les illustrations visuelles, les codes \u00e0 barres.<\/p>\n<p>La plateforme logicielle de tri EMP int\u00e9gr\u00e9e, bas\u00e9e sur MS Windows 7, rend la gestion de la livraison des cartes facile \u00e0 utiliser, fiable et s\u00e9curis\u00e9e, et peut \u00eatre facilement adapt\u00e9e aux processus sp\u00e9cifiques des clients.<\/p>\n<p><strong>Principales sp\u00e9cifications techniques<\/strong><\/p>\n<ul>\n<li>Vitesse nominale : 3000CPH (cartes par heure)<\/li>\n<li>Compatibilit\u00e9 avec la taille des cartes : ISO\/IEC 7810 ID-1 ; 30 mil (+\/- 10%), y compris les cartes bancaires gaufr\u00e9es standard<\/li>\n<li>Compatibilit\u00e9 avec les mat\u00e9riaux des cartes : PC, PVC, ABS, PET, PETG et autres mat\u00e9riaux composites<\/li>\n<li>Compatibilit\u00e9 des puces : ISO\/IEC 7816 (contact) et ISO\/IEC 14443-1, -2, -3, -4 (sans contact)<\/li>\n<li>Compatibilit\u00e9 avec les bandes magn\u00e9tiques : ISO 7811-2 (LOCO) et ISO 7811-6 (HICO)<\/li>\n<li>Environnement de travail :<\/li>\n<li>Temp\u00e9rature : 5~40 degr\u00e9s Celsius<\/li>\n<li>Humidit\u00e9 relative : 30%~85%<\/li>\n<li>Alimentation \u00e9lectrique : AC 220V~240V, 50\/60Hz<\/li>\n<li>Dimension : 2837(L) x 480(L) x 525(H) mm (6 magasins de sortie)<\/li>\n<li>Poids : 300 KG (avec 6 magasins de sortie)<\/li>\n<\/ul>","protected":false},"excerpt":{"rendered":"<p>La trieuse de cartes EMP8050F est con\u00e7ue pour le tri rapide de gros volumes de cartes. Elle peut traiter en moyenne 3 000 cartes par heure. En outre, elle peut \u00eatre utilis\u00e9e sur une grande vari\u00e9t\u00e9 de mat\u00e9riaux, notamment le PC, le PVC, l'ABS, le PET, le PETG et d'autres mat\u00e9riaux composites.<\/p>","protected":false},"featured_media":3060,"template":"","meta":{"_EventAllDay":false,"_EventTimezone":"","_EventStartDate":"","_EventEndDate":"","_EventStartDateUTC":"","_EventEndDateUTC":"","_EventShowMap":false,"_EventShowMapLink":false,"_EventURL":"","_EventCost":"","_EventCostDescription":"","_EventCurrencySymbol":"","_EventCurrencyCode":"","_EventCurrencyPosition":"","_EventDateTimeSeparator":"","_EventTimeRangeSeparator":"","_EventOrganizerID":[],"_EventVenueID":[],"_OrganizerEmail":"","_OrganizerPhone":"","_OrganizerWebsite":"","_VenueAddress":"","_VenueCity":"","_VenueCountry":"","_VenueProvince":"","_VenueState":"","_VenueZip":"","_VenuePhone":"","_VenueURL":"","_VenueStateProvince":"","_VenueLat":"","_VenueLng":"","_VenueShowMap":false,"_VenueShowMapLink":false},"product_brand":[],"product_cat":[83,115,84],"product_tag":[77,76,78,75],"class_list":{"0":"post-432","1":"product","2":"type-product","3":"status-publish","4":"has-post-thumbnail","6":"product_cat-banking-card-equipment","7":"product_cat-centralized-banking-card-production-equipemt","8":"product_cat-smart-card-sim-card-equipment","9":"product_tag-card-sorter","10":"product_tag-card-sorting-machine","11":"product_tag-card-sorting-system","12":"product_tag-emp8050f","14":"first","15":"instock","16":"featured","17":"shipping-taxable","18":"product-type-simple"},"jetpack_sharing_enabled":true,"_links":{"self":[{"href":"https:\/\/emperortech.us\/fr\/wp-json\/wp\/v2\/product\/432","targetHints":{"allow":["GET"]}}],"collection":[{"href":"https:\/\/emperortech.us\/fr\/wp-json\/wp\/v2\/product"}],"about":[{"href":"https:\/\/emperortech.us\/fr\/wp-json\/wp\/v2\/types\/product"}],"wp:featuredmedia":[{"embeddable":true,"href":"https:\/\/emperortech.us\/fr\/wp-json\/wp\/v2\/media\/3060"}],"wp:attachment":[{"href":"https:\/\/emperortech.us\/fr\/wp-json\/wp\/v2\/media?parent=432"}],"wp:term":[{"taxonomy":"product_brand","embeddable":true,"href":"https:\/\/emperortech.us\/fr\/wp-json\/wp\/v2\/product_brand?post=432"},{"taxonomy":"product_cat","embeddable":true,"href":"https:\/\/emperortech.us\/fr\/wp-json\/wp\/v2\/product_cat?post=432"},{"taxonomy":"product_tag","embeddable":true,"href":"https:\/\/emperortech.us\/fr\/wp-json\/wp\/v2\/product_tag?post=432"}],"curies":[{"name":"wp","href":"https:\/\/api.w.org\/{rel}","templated":true}]}}