{"id":4406,"date":"2016-04-14T20:35:27","date_gmt":"2016-04-14T20:35:27","guid":{"rendered":"http:\/\/emperortech.us\/?post_type=product&#038;p=4406"},"modified":"2025-01-22T21:37:03","modified_gmt":"2025-01-23T03:37:03","slug":"atm-bank-card-self-service-kiosk","status":"publish","type":"product","link":"https:\/\/emperortech.us\/fr\/products\/atm-bank-card-self-service-kiosk\/","title":{"rendered":"Kiosque de libre-service pour cartes bancaires"},"content":{"rendered":"<p><strong>Renouvellement et remplacement des cartes bancaires - sans changement de num\u00e9ro de carte<\/strong><br \/>\nNotre kiosque de personnalisation et de distribution automatis\u00e9e de cartes et de guichets automatiques est une solution unique pour votre agence. Il am\u00e9liore l'efficacit\u00e9 du processus de distribution des cartes bancaires. En outre, il offre une s\u00e9curit\u00e9 optimis\u00e9e tout en \u00e9vitant les erreurs manuelles. Grande vitesse (10-60 secondes par carte), grande capacit\u00e9 (500 cartes par kiosque)<\/p>\n<ul>\n<li>Remplacement des cartes anciennes\/endommag\u00e9es<\/li>\n<li>Passer d'une carte magn\u00e9tique \u00e0 une carte \u00e0 puce EMV<\/li>\n<li>Informations personnelles du titulaire de la carte de mise \u00e0 niveau<\/li>\n<\/ul>","protected":false},"excerpt":{"rendered":"<p>Kiosque libre-service pour cartes bancaires ATM : Partie int\u00e9grante du groupe de kiosques de renouvellement et de distribution de cartes bancaires en libre-service d'EmperorTech - Les kiosques vont de l'ouverture d'un nouveau compte et de la carte magn\u00e9tique \u00e0 la mise \u00e0 niveau de la carte \u00e0 puce EMV, en passant par le remplacement de la carte bancaire, le renouvellement et l'activation de la carte et la distribution de la carte bancaire.<\/p>","protected":false},"featured_media":4408,"template":"","meta":{"_EventAllDay":false,"_EventTimezone":"","_EventStartDate":"","_EventEndDate":"","_EventStartDateUTC":"","_EventEndDateUTC":"","_EventShowMap":false,"_EventShowMapLink":false,"_EventURL":"","_EventCost":"","_EventCostDescription":"","_EventCurrencySymbol":"","_EventCurrencyCode":"","_EventCurrencyPosition":"","_EventDateTimeSeparator":"","_EventTimeRangeSeparator":"","_EventOrganizerID":[],"_EventVenueID":[],"_OrganizerEmail":"","_OrganizerPhone":"","_OrganizerWebsite":"","_VenueAddress":"","_VenueCity":"","_VenueCountry":"","_VenueProvince":"","_VenueState":"","_VenueZip":"","_VenuePhone":"","_VenueURL":"","_VenueStateProvince":"","_VenueLat":"","_VenueLng":"","_VenueShowMap":false,"_VenueShowMapLink":false},"product_brand":[],"product_cat":[83,117,112],"product_tag":[],"class_list":{"0":"post-4406","1":"product","2":"type-product","3":"status-publish","4":"has-post-thumbnail","6":"product_cat-banking-card-equipment","7":"product_cat-enrollment-decentralized-credential-issuance","8":"product_cat-self-service-id-kiosks","10":"first","11":"instock","12":"shipping-taxable","13":"product-type-simple"},"jetpack_sharing_enabled":true,"_links":{"self":[{"href":"https:\/\/emperortech.us\/fr\/wp-json\/wp\/v2\/product\/4406","targetHints":{"allow":["GET"]}}],"collection":[{"href":"https:\/\/emperortech.us\/fr\/wp-json\/wp\/v2\/product"}],"about":[{"href":"https:\/\/emperortech.us\/fr\/wp-json\/wp\/v2\/types\/product"}],"wp:featuredmedia":[{"embeddable":true,"href":"https:\/\/emperortech.us\/fr\/wp-json\/wp\/v2\/media\/4408"}],"wp:attachment":[{"href":"https:\/\/emperortech.us\/fr\/wp-json\/wp\/v2\/media?parent=4406"}],"wp:term":[{"taxonomy":"product_brand","embeddable":true,"href":"https:\/\/emperortech.us\/fr\/wp-json\/wp\/v2\/product_brand?post=4406"},{"taxonomy":"product_cat","embeddable":true,"href":"https:\/\/emperortech.us\/fr\/wp-json\/wp\/v2\/product_cat?post=4406"},{"taxonomy":"product_tag","embeddable":true,"href":"https:\/\/emperortech.us\/fr\/wp-json\/wp\/v2\/product_tag?post=4406"}],"curies":[{"name":"wp","href":"https:\/\/api.w.org\/{rel}","templated":true}]}}