{"id":4409,"date":"2016-04-14T21:02:33","date_gmt":"2016-04-14T21:02:33","guid":{"rendered":"http:\/\/emperortech.us\/?post_type=product&#038;p=4409"},"modified":"2025-01-22T20:35:47","modified_gmt":"2025-01-23T02:35:47","slug":"id-card-epassport-dispensing-kiosk","status":"publish","type":"product","link":"https:\/\/emperortech.us\/fr\/products\/id-card-epassport-dispensing-kiosk\/","title":{"rendered":"Kiosque de distribution de cartes d'identit\u00e9 et de passeports \u00e9lectroniques"},"content":{"rendered":"<p>Ce kiosque de distribution de cartes d'identit\u00e9 et de passeports \u00e9lectroniques est une solution de distribution de documents automatis\u00e9e et en libre-service. Il permet d'am\u00e9liorer l'efficacit\u00e9 du processus de distribution de documents. Il offre une protection qui optimise la s\u00e9curit\u00e9 tout en \u00e9vitant les erreurs manuelles. Ce gain de temps pratique, d'une capacit\u00e9 de 3000 cartes, traite les cartes \u00e0 une vitesse \u00e9lev\u00e9e de 5 \u00e0 10 secondes par carte.<\/p>\n<p><strong>Les avantages comprennent<\/strong><\/p>\n<ul>\n<li>Efficacit\u00e9 et pr\u00e9cision R\u00e9duction de la main-d'\u0153uvre Minimisation des erreurs humaines R\u00e9cup\u00e9ration rapide des cartes<\/li>\n<li>Utilisation conviviale Utilisation simple avec des instructions claires Guidage vocal de l'op\u00e9ration<\/li>\n<li>S\u00e9curit\u00e9 et tra\u00e7abilit\u00e9 Syst\u00e8me ferm\u00e9 de surveillance par t\u00e9l\u00e9vision en circuit ferm\u00e9 Synchronisation en temps r\u00e9el avec le syst\u00e8me de gestion Piste d'audit quotidienne\/\u00e9tablissement des stocks Retrait automatique des documents s'ils n'ont pas \u00e9t\u00e9 emport\u00e9s apr\u00e8s leur d\u00e9livrance D\u00e9tection de l'environnement et auto-alarme en cas d'attaque.<\/li>\n<\/ul>\n<p><strong>Apparence du distributeur de cartes d'identit\u00e9<\/strong><\/p>\n<p><img fetchpriority=\"high\" decoding=\"async\" src=\"https:\/\/emperortech.us\/images\/products\/self-service-kosk-id-card-dispensing-machine-appearance.jpg\" alt=\"\" width=\"577\" height=\"382\" \/><\/p>\n<p><strong>Configuration du distributeur de cartes d'identit\u00e9<\/strong><\/p>\n<p><img decoding=\"async\" src=\"https:\/\/emperortech.us\/images\/products\/self-service-kosk-id-card-dispensing-machine-configuration.jpg\" alt=\"\" width=\"686\" height=\"382\" \/><\/p>\n<p><span style=\"border-radius: 2px; text-indent: 20px; width: auto; padding: 0px 4px 0px 0px; text-align: center; font: bold 11px\/20px 'Helvetica Neue',Helvetica,sans-serif; color: #ffffff; background: #bd081c no-repeat scroll 3px 50% \/ 14px 14px; position: absolute; opacity: 1; z-index: 8675309; display: none; cursor: pointer;\">\u00c9conomiser<\/span><\/p>\n<p><span style=\"border-radius: 2px; text-indent: 20px; width: auto; padding: 0px 4px 0px 0px; text-align: center; font: bold 11px\/20px 'Helvetica Neue',Helvetica,sans-serif; color: #ffffff; background: #bd081c no-repeat scroll 3px 50% \/ 14px 14px; position: absolute; opacity: 0.85; z-index: 8675309; display: none; cursor: pointer; top: 857px; left: 20px;\">\u00c9conomiser<\/span><\/p>\n<p><span style=\"border-radius: 2px; text-indent: 20px; width: auto; padding: 0px 4px 0px 0px; text-align: center; font: bold 11px\/20px 'Helvetica Neue',Helvetica,sans-serif; color: #ffffff; background: #bd081c no-repeat scroll 3px 50% \/ 14px 14px; position: absolute; opacity: 1; z-index: 8675309; display: none; cursor: pointer;\">\u00c9conomiser<\/span><\/p>\n<p><span style=\"border-radius: 2px; text-indent: 20px; width: auto; padding: 0px 4px 0px 0px; text-align: center; font: bold 11px\/20px 'Helvetica Neue',Helvetica,sans-serif; color: #ffffff; background: #bd081c  no-repeat scroll 3px 50% \/ 14px 14px; position: absolute; opacity: 1; z-index: 8675309; display: none; cursor: pointer;\">\u00c9conomiser<\/span><\/p>","protected":false},"excerpt":{"rendered":"<p>This\u00a0 ID Card &amp; ePassport Dispensing Kiosk is a self-service and automated document dispensing solution. use it to Improve the efficiency of the document dispensing process. It delivers protection that [&#8230;]\n","protected":false},"featured_media":4414,"template":"","meta":{"_EventAllDay":false,"_EventTimezone":"","_EventStartDate":"","_EventEndDate":"","_EventStartDateUTC":"","_EventEndDateUTC":"","_EventShowMap":false,"_EventShowMapLink":false,"_EventURL":"","_EventCost":"","_EventCostDescription":"","_EventCurrencySymbol":"","_EventCurrencyCode":"","_EventCurrencyPosition":"","_EventDateTimeSeparator":"","_EventTimeRangeSeparator":"","_EventOrganizerID":[],"_EventVenueID":[],"_OrganizerEmail":"","_OrganizerPhone":"","_OrganizerWebsite":"","_VenueAddress":"","_VenueCity":"","_VenueCountry":"","_VenueProvince":"","_VenueState":"","_VenueZip":"","_VenuePhone":"","_VenueURL":"","_VenueStateProvince":"","_VenueLat":"","_VenueLng":"","_VenueShowMap":false,"_VenueShowMapLink":false},"product_brand":[],"product_cat":[112],"product_tag":[],"class_list":{"0":"post-4409","1":"product","2":"type-product","3":"status-publish","4":"has-post-thumbnail","6":"product_cat-self-service-id-kiosks","8":"first","9":"instock","10":"shipping-taxable","11":"product-type-simple"},"jetpack_sharing_enabled":true,"_links":{"self":[{"href":"https:\/\/emperortech.us\/fr\/wp-json\/wp\/v2\/product\/4409","targetHints":{"allow":["GET"]}}],"collection":[{"href":"https:\/\/emperortech.us\/fr\/wp-json\/wp\/v2\/product"}],"about":[{"href":"https:\/\/emperortech.us\/fr\/wp-json\/wp\/v2\/types\/product"}],"wp:featuredmedia":[{"embeddable":true,"href":"https:\/\/emperortech.us\/fr\/wp-json\/wp\/v2\/media\/4414"}],"wp:attachment":[{"href":"https:\/\/emperortech.us\/fr\/wp-json\/wp\/v2\/media?parent=4409"}],"wp:term":[{"taxonomy":"product_brand","embeddable":true,"href":"https:\/\/emperortech.us\/fr\/wp-json\/wp\/v2\/product_brand?post=4409"},{"taxonomy":"product_cat","embeddable":true,"href":"https:\/\/emperortech.us\/fr\/wp-json\/wp\/v2\/product_cat?post=4409"},{"taxonomy":"product_tag","embeddable":true,"href":"https:\/\/emperortech.us\/fr\/wp-json\/wp\/v2\/product_tag?post=4409"}],"curies":[{"name":"wp","href":"https:\/\/api.w.org\/{rel}","templated":true}]}}