{"id":4529,"date":"2016-07-12T20:47:40","date_gmt":"2016-07-12T20:47:40","guid":{"rendered":"http:\/\/emperortech.us\/?post_type=product&#038;p=4529"},"modified":"2025-01-23T06:34:37","modified_gmt":"2025-01-23T12:34:37","slug":"account-opening-kiosk","status":"publish","type":"product","link":"https:\/\/emperortech.us\/fr\/products\/account-opening-kiosk\/","title":{"rendered":"Kiosque d'ouverture de compte"},"content":{"rendered":"<p>Il s'agit d'un kiosque d'ouverture de compte vertical dot\u00e9 d'un ensemble complet de fonctions, dont l'impression et la num\u00e9risation de documents. Sa conception modulaire et sa gamme de modules fonctionnels font de cette machine en libre-service \u00e0 faible encombrement un outil facilement personnalisable en fonction de vos besoins.<\/p>\n<h3>Points forts et caract\u00e9ristiques<\/h3>\n<p>Flux de travail automatis\u00e9 pour l'ouverture d'un compte bancaire en libre-service avec identification biom\u00e9trique<\/p>\n<ul>\n<li>V\u00e9rification multi-biom\u00e9trique<\/li>\n<li>Enr\u00f4lement d'informations personnelles au moyen d'un clavier ou d'un \u00e9cran tactile<\/li>\n<li>Imprimante thermique pour l'impression des re\u00e7us<\/li>\n<li>Bloc de signature pour l'inscription de la signature<\/li>\n<li>Num\u00e9risation de documents pour enregistrement<\/li>\n<li>Faible encombrement et entretien facile<\/li>\n<li>Configuration personnalis\u00e9e disponible<\/li>\n<li>Dimension : 650 (L) x 650 (L) x 1300 (H) mm<\/li>\n<li>Poids net : 180KG<\/li>\n<\/ul>\n<h3>D\u00e9tails du kiosque d'ouverture de compte<\/h3>\n<ul class=\"large-block-grid-2\">\n<li class=\"grid-normal\"><img fetchpriority=\"high\" decoding=\"async\" src=\"https:\/\/emperortech.us\/images\/products\/account-opening-kiosk-appearance.jpg\" alt=\"\" width=\"639\" height=\"674\" \/><\/li>\n<li class=\"grid-normal\">\n<ul>\n<li>Cam\u00e9ra \u00e0 st\u00e9nop\u00e9<\/li>\n<li>\u00c9cran tactile B-19<\/li>\n<li>Ingression de la carte C<\/li>\n<li>D-Receipt Egress<\/li>\n<li>E -Tableau de signature<\/li>\n<li>Imprimante F-A4<\/li>\n<li>Lecteur de code G<\/li>\n<li>Lecteur de cartes H-ID<\/li>\n<li>Tampon \u00e0 broches I<\/li>\n<li>J - Scanner d'empreintes digitales<\/li>\n<li>K - Cash Ingress<\/li>\n<\/ul>\n<\/li>\n<\/ul>\n<h3>Modules fonctionnels<\/h3>\n<ol>\n<li><strong>Cam\u00e9ra HD :<\/strong> Ajustement automatis\u00e9<\/li>\n<li><strong>Lecteur de carte d'identit\u00e9 :<\/strong> SupportContact et lecture sans contact<\/li>\n<li><strong>Scanner d'empreintes digitales<\/strong>: Contr\u00f4le d'acc\u00e8s, v\u00e9rification d'identit\u00e9<\/li>\n<li><strong>Emplacement de carte :<\/strong> Ins\u00e9rer la carte bancaire pour lire les informations relatives au titulaire<\/li>\n<li><strong>Tampon \u00e0 broches<\/strong>: V\u00e9rification et r\u00e9initialisation du mot de passe<\/li>\n<li><strong>\u00c9cran tactile<\/strong>: 19\", Interface de fonctionnement,<\/li>\n<li><strong>Coussin de signature<\/strong>: Collection Signature<\/li>\n<li><strong>Imprimante thermique<\/strong>: PourImprimerRecevoir<\/li>\n<li><strong>Imprimante A4<\/strong>:Pour l'impression des informations sur le compte<\/li>\n<li><strong>Lecteur de code-barres<\/strong>: Pour lire les informations du re\u00e7u<\/li>\n<li><strong>Machine \u00e0 sous<\/strong>: Pour un paiement en esp\u00e8ces<\/li>\n<\/ol>\n<p><span style=\"border-radius: 2px; text-indent: 20px; width: auto; padding: 0px 4px 0px 0px; text-align: center; font: bold 11px\/20px 'Helvetica Neue',Helvetica,sans-serif; color: #ffffff; background: #bd081c no-repeat scroll 3px 50% \/ 14px 14px; position: absolute; opacity: 1; z-index: 8675309; display: none; cursor: pointer;\">\u00c9conomiser<\/span><\/p>\n<p><span style=\"border-radius: 2px; text-indent: 20px; width: auto; padding: 0px 4px 0px 0px; text-align: center; font: bold 11px\/20px 'Helvetica Neue',Helvetica,sans-serif; color: #ffffff; background: #bd081c no-repeat scroll 3px 50% \/ 14px 14px; position: absolute; opacity: 1; z-index: 8675309; display: none; cursor: pointer;\">\u00c9conomiser<\/span><\/p>\n<p><span style=\"border-radius: 2px; text-indent: 20px; width: auto; padding: 0px 4px 0px 0px; text-align: center; font: bold 11px\/20px 'Helvetica Neue',Helvetica,sans-serif; color: #ffffff; background: #bd081c no-repeat scroll 3px 50% \/ 14px 14px; position: absolute; opacity: 0.85; z-index: 8675309; display: none; cursor: pointer; top: 495px; left: 60px;\">\u00c9conomiser<\/span><\/p>\n<p><span style=\"border-radius: 2px; text-indent: 20px; width: auto; padding: 0px 4px 0px 0px; text-align: center; font: bold 11px\/20px 'Helvetica Neue',Helvetica,sans-serif; color: #ffffff; background: #bd081c no-repeat scroll 3px 50% \/ 14px 14px; position: absolute; opacity: 1; z-index: 8675309; display: none; cursor: pointer;\">\u00c9conomiser<\/span><\/p>\n<p><span style=\"border-radius: 2px; text-indent: 20px; width: auto; padding: 0px 4px 0px 0px; text-align: center; font: bold 11px\/20px 'Helvetica Neue',Helvetica,sans-serif; color: #ffffff; background: #bd081c no-repeat scroll 3px 50% \/ 14px 14px; position: absolute; opacity: 1; z-index: 8675309; display: none; cursor: pointer;\">\u00c9conomiser<\/span><\/p>\n<p><span style=\"border-radius: 2px; text-indent: 20px; width: auto; padding: 0px 4px 0px 0px; text-align: center; font: bold 11px\/20px 'Helvetica Neue',Helvetica,sans-serif; color: #ffffff; background: #bd081c no-repeat scroll 3px 50% \/ 14px 14px; position: absolute; opacity: 1; z-index: 8675309; display: none; cursor: pointer;\">\u00c9conomiser<\/span><\/p>\n<p><span style=\"border-radius: 2px; text-indent: 20px; width: auto; padding: 0px 4px 0px 0px; text-align: center; font: bold 11px\/20px 'Helvetica Neue',Helvetica,sans-serif; color: #ffffff; background: #bd081c no-repeat scroll 3px 50% \/ 14px 14px; position: absolute; opacity: 0.85; z-index: 8675309; display: none; cursor: pointer; top: 471px; left: 60px;\">\u00c9conomiser<\/span><\/p>\n<p><span style=\"border-radius: 2px; text-indent: 20px; width: auto; padding: 0px 4px 0px 0px; text-align: center; font: bold 11px\/20px 'Helvetica Neue',Helvetica,sans-serif; color: #ffffff; background: #bd081c  no-repeat scroll 3px 50% \/ 14px 14px; position: absolute; opacity: 1; z-index: 8675309; display: none; cursor: pointer;\">\u00c9conomiser<\/span><\/p>","protected":false},"excerpt":{"rendered":"<p>Kiosque d'ouverture de compte : Solution de renouvellement et de distribution de cartes bancaires en libre-service<\/p>","protected":false},"featured_media":4530,"template":"","meta":{"_EventAllDay":false,"_EventTimezone":"","_EventStartDate":"","_EventEndDate":"","_EventStartDateUTC":"","_EventEndDateUTC":"","_EventShowMap":false,"_EventShowMapLink":false,"_EventURL":"","_EventCost":"","_EventCostDescription":"","_EventCurrencySymbol":"","_EventCurrencyCode":"","_EventCurrencyPosition":"","_EventDateTimeSeparator":"","_EventTimeRangeSeparator":"","_EventOrganizerID":[],"_EventVenueID":[],"_OrganizerEmail":"","_OrganizerPhone":"","_OrganizerWebsite":"","_VenueAddress":"","_VenueCity":"","_VenueCountry":"","_VenueProvince":"","_VenueState":"","_VenueZip":"","_VenuePhone":"","_VenueURL":"","_VenueStateProvince":"","_VenueLat":"","_VenueLng":"","_VenueShowMap":false,"_VenueShowMapLink":false},"product_brand":[],"product_cat":[112],"product_tag":[],"class_list":{"0":"post-4529","1":"product","2":"type-product","3":"status-publish","4":"has-post-thumbnail","6":"product_cat-self-service-id-kiosks","8":"first","9":"instock","10":"shipping-taxable","11":"product-type-simple"},"jetpack_sharing_enabled":true,"_links":{"self":[{"href":"https:\/\/emperortech.us\/fr\/wp-json\/wp\/v2\/product\/4529","targetHints":{"allow":["GET"]}}],"collection":[{"href":"https:\/\/emperortech.us\/fr\/wp-json\/wp\/v2\/product"}],"about":[{"href":"https:\/\/emperortech.us\/fr\/wp-json\/wp\/v2\/types\/product"}],"wp:featuredmedia":[{"embeddable":true,"href":"https:\/\/emperortech.us\/fr\/wp-json\/wp\/v2\/media\/4530"}],"wp:attachment":[{"href":"https:\/\/emperortech.us\/fr\/wp-json\/wp\/v2\/media?parent=4529"}],"wp:term":[{"taxonomy":"product_brand","embeddable":true,"href":"https:\/\/emperortech.us\/fr\/wp-json\/wp\/v2\/product_brand?post=4529"},{"taxonomy":"product_cat","embeddable":true,"href":"https:\/\/emperortech.us\/fr\/wp-json\/wp\/v2\/product_cat?post=4529"},{"taxonomy":"product_tag","embeddable":true,"href":"https:\/\/emperortech.us\/fr\/wp-json\/wp\/v2\/product_tag?post=4529"}],"curies":[{"name":"wp","href":"https:\/\/api.w.org\/{rel}","templated":true}]}}