{"id":4743,"date":"2017-04-19T05:32:08","date_gmt":"2017-04-19T05:32:08","guid":{"rendered":"http:\/\/emperortech.us\/?post_type=product&#038;p=4743"},"modified":"2025-01-23T07:13:56","modified_gmt":"2025-01-23T13:13:56","slug":"emp2920-id-tablet","status":"publish","type":"product","link":"https:\/\/emperortech.us\/fr\/products\/emp2920-id-tablet\/","title":{"rendered":"EMP2920 Tablette d'identification pour la capture de donn\u00e9es et la v\u00e9rification d'identit\u00e9"},"content":{"rendered":"<p><strong>Tablette Secure ID pour la capture de donn\u00e9es et la v\u00e9rification d'identit\u00e9 - - SecuMind CX2920.<\/strong> Num\u00e9riser, capturer, analyser et v\u00e9rifier les donn\u00e9es de tous les types de cartes d'identit\u00e9, cartes bancaires et cartes de cr\u00e9dit, cartes d'acc\u00e8s, cartes de membre, cartes d'\u00e9cole et cartes d'employ\u00e9.<\/p>\n<p>Avec l'\u00e9norme demande et le d\u00e9veloppement rapide des services mobiles dans les administrations, les banques et d'autres secteurs d'activit\u00e9, la menace de la fraude s'est \u00e9galement accrue. L'int\u00e9gration des technologies d'identification intelligente et biom\u00e9trique permet \u00e0 notre toute nouvelle tablette d'identification d'apporter s\u00e9curit\u00e9, efficacit\u00e9 et commodit\u00e9 \u00e0 des processus hautement am\u00e9lior\u00e9s de capture de donn\u00e9es et de v\u00e9rification d'identit\u00e9.<br \/>\nLa tablette d'identification CX2920 int\u00e8gre la lecture de cartes \u00e0 puce avec ou sans contact, la num\u00e9risation d'empreintes digitales, la prise de photos et la lecture MRZ dans un appareil compact dot\u00e9 de plusieurs interfaces de communication. Elle dispose \u00e9galement d'un syst\u00e8me \u00e9volutif qui prend en charge des modules fonctionnels externes, offrant un contr\u00f4le d'identit\u00e9 plus rapide, plus s\u00fbr et plus efficace dans les secteurs du gouvernement, de la banque, de la sant\u00e9, de l'\u00e9ducation, de l'h\u00f4tellerie, de l'entreprise, etc.<\/p>\n<p><strong>Caract\u00e9ristiques<\/strong><\/p>\n<ul>\n<li>Scanner d'empreintes digitales :  R\u00e9solution jusqu'\u00e0 500 dpi, photo de 320 480 pixels. Conforme aux normes FIS 201 \/ PIV, ISO 19794-2 ou ANSI 378, certification FBI.<\/li>\n<li>Capture de photos : Webcam haute r\u00e9solution des deux c\u00f4t\u00e9s, lumi\u00e8re adaptative<\/li>\n<li>\u00a0Lecture de cartes \u00e0 puce : Prise en charge des cartes avec et sans contact. Conforme aux normes ISO7816 et 14443 A\/B<\/li>\n<li>Collection Signature : Jusqu'\u00e0 640 \u00d7 480 de r\u00e9solution de dip, jusqu'\u00e0 512 niveaux de pression<\/li>\n<\/ul>\n<p><strong>Extensions optionnelles<\/strong><\/p>\n<ul>\n<li>Lecteur MRZ Swipe (int\u00e9gr\u00e9)<\/li>\n<li>Lecteur de codes \u00e0 barres 1D \/ 2D (externe)<\/li>\n<li>Bloc de signature (externe)<\/li>\n<li>Module IRIS (externe)<\/li>\n<\/ul>\n<p><strong>Param\u00e8tres techniques<\/strong><\/p>\n<ul>\n<li>Syst\u00e8me d'exploitation : Android 5.1, \u00e9volutif<\/li>\n<li>CPU : MT6535, 4X Cortex-A53, 1,5 GHz<\/li>\n<li>M\u00e9moire : 1G octets de RAM ; 8G octets de ROM<\/li>\n<li>\u00c9cran : \u00c9cran LCD capacitif de 8 pouces, multi-touch ; R\u00e9solution : 1,280 \u00d7 800<\/li>\n<li>Communication : WIFII, BT, LTE, FDD, WCDMA, CDMA200, TDCDMA, Bluetooth<\/li>\n<li>Appareil photo : appareil photo frontal de 2 m\u00e9gapixels ; appareil photo arri\u00e8re de 8 m\u00e9gapixels \u00e0 mise au point automatique avec flash LED<\/li>\n<li>Niveau IP : IP5PSAM Emplacement : 3 emplacements<\/li>\n<li>Capacit\u00e9 de la batterie : 5 000 mAh<\/li>\n<li>Tension de la batterie : 3,4V~4,2V<\/li>\n<li>Autonomie en veille : \u2267150h<\/li>\n<li>Temps de travail : \u22678h<\/li>\n<li>Temp\u00e9rature de fonctionnement : - 15\u00b0C ~ 50\u00b0C<\/li>\n<li>Temp\u00e9rature de stockage : - 20\u00b0C ~ 65\u00b0C<\/li>\n<li>Dimension : 207(L) \u00d7 185(L) \u00d7 27(H) mm<\/li>\n<li>Poids net : 750g (1.65347 lbs)<\/li>\n<\/ul>\n<p><strong>Industries<\/strong><br \/>\nNotre tablette d'identification EMP2920 est con\u00e7ue pour servir une pl\u00e9thore d'industries concern\u00e9es par la capture de donn\u00e9es, la v\u00e9rification d'identit\u00e9, la pr\u00e9vention de la fraude, la gestion des visiteurs, le contr\u00f4le d'acc\u00e8s et d'autres cas o\u00f9 la s\u00e9curit\u00e9 des informations est vitale pour les affaires et les relations avec les clients. Que vous soyez une banque, une \u00e9cole, un promoteur de concert, un employeur, un service de police, un casino, un h\u00f4tel, un bar ou une bo\u00eete de nuit, la tablette EMP2920.<\/p>","protected":false},"excerpt":{"rendered":"<p>La tablette EMP2920 ID Tablet capture les donn\u00e9es et v\u00e9rifie l'identit\u00e9 en toute s\u00e9curit\u00e9, avec l'efficacit\u00e9 et la commodit\u00e9 d'un appareil mobile et les performances d'un ordinateur \u00e0 part enti\u00e8re. Elle int\u00e8gre la lecture de cartes \u00e0 puce avec et sans contact, la num\u00e9risation d'empreintes digitales, la prise de photos et la lecture MRZ dans un appareil compact mais robuste. G\u00e9rez vos relations avec vos clients et vos membres gr\u00e2ce \u00e0 une interface conviviale et \u00e0 une plateforme technologique.<\/p>","protected":false},"featured_media":4744,"template":"","meta":{"_EventAllDay":false,"_EventTimezone":"","_EventStartDate":"","_EventEndDate":"","_EventStartDateUTC":"","_EventEndDateUTC":"","_EventShowMap":false,"_EventShowMapLink":false,"_EventURL":"","_EventCost":"","_EventCostDescription":"","_EventCurrencySymbol":"","_EventCurrencyCode":"","_EventCurrencyPosition":"","_EventDateTimeSeparator":"","_EventTimeRangeSeparator":"","_EventOrganizerID":[],"_EventVenueID":[],"_OrganizerEmail":"","_OrganizerPhone":"","_OrganizerWebsite":"","_VenueAddress":"","_VenueCity":"","_VenueCountry":"","_VenueProvince":"","_VenueState":"","_VenueZip":"","_VenuePhone":"","_VenueURL":"","_VenueStateProvince":"","_VenueLat":"","_VenueLng":"","_VenueShowMap":false,"_VenueShowMapLink":false},"product_brand":[],"product_cat":[83,116,117],"product_tag":[],"class_list":{"0":"post-4743","1":"product","2":"type-product","3":"status-publish","4":"has-post-thumbnail","6":"product_cat-banking-card-equipment","7":"product_cat-credentials-secure-id-equipment","8":"product_cat-enrollment-decentralized-credential-issuance","10":"first","11":"instock","12":"shipping-taxable","13":"product-type-simple"},"jetpack_sharing_enabled":true,"_links":{"self":[{"href":"https:\/\/emperortech.us\/fr\/wp-json\/wp\/v2\/product\/4743","targetHints":{"allow":["GET"]}}],"collection":[{"href":"https:\/\/emperortech.us\/fr\/wp-json\/wp\/v2\/product"}],"about":[{"href":"https:\/\/emperortech.us\/fr\/wp-json\/wp\/v2\/types\/product"}],"wp:featuredmedia":[{"embeddable":true,"href":"https:\/\/emperortech.us\/fr\/wp-json\/wp\/v2\/media\/4744"}],"wp:attachment":[{"href":"https:\/\/emperortech.us\/fr\/wp-json\/wp\/v2\/media?parent=4743"}],"wp:term":[{"taxonomy":"product_brand","embeddable":true,"href":"https:\/\/emperortech.us\/fr\/wp-json\/wp\/v2\/product_brand?post=4743"},{"taxonomy":"product_cat","embeddable":true,"href":"https:\/\/emperortech.us\/fr\/wp-json\/wp\/v2\/product_cat?post=4743"},{"taxonomy":"product_tag","embeddable":true,"href":"https:\/\/emperortech.us\/fr\/wp-json\/wp\/v2\/product_tag?post=4743"}],"curies":[{"name":"wp","href":"https:\/\/api.w.org\/{rel}","templated":true}]}}