{"id":5012,"date":"2018-03-18T14:36:01","date_gmt":"2018-03-18T14:36:01","guid":{"rendered":"http:\/\/emperortech.us\/?post_type=product&#038;p=5012"},"modified":"2025-01-23T08:24:52","modified_gmt":"2025-01-23T14:24:52","slug":"emp5210-ticket-validator-for-mass-transit","status":"publish","type":"product","link":"https:\/\/emperortech.us\/fr\/products\/emp5210-ticket-validator-for-mass-transit\/","title":{"rendered":"EMP5210 Valideur de tickets pour les transports en commun"},"content":{"rendered":"<p>Le EMP5210 Ticket permet la validation des tickets et des cartes pour les transports en commun. Il s'agit d'un terminal de paiement par carte \u00e0 puce QR et sans contact d\u00e9velopp\u00e9 pour le syst\u00e8me de paiement des transports publics. Il prend en charge le paiement par carte \u00e0 puce sans contact, y compris les cartes RFID, les cartes CPU, les cartes bancaires, etc. Gr\u00e2ce \u00e0 ses fonctions de s\u00e9curit\u00e9 et de cryptage in\u00e9gal\u00e9es, le ticket EMP5210 offre le processus de paiement le plus polyvalent et le plus efficace.<\/p>\n<p><strong>CARACT\u00c9RISTIQUES PRINCIPALES<\/strong><br \/>\nLe valideur de billets et de cartes EMP5210 pr\u00e9sente les caract\u00e9ristiques suivantes<\/p>\n<ul>\n<li>Processeur \u00e0 haute vitesse et s\u00e9curis\u00e9<\/li>\n<li>Type de carte compatible : Carte MIFARE\u00ae, carte CPU, carte bancaire ; ISO14443 Type A&amp;B, protocoles Sony Felica<\/li>\n<li>Paiement par code QR<\/li>\n<li>GPS et positionnement par satellite<\/li>\n<li>M\u00e9moire de donn\u00e9es de grande capacit\u00e9<\/li>\n<li>Interface conviviale : voix \/ buzzer \/ t\u00e9moin lumineux<\/li>\n<li>Bo\u00eetier solide et r\u00e9sistant, \u00e9tanche et antichoc<\/li>\n<li>Installation flexible et stable<\/li>\n<\/ul>\n<p><strong>SP\u00c9CIFICATIONS TECHNIQUES<\/strong><\/p>\n<ul>\n<li>CliU Core<br \/>\nARM 32 bits Cortex\u2122-M4 CliU<\/li>\n<li>Caliacit\u00e9 de la m\u00e9moire :<br \/>\nInterne : 196Kb SRAM, 1Mb ROM<br \/>\nExterne : 1Mb SRAM, 160 Mbit SliI Serial<br \/>\nFlash x5, 64Kb de m\u00e9moire non volatile<\/li>\n<li>IHM<br \/>\n\u00c9cran LED, 4 x indicateurs LED, 1 x buzzer<\/li>\n<li>RFID ISO14443 A\/B, SONY FELICA<br \/>\nISO14443A : 0~10CM, FELICA : 0~7CM<\/li>\n<li>Encrylition :<br \/>\n4 x liSAM, norme ISO7816<\/li>\n<li>Interface de communication de donn\u00e9es :<br \/>\nUSB, RS-232, GliRS\/3G\/4G, infrarouge, CAN\/488<\/li>\n<li>Olitional Fonction :<br \/>\nPaiement du code QR<br \/>\nClavier de perception personnalis\u00e9<\/li>\n<li>Transaction<br \/>\nTemps (carte lier) : \u2264300ms<br \/>\nDur\u00e9e de vie \u22655 ans<br \/>\nLower Sulilily : DC+12V\/1A +5V\/3A inliut<\/li>\n<li>Environnement : Stockage : temp\u00e9rature -10 - +55 , humidit\u00e9 \u226485%<br \/>\nUtilisation : temp\u00e9rature -20 - +70 , humidit\u00e9 \u226495%<\/li>\n<li>Installation : Installation sur barre verticale ou barre transversale avec serrure de s\u00e9curit\u00e9<br \/>\nDimension : 220(L) \u00d7 130(L)<\/li>\n<\/ul>","protected":false},"excerpt":{"rendered":"<p>Le EMP5210A est un valideur de paiement rapide pour les transports en commun. Il s'agit d'un terminal de paiement par carte \u00e0 puce QR et sans contact d\u00e9velopp\u00e9 pour le syst\u00e8me de paiement des transports publics. Il prend en charge le paiement par carte \u00e0 puce sans contact, y compris la carte RFID, la carte CPU, la carte bancaire IC et plus encore....<\/p>","protected":false},"featured_media":5015,"template":"","meta":{"_EventAllDay":false,"_EventTimezone":"","_EventStartDate":"","_EventEndDate":"","_EventStartDateUTC":"","_EventEndDateUTC":"","_EventShowMap":false,"_EventShowMapLink":false,"_EventURL":"","_EventCost":"","_EventCostDescription":"","_EventCurrencySymbol":"","_EventCurrencyCode":"","_EventCurrencyPosition":"","_EventDateTimeSeparator":"","_EventTimeRangeSeparator":"","_EventOrganizerID":[],"_EventVenueID":[],"_OrganizerEmail":"","_OrganizerPhone":"","_OrganizerWebsite":"","_VenueAddress":"","_VenueCity":"","_VenueCountry":"","_VenueProvince":"","_VenueState":"","_VenueZip":"","_VenuePhone":"","_VenueURL":"","_VenueStateProvince":"","_VenueLat":"","_VenueLng":"","_VenueShowMap":false,"_VenueShowMapLink":false},"product_brand":[],"product_cat":[134],"product_tag":[],"class_list":{"0":"post-5012","1":"product","2":"type-product","3":"status-publish","4":"has-post-thumbnail","6":"product_cat-fare-collection-mass-transit-equipment","8":"first","9":"instock","10":"shipping-taxable","11":"product-type-simple"},"jetpack_sharing_enabled":true,"_links":{"self":[{"href":"https:\/\/emperortech.us\/fr\/wp-json\/wp\/v2\/product\/5012","targetHints":{"allow":["GET"]}}],"collection":[{"href":"https:\/\/emperortech.us\/fr\/wp-json\/wp\/v2\/product"}],"about":[{"href":"https:\/\/emperortech.us\/fr\/wp-json\/wp\/v2\/types\/product"}],"wp:featuredmedia":[{"embeddable":true,"href":"https:\/\/emperortech.us\/fr\/wp-json\/wp\/v2\/media\/5015"}],"wp:attachment":[{"href":"https:\/\/emperortech.us\/fr\/wp-json\/wp\/v2\/media?parent=5012"}],"wp:term":[{"taxonomy":"product_brand","embeddable":true,"href":"https:\/\/emperortech.us\/fr\/wp-json\/wp\/v2\/product_brand?post=5012"},{"taxonomy":"product_cat","embeddable":true,"href":"https:\/\/emperortech.us\/fr\/wp-json\/wp\/v2\/product_cat?post=5012"},{"taxonomy":"product_tag","embeddable":true,"href":"https:\/\/emperortech.us\/fr\/wp-json\/wp\/v2\/product_tag?post=5012"}],"curies":[{"name":"wp","href":"https:\/\/api.w.org\/{rel}","templated":true}]}}