{"id":5018,"date":"2018-03-19T01:27:13","date_gmt":"2018-03-19T01:27:13","guid":{"rendered":"http:\/\/emperortech.us\/?post_type=product&#038;p=5018"},"modified":"2025-01-24T13:27:34","modified_gmt":"2025-01-24T19:27:34","slug":"emp5211-mobile-pos-for-mass-transit-public-transportation","status":"publish","type":"product","link":"https:\/\/emperortech.us\/fr\/products\/emp5211-mobile-pos-for-mass-transit-public-transportation\/","title":{"rendered":"EMP5211 Mobile POS for Mass Transit Transport public"},"content":{"rendered":"<p>Le terminal mobile EMP5211 a \u00e9t\u00e9 con\u00e7u pour r\u00e9pondre aux nouveaux besoins en mati\u00e8re de paiement \u00e9lectronique dans les syst\u00e8mes de perception des transports publics, avec son propre syst\u00e8me d'exploitation combinant haute performance et multifonctionnalit\u00e9.<\/p>\n<p>Cet \u00e9quipement combine les syst\u00e8mes traditionnels de terminaux de paiement intelligents pour v\u00e9hicules avec les capacit\u00e9s de traitement des nouvelles technologies de paiement et la capacit\u00e9 d'int\u00e9grer des technologies futures qui ne sont pas encore sur le march\u00e9.<\/p>\n<p>Tout en couvrant les syst\u00e8mes traditionnels de paiement par carte en ligne existants, l'unit\u00e9 accepte Alipay, le micro-cr\u00e9dit et d'autres codes de paiement, y compris le cloud Flash de UnionPay, ODA (Offline Data Authentication) et d'autres m\u00e9thodes de paiement par carte de cr\u00e9dit en ligne. Le produit est \u00e9quip\u00e9 d'une fonction GPS permettant un positionnement instantan\u00e9 et pr\u00e9cis du v\u00e9hicule en temps r\u00e9el, de fonctions WIFI et Blue Tooth permettant la programmation et la mise \u00e0 jour du syst\u00e8me de paiement par carte de cr\u00e9dit.<br \/>\nL'\u00e9quipement est facile et rapide.<\/p>\n<p>Le EMP5211 est la solution parfaite pour le paiement rapide des billets dans les transports publics.<\/p>\n<p><strong>SP\u00c9CIFICATIONS TECHNIQUES<\/strong><\/p>\n<p><strong>CPU et syst\u00e8me d'exploitation<\/strong><\/p>\n<ul>\n<li>CPU : Cortex-A17, fr\u00e9quence 1,6 GHz<\/li>\n<li>OS : Android 5.1<\/li>\n<\/ul>\n<p><strong>M\u00e9moire<\/strong><\/p>\n<ul>\n<li>ROM : 8 GB<\/li>\n<li>Carte TF \u00e0 m\u00e9moire \u00e9tendue : Maximum 32 Go<\/li>\n<\/ul>\n<p><strong>Paiement par carte sans contact<\/strong><\/p>\n<ul>\n<li>Prise en charge de la norme ISO 14443 M1, carte CPU<\/li>\n<li>Prise en charge du portefeuille \u00e9lectronique et d'UPcash<\/li>\n<li>Compatible avec le portefeuille \u00e9lectronique UnionPay PBOC 2.0\/3.0, UPcash, ODA, UnionPay Mobile QuickPass et d'autres plateformes,<\/li>\n<li>Prise en charge des normes relatives aux cartes \u00e0 puce pour les portefeuilles \u00e9lectroniques<\/li>\n<\/ul>\n<p><strong>Code 2D QR Paiement<\/strong><\/p>\n<ul>\n<li>Ce mod\u00e8le int\u00e8gre un module de paiement par code QR capable d'offrir :<\/li>\n<li>Pr\u00e9cision de la reconnaissance : 5 mil<\/li>\n<li>Type de reconnaissance du code QR : non limit\u00e9 au code QR (QR \u00bd, Micro)<\/li>\n<li>Roulis \/ Tangage \/ lacet : 360\u00b0, \u00b140\u00b0, \u00b140\u00b0<\/li>\n<\/ul>\n<p><strong>Connexion USB<\/strong><\/p>\n<ul>\n<li>Lorsque le validateur remplit une t\u00e2che de r\u00e9seau, il ne ralentit pas la lecture du code QR.<\/li>\n<\/ul>\n<p><strong>Affichage<\/strong><\/p>\n<p><strong>Front-end <\/strong><strong>Affichage<\/strong><\/p>\n<ul>\n<li>Ecran LCD couleur de 7 pouces, r\u00e9solution\uff1a800\u00d7480<\/li>\n<li>Zone d\u00e9sign\u00e9e pour le scanner de codes QR et de cartes sans contact<\/li>\n<li>Deux voyants LED (rouge\/vert) indiquent l'\u00e9tat de fonctionnement et de paiement du validateur.<\/li>\n<\/ul>\n<p><strong>\u00a0Back-end <\/strong><strong>Affichage<\/strong><\/p>\n<ul>\n<li>Utilisation d'un affichage \u00e0 4 chiffres et de 2 indicateurs LED (rouge\/vert)<\/li>\n<\/ul>\n<p><strong>Audio<\/strong><\/p>\n<ul>\n<li>Un haut-parleur de grande puissance avec une puissance maximale de 5 watts<\/li>\n<li>Prend en charge les formats MP3 et WAV<\/li>\n<\/ul>\n<p><strong>Positionnement<\/strong><\/p>\n<ul>\n<li>Prend en charge le positionnement GPS et Beidu \u00e0 double mode ; il prend \u00e9galement en charge le positionnement A-GPS avec un r\u00e9seau sans fil.<\/li>\n<\/ul>\n<p><strong>Fonction <\/strong><strong>boutons<\/strong><\/p>\n<ul>\n<li>4 boutons (Haut, Bas, Confirmation, Retour), \u00e9tanches \u00e0 l'eau avec une dur\u00e9e de vie moyenne de plus de 100K fois<\/li>\n<li>Prise en charge des cartes PSAM et SIM<\/li>\n<li>4 emplacements pour la carte PSAM et 1 emplacement pour la carte SIM<\/li>\n<\/ul>\n<p><strong>S\u00e9curit\u00e9\/Cryptage<\/strong><\/p>\n<ul>\n<li>La puce de cryptage prend en charge le cryptage et le d\u00e9cryptage RSA 2048 bits, ECC, le cryptage et le d\u00e9cryptage DES\/3DES, le cryptage et le d\u00e9cryptage des algorithmes cryptographiques SM1, SM2, SM3, SM4, le cryptage et le d\u00e9cryptage SSF33, le cryptage et le d\u00e9cryptage SHA1\/256.<\/li>\n<\/ul>\n<p><strong>Communication<\/strong><\/p>\n<ul>\n<li>Prise en charge des r\u00e9seaux mobiles 2G\/3G\/4G, WIFI (hot spots) et Bluetooth<\/li>\n<li>SupportsEthernet<\/li>\n<\/ul>\n<p><strong>Fonction d'autodiagnostic\u00a0\u00a0\u00a0\u00a0\u00a0 <\/strong><\/p>\n<ul>\n<li>Prend en charge l'autotest apr\u00e8s la mise sous tension et conserve automatiquement le journal ;<\/li>\n<li>T\u00e9l\u00e9chargement d'un message d'erreur.<\/li>\n<li>L'\u00e9cran LCD affiche l'\u00e9tat de fonctionnement des principaux composants.<\/li>\n<\/ul>\n<p><strong>Puissance :<\/strong><\/p>\n<ul>\n<li>Tension d'entr\u00e9e : DC 24V<\/li>\n<li>Plage de tension de fonctionnement : 7V ~ 55V<\/li>\n<li>Puissance de sortie : DC 24V\/2A<\/li>\n<\/ul>\n<p><strong>Apparence et installation<\/strong><\/p>\n<ul>\n<li>Conception \u00e9l\u00e9gante, compacte, pratique et robuste<\/li>\n<li>Le bo\u00eetier scell\u00e9 du validateur est \u00e9tanche \u00e0 la poussi\u00e8re, aux chocs et \u00e0 l'eau avec un niveau de protection IP54.<\/li>\n<li>Peut \u00eatre install\u00e9 verticalement ou horizontalement \u00e0 l'aide d'une barre, l'utilisation d'une serrure de s\u00e9curit\u00e9 emp\u00eache les manipulations.<\/li>\n<\/ul>\n<p><strong>Environnement op\u00e9rationnel<\/strong><strong>t<\/strong><\/p>\n<ul>\n<li>Temp\u00e9rature de fonctionnement : -20\u00b0C ~ +60\u00b0C<\/li>\n<li>Temp\u00e9rature de stockage : -40\u00b0C ~+80 \u00b0C<\/li>\n<li>Humilit\u00e9 de fonctionnement : 40\u00b0C 15% ~ 95%RH (\u00e0 l'abri de la ros\u00e9e)<\/li>\n<li>Humilit\u00e9 de stockage : 50\u00b0C 5% ~ 95%RH<\/li>\n<\/ul>","protected":false},"excerpt":{"rendered":"<p>Le terminal mobile EMP5211 facilite les paiements \u00e9lectroniques dans les bus, les trains et les autres syst\u00e8mes de transport public. C'est l'approche am\u00e9lior\u00e9e pour des paiements rapides  <\/p>","protected":false},"featured_media":11219,"template":"","meta":{"_EventAllDay":false,"_EventTimezone":"","_EventStartDate":"","_EventEndDate":"","_EventStartDateUTC":"","_EventEndDateUTC":"","_EventShowMap":false,"_EventShowMapLink":false,"_EventURL":"","_EventCost":"","_EventCostDescription":"","_EventCurrencySymbol":"","_EventCurrencyCode":"","_EventCurrencyPosition":"","_EventDateTimeSeparator":"","_EventTimeRangeSeparator":"","_EventOrganizerID":[],"_EventVenueID":[],"_OrganizerEmail":"","_OrganizerPhone":"","_OrganizerWebsite":"","_VenueAddress":"","_VenueCity":"","_VenueCountry":"","_VenueProvince":"","_VenueState":"","_VenueZip":"","_VenuePhone":"","_VenueURL":"","_VenueStateProvince":"","_VenueLat":"","_VenueLng":"","_VenueShowMap":false,"_VenueShowMapLink":false},"product_brand":[],"product_cat":[134],"product_tag":[],"class_list":{"0":"post-5018","1":"product","2":"type-product","3":"status-publish","4":"has-post-thumbnail","6":"product_cat-fare-collection-mass-transit-equipment","8":"first","9":"instock","10":"shipping-taxable","11":"product-type-simple"},"jetpack_sharing_enabled":true,"_links":{"self":[{"href":"https:\/\/emperortech.us\/fr\/wp-json\/wp\/v2\/product\/5018","targetHints":{"allow":["GET"]}}],"collection":[{"href":"https:\/\/emperortech.us\/fr\/wp-json\/wp\/v2\/product"}],"about":[{"href":"https:\/\/emperortech.us\/fr\/wp-json\/wp\/v2\/types\/product"}],"wp:featuredmedia":[{"embeddable":true,"href":"https:\/\/emperortech.us\/fr\/wp-json\/wp\/v2\/media\/11219"}],"wp:attachment":[{"href":"https:\/\/emperortech.us\/fr\/wp-json\/wp\/v2\/media?parent=5018"}],"wp:term":[{"taxonomy":"product_brand","embeddable":true,"href":"https:\/\/emperortech.us\/fr\/wp-json\/wp\/v2\/product_brand?post=5018"},{"taxonomy":"product_cat","embeddable":true,"href":"https:\/\/emperortech.us\/fr\/wp-json\/wp\/v2\/product_cat?post=5018"},{"taxonomy":"product_tag","embeddable":true,"href":"https:\/\/emperortech.us\/fr\/wp-json\/wp\/v2\/product_tag?post=5018"}],"curies":[{"name":"wp","href":"https:\/\/api.w.org\/{rel}","templated":true}]}}